{"id":737907,"date":"2025-08-27T23:38:34","date_gmt":"2025-08-27T20:38:34","guid":{"rendered":"https:\/\/roveyayinevi.com.tr\/index.php\/urun\/stella-terra\/"},"modified":"2026-04-16T02:47:43","modified_gmt":"2026-04-15T23:47:43","slug":"stella-terra","status":"publish","type":"product","link":"https:\/\/roveyayinevi.com.tr\/index.php\/urun\/stella-terra\/","title":{"rendered":"Stella Terra"},"content":{"rendered":"<p>\u201c&#8230;ve i\u015fte insanlar bu \u015fekilde &#8216;Tanr\u0131salla\u015f\u0131yor.&#8217;\u015eimdi beni anl\u0131yor musun?\u201dTeknoloji, internet ve sosyal medya sayesinde e\u015fi benzeri tarih boyunca g\u00f6r\u00fclmemi\u015f bir veri ak\u0131\u015f\u0131 ya\u015famaktay\u0131z. Tanr\u0131 bir\u00e7ok dinde ve inanca g\u00f6re \u201cyarat\u0131c\u0131\u201dd\u0131r. Lakin sosyal medya ve ileti\u015fim ara\u00e7lar\u0131n\u0131n yayg\u0131nla\u015fmas\u0131 sayesinde herkes bir \u015feyler &#8216;yarat\u0131r&#8217; h\u00e2le geldi: Dijital i\u00e7erik. Teknoloji ve ileti\u015fim ara\u00e7lar\u0131na kutsal bir varl\u0131k hatta Tanr\u0131 muamelesi yap\u0131ld\u0131. Sonsuz \u201cyaratma\u201d d\u00f6ng\u00fcs\u00fc, insanlarda Tanr\u0131 kompleksine sebep oldu. \u00c7\u00fcnk\u00fc \u00fcrettikleri \u015feylerin merkezinde, bu sonsuz internet \u00e2leminin i\u00e7inde \u201cben\u201d -yani kendileri- var. Art\u0131k teknoloji insanlar i\u00e7in de\u011fil, insanlar teknoloji i\u00e7in var.Son yakla\u015f\u0131yor&#8230;Teknolojinin yanl\u0131\u015f kullan\u0131m\u0131, \u00e7\u00f6ken ekonomi ve ahlak sisteminin ortas\u0131nda bir idealar b\u00fct\u00fcn\u00fc y\u00fckseliyor: Stella Terra. Stella Terra, bir \u00fclkenin olabilece\u011finden \u00e7ok daha fazlas\u0131. Kendisi i\u00e7in \u00fcreten ve insanlar\u0131 i\u00e7in refah seviyesini en \u00fcste ta\u015f\u0131yan, sa\u011fl\u0131k ve turizmde emsallerinden en az on y\u0131l ileride olan bir ada \u00fclkesi. Birle\u015fmi\u015f Milletler, Birle\u015fmi\u015f Milletler olmas\u0131 ger\u00e7e\u011fine dayanarak Stella Terra&#8217;ya d\u00f6rt ki\u015filik bir ara\u015ft\u0131rma ekibi g\u00f6nderir. Ekip, ziyaretini s\u00fcrd\u00fcr\u00fcrken d\u00fcnyadaki b\u00fct\u00fcn internet, a\u011f ve ileti\u015fim ara\u00e7lar\u0131 yok edilir. \u0130nterneti geri getirmek i\u00e7in Stella Terra&#8217;n\u0131n lejyonlar\u0131 sahneye \u00e7\u0131k\u0131yor: Felix, Aria, Evelyn ve Hope (yan\u0131ndan ge\u00e7erken y\u00fcz\u00fcn\u00fcz\u00fc ek\u015fitmezseniz ve her kad\u0131n gibi onu g\u00f6rmezden gelmezseniz asl\u0131nda onu \u00e7ok seversiniz.)\u201c\u015eimdiden Stella Terra&#8217;ya ho\u015f geldiniz.\u201d<\/p>\n","protected":false},"excerpt":{"rendered":"<p>\u201c&#8230;ve i\u015fte insanlar bu \u015fekilde &#8216;Tanr\u0131salla\u015f\u0131yor.&#8217;\u015eimdi beni anl\u0131yor musun?\u201dTeknoloji, internet ve sosyal medya sayesinde e\u015fi benzeri tarih boyunca g\u00f6r\u00fclmemi\u015f bir veri ak\u0131\u015f\u0131 ya\u015famaktay\u0131z. Tanr\u0131 bir\u00e7ok dinde<span class=\"excerpt-hellip\"> [\u2026]<\/span><\/p>\n","protected":false},"featured_media":0,"template":"","meta":{"_monsterinsights_skip_tracking":false,"_monsterinsights_sitenote_active":false,"_monsterinsights_sitenote_note":"","_monsterinsights_sitenote_category":0},"product_brand":[],"product_cat":[12540,12291],"product_tag":[],"class_list":{"0":"post-737907","1":"product","2":"type-product","3":"status-publish","5":"product_cat-bilim-kurgu","6":"product_cat-edebiyat","7":"pa_cilt-ciltsiz","8":"pa_tur-kitap","9":"pa_yayinevi-perseus","10":"pa_yazar-umut-senol","12":"first","13":"instock","14":"sale","15":"shipping-taxable","16":"purchasable","17":"product-type-simple"},"_links":{"self":[{"href":"https:\/\/roveyayinevi.com.tr\/index.php\/wp-json\/wp\/v2\/product\/737907","targetHints":{"allow":["GET"]}}],"collection":[{"href":"https:\/\/roveyayinevi.com.tr\/index.php\/wp-json\/wp\/v2\/product"}],"about":[{"href":"https:\/\/roveyayinevi.com.tr\/index.php\/wp-json\/wp\/v2\/types\/product"}],"wp:attachment":[{"href":"https:\/\/roveyayinevi.com.tr\/index.php\/wp-json\/wp\/v2\/media?parent=737907"}],"wp:term":[{"taxonomy":"product_brand","embeddable":true,"href":"https:\/\/roveyayinevi.com.tr\/index.php\/wp-json\/wp\/v2\/product_brand?post=737907"},{"taxonomy":"product_cat","embeddable":true,"href":"https:\/\/roveyayinevi.com.tr\/index.php\/wp-json\/wp\/v2\/product_cat?post=737907"},{"taxonomy":"product_tag","embeddable":true,"href":"https:\/\/roveyayinevi.com.tr\/index.php\/wp-json\/wp\/v2\/product_tag?post=737907"}],"curies":[{"name":"wp","href":"https:\/\/api.w.org\/{rel}","templated":true}]}}