{"id":737904,"date":"2025-08-27T23:38:30","date_gmt":"2025-08-27T20:38:30","guid":{"rendered":"https:\/\/roveyayinevi.com.tr\/index.php\/urun\/sakat-goz-isikyaratan-serisi-3\/"},"modified":"2026-04-16T02:47:43","modified_gmt":"2026-04-15T23:47:43","slug":"sakat-goz-isikyaratan-serisi-3","status":"publish","type":"product","link":"https:\/\/roveyayinevi.com.tr\/index.php\/urun\/sakat-goz-isikyaratan-serisi-3\/","title":{"rendered":"Sakat G\u00f6z &#8211; I\u015f\u0131kyaratan Serisi 3"},"content":{"rendered":"<p>Her s\u0131r bir ger\u00e7ek bar\u0131nd\u0131r\u0131r\u2026   David Gemmell Legend En \u0130yi Fantastik Roman \u00d6d\u00fcl\u00fc Aday\u0131   \u201cBrent Weeks, okuru hik\u00e2yenin i\u00e7ine \u00e7eken ve bir daha da g\u00f6zlerini ka\u00e7\u0131rmas\u0131na izin vermeyen bir \u00fcsluba sahip.\u201d \u2013Robin Hobb   \u201cBrent Weeks\u2019in bu kadar iyi olmas\u0131 can\u0131m\u0131 s\u0131k\u0131yor.\u201d \u2013Peter V. Brett   Eski tanr\u0131lar uyan\u0131yordu.   K\u00f6relten Han\u00e7er\u2019in hedefi olan Gavin Guile hi\u00e7bir rengi g\u00f6remez olmu\u015f, \u00fcst\u00fcne \u00fcstl\u00fck bir korsan gemisine k\u00f6le d\u00fc\u015fm\u00fc\u015ft\u00fc. Renklerin \u00e7\u0131\u011fr\u0131ndan \u00e7\u0131kmas\u0131 an meselesiydi ve Kromerya ma\u011flup olman\u0131n e\u015fi\u011findeydi. Kromerya bir yandan kay\u0131p Prizma\u2019s\u0131n\u0131 ar\u0131yor, bir yandan da b\u00fcy\u00fcn\u00fcn dengesini korumak i\u00e7in elinden geleni yap\u0131yordu. Ancak bu felaketi \u00f6nleyebilecek tek ki\u015fi belki de Gavin Guile\u2019d\u0131. \u00d6te yandan Renk Prensi i\u015fgaline h\u0131zla devam ediyordu. Yedi satrapl\u0131ktan ikisini ele ge\u00e7irmi\u015fti. \u015eimdi de Kan Orman\u0131\u2019n\u0131n s\u0131n\u0131r\u0131na dayanm\u0131\u015ft\u0131. \u00c7aresiz kalan Andross Guile, bu i\u015fgali durdurmak i\u00e7in iki torununu kullanmaya karar vermi\u015fti: Kip ve onun psikopat \u00fcvey karde\u015fi Zymun. Bu ikili, bir sonraki Prizma olmak i\u00e7in amans\u0131z bir \u00e7eki\u015fmeye giri\u015fecekti.<\/p>\n","protected":false},"excerpt":{"rendered":"<p>Her s\u0131r bir ger\u00e7ek bar\u0131nd\u0131r\u0131r\u2026 David Gemmell Legend En \u0130yi Fantastik Roman \u00d6d\u00fcl\u00fc Aday\u0131 \u201cBrent Weeks, okuru hik\u00e2yenin i\u00e7ine \u00e7eken ve bir daha da g\u00f6zlerini ka\u00e7\u0131rmas\u0131na<span class=\"excerpt-hellip\"> [\u2026]<\/span><\/p>\n","protected":false},"featured_media":0,"template":"","meta":{"_monsterinsights_skip_tracking":false,"_monsterinsights_sitenote_active":false,"_monsterinsights_sitenote_note":"","_monsterinsights_sitenote_category":0},"product_brand":[],"product_cat":[12291,14777],"product_tag":[],"class_list":{"0":"post-737904","1":"product","2":"type-product","3":"status-publish","5":"product_cat-edebiyat","6":"product_cat-fantastik","7":"pa_cilt-ciltsiz","8":"pa_tur-kitap","9":"pa_yayinevi-ithaki-yayinlari","10":"pa_yazar-brent-weeks","12":"first","13":"instock","14":"sale","15":"shipping-taxable","16":"purchasable","17":"product-type-simple"},"_links":{"self":[{"href":"https:\/\/roveyayinevi.com.tr\/index.php\/wp-json\/wp\/v2\/product\/737904","targetHints":{"allow":["GET"]}}],"collection":[{"href":"https:\/\/roveyayinevi.com.tr\/index.php\/wp-json\/wp\/v2\/product"}],"about":[{"href":"https:\/\/roveyayinevi.com.tr\/index.php\/wp-json\/wp\/v2\/types\/product"}],"wp:attachment":[{"href":"https:\/\/roveyayinevi.com.tr\/index.php\/wp-json\/wp\/v2\/media?parent=737904"}],"wp:term":[{"taxonomy":"product_brand","embeddable":true,"href":"https:\/\/roveyayinevi.com.tr\/index.php\/wp-json\/wp\/v2\/product_brand?post=737904"},{"taxonomy":"product_cat","embeddable":true,"href":"https:\/\/roveyayinevi.com.tr\/index.php\/wp-json\/wp\/v2\/product_cat?post=737904"},{"taxonomy":"product_tag","embeddable":true,"href":"https:\/\/roveyayinevi.com.tr\/index.php\/wp-json\/wp\/v2\/product_tag?post=737904"}],"curies":[{"name":"wp","href":"https:\/\/api.w.org\/{rel}","templated":true}]}}