{"id":737903,"date":"2025-08-27T23:38:28","date_gmt":"2025-08-27T20:38:28","guid":{"rendered":"https:\/\/roveyayinevi.com.tr\/index.php\/urun\/dunyanin-orta-yeri\/"},"modified":"2026-04-13T02:55:38","modified_gmt":"2026-04-12T23:55:38","slug":"dunyanin-orta-yeri","status":"publish","type":"product","link":"https:\/\/roveyayinevi.com.tr\/index.php\/urun\/dunyanin-orta-yeri\/","title":{"rendered":"D\u00fcnyan\u0131n Orta Yeri"},"content":{"rendered":"<p>Uzakta, denizin \u00f6tesinde, zeytin a\u011fa\u00e7lar\u0131n\u0131n, tela\u015fs\u0131z r\u00fczg\u00e2r\u0131n aras\u0131nda, da\u011flar\u0131n ve \u00e7i\u00e7ek kokular\u0131n\u0131n g\u00f6lgesinde bir k\u00f6y. Tuhaf r\u00fcyalar\u0131, t\u00fcrl\u00fc maharetleri, farkl\u0131 hik\u00e2yeleriyle kimi tan\u0131d\u0131k kimi yabanc\u0131 insanlar. Gizemli bir kaza sonucu k\u00f6ye misafir olan iki adam ve suyun yata\u011f\u0131nda usulca ak\u0131\u015f\u0131na benzeyen yolculuklar\u0131.    2010 Orhan Kemal \u00d6yk\u00fc \u00d6d\u00fcl\u00fc sahibi Aysun Kara, bu sefer D\u00fcnyan\u0131n Orta Yeri isimli roman\u0131yla bulu\u015fuyor okurla. S\u0131rt\u0131n\u0131 tek bir hik\u00e2yeye yaslamak yerine, bizi farkl\u0131 insanlar\u0131n d\u00fcnyalar\u0131na d\u00e2hil ederek bir b\u00fct\u00fcn olu\u015fturmay\u0131 ye\u011fliyor.   \u201cKidonya\u2019da yaz s\u0131ca\u011f\u0131n\u0131n iyiden iyiye hissedildi\u011fi s\u0131radan bir \u00f6\u011fle vakti, g\u00fcne\u015fin ucu yenilmi\u015f bir lor tatl\u0131s\u0131 gibi g\u00f6r\u00fcnd\u00fc\u011f\u00fcn\u00fc ilk \u00f6nce dut a\u011fac\u0131na t\u0131rmanan \u00e7ocuklar fark etti. B\u00fcy\u00fcklerine anlatmak i\u00e7in epey dil d\u00f6kt\u00fckleri bu durum, bir s\u00fcre sonra tarlada \u00e7al\u0131\u015fanlardan kap\u0131 \u00f6nlerinde pinekleyen ihtiyarlara kadar Kidonya\u2019da kim varsa herkesin dikkatini \u00e7ekti. G\u00fcpeg\u00fcnd\u00fcz ortaya \u00e7\u0131kan u\u011fursuz g\u00f6lge b\u00fcy\u00fcyerek g\u00fcne\u015fin yar\u0131s\u0131n\u0131 kaplad\u0131\u011f\u0131nda etraf alacakaranl\u0131k olmu\u015ftu. \u015ea\u015f\u0131rt\u0131c\u0131, bir yandan da korkutucu bu durum, ya\u015f\u0131 yetenlerin bunun s\u0131radan bir g\u00fcne\u015f tutulmas\u0131 oldu\u011funu s\u00f6ylemesiyle a\u00e7\u0131kl\u0131\u011fa kavu\u015ftu. Yine de Kidonyal\u0131lar o alacakaranl\u0131k \u00f6\u011fleden sonras\u0131n\u0131 i\u015fi g\u00fcc\u00fc b\u0131rak\u0131p g\u00fcne\u015fi kaplayan karanl\u0131k daireyi, etraf\u0131ndaki y\u00fcz\u00fck bi\u00e7imindeki parlak halkay\u0131 izlemekle ge\u00e7irdiler.\u201d <\/p>\n","protected":false},"excerpt":{"rendered":"<p>Uzakta, denizin \u00f6tesinde, zeytin a\u011fa\u00e7lar\u0131n\u0131n, tela\u015fs\u0131z r\u00fczg\u00e2r\u0131n aras\u0131nda, da\u011flar\u0131n ve \u00e7i\u00e7ek kokular\u0131n\u0131n g\u00f6lgesinde bir k\u00f6y. Tuhaf r\u00fcyalar\u0131, t\u00fcrl\u00fc maharetleri, farkl\u0131 hik\u00e2yeleriyle kimi tan\u0131d\u0131k kimi yabanc\u0131 insanlar.<span class=\"excerpt-hellip\"> [\u2026]<\/span><\/p>\n","protected":false},"featured_media":0,"template":"","meta":{"_monsterinsights_skip_tracking":false,"_monsterinsights_sitenote_active":false,"_monsterinsights_sitenote_note":"","_monsterinsights_sitenote_category":0},"product_brand":[],"product_cat":[12291,12711],"product_tag":[],"class_list":{"0":"post-737903","1":"product","2":"type-product","3":"status-publish","5":"product_cat-edebiyat","6":"product_cat-roman-oyku","7":"pa_cilt-ciltsiz","8":"pa_tur-kitap","9":"pa_yayinevi-ithaki-yayinlari","10":"pa_yazar-aysun-kara","12":"first","13":"instock","14":"sale","15":"shipping-taxable","16":"purchasable","17":"product-type-simple"},"_links":{"self":[{"href":"https:\/\/roveyayinevi.com.tr\/index.php\/wp-json\/wp\/v2\/product\/737903","targetHints":{"allow":["GET"]}}],"collection":[{"href":"https:\/\/roveyayinevi.com.tr\/index.php\/wp-json\/wp\/v2\/product"}],"about":[{"href":"https:\/\/roveyayinevi.com.tr\/index.php\/wp-json\/wp\/v2\/types\/product"}],"wp:attachment":[{"href":"https:\/\/roveyayinevi.com.tr\/index.php\/wp-json\/wp\/v2\/media?parent=737903"}],"wp:term":[{"taxonomy":"product_brand","embeddable":true,"href":"https:\/\/roveyayinevi.com.tr\/index.php\/wp-json\/wp\/v2\/product_brand?post=737903"},{"taxonomy":"product_cat","embeddable":true,"href":"https:\/\/roveyayinevi.com.tr\/index.php\/wp-json\/wp\/v2\/product_cat?post=737903"},{"taxonomy":"product_tag","embeddable":true,"href":"https:\/\/roveyayinevi.com.tr\/index.php\/wp-json\/wp\/v2\/product_tag?post=737903"}],"curies":[{"name":"wp","href":"https:\/\/api.w.org\/{rel}","templated":true}]}}