{"id":737899,"date":"2025-08-27T23:38:23","date_gmt":"2025-08-27T20:38:23","guid":{"rendered":"https:\/\/roveyayinevi.com.tr\/index.php\/urun\/saturn-evleri-3-cilt\/"},"modified":"2026-04-16T02:47:43","modified_gmt":"2026-04-15T23:47:43","slug":"saturn-evleri-3-cilt","status":"publish","type":"product","link":"https:\/\/roveyayinevi.com.tr\/index.php\/urun\/saturn-evleri-3-cilt\/","title":{"rendered":"Sat\u00fcrn Evleri 3. Cilt"},"content":{"rendered":"<p>D\u00fcnya koruma alan\u0131 ilan edilmi\u015f ve terk edilmi\u015fti. \u0130nsanlar art\u0131k 35 kilometre yukar\u0131da, halka \u015feklinde in\u015fa edilmi\u015f bir yap\u0131da ya\u015f\u0131yordu.   Mitsu \u00e7al\u0131\u015f\u0131rken kendisi gibi \u201cyaln\u0131z\u201d ya\u015fayan bir kad\u0131nla tan\u0131\u015fm\u0131\u015ft\u0131 ve insanlara inanmaktan korkan bu kad\u0131n i\u00e7in elinden geleni yapmaya kararl\u0131yd\u0131. <\/p>\n","protected":false},"excerpt":{"rendered":"<p>D\u00fcnya koruma alan\u0131 ilan edilmi\u015f ve terk edilmi\u015fti. \u0130nsanlar art\u0131k 35 kilometre yukar\u0131da, halka \u015feklinde in\u015fa edilmi\u015f bir yap\u0131da ya\u015f\u0131yordu. Mitsu \u00e7al\u0131\u015f\u0131rken kendisi gibi \u201cyaln\u0131z\u201d ya\u015fayan<span class=\"excerpt-hellip\"> [\u2026]<\/span><\/p>\n","protected":false},"featured_media":0,"template":"","meta":{"_monsterinsights_skip_tracking":false,"_monsterinsights_sitenote_active":false,"_monsterinsights_sitenote_note":"","_monsterinsights_sitenote_category":0},"product_brand":[],"product_cat":[12416,12291],"product_tag":[],"class_list":{"0":"post-737899","1":"product","2":"type-product","3":"status-publish","5":"product_cat-cizgi-roman","6":"product_cat-edebiyat","7":"pa_cilt-ciltsiz","8":"pa_tur-kitap","9":"pa_yayinevi-ithaki-yayinlari","10":"pa_yazar-hisae-ivaoka","12":"first","13":"instock","14":"sale","15":"shipping-taxable","16":"purchasable","17":"product-type-simple"},"_links":{"self":[{"href":"https:\/\/roveyayinevi.com.tr\/index.php\/wp-json\/wp\/v2\/product\/737899","targetHints":{"allow":["GET"]}}],"collection":[{"href":"https:\/\/roveyayinevi.com.tr\/index.php\/wp-json\/wp\/v2\/product"}],"about":[{"href":"https:\/\/roveyayinevi.com.tr\/index.php\/wp-json\/wp\/v2\/types\/product"}],"wp:attachment":[{"href":"https:\/\/roveyayinevi.com.tr\/index.php\/wp-json\/wp\/v2\/media?parent=737899"}],"wp:term":[{"taxonomy":"product_brand","embeddable":true,"href":"https:\/\/roveyayinevi.com.tr\/index.php\/wp-json\/wp\/v2\/product_brand?post=737899"},{"taxonomy":"product_cat","embeddable":true,"href":"https:\/\/roveyayinevi.com.tr\/index.php\/wp-json\/wp\/v2\/product_cat?post=737899"},{"taxonomy":"product_tag","embeddable":true,"href":"https:\/\/roveyayinevi.com.tr\/index.php\/wp-json\/wp\/v2\/product_tag?post=737899"}],"curies":[{"name":"wp","href":"https:\/\/api.w.org\/{rel}","templated":true}]}}