{"id":737898,"date":"2025-08-27T23:38:22","date_gmt":"2025-08-27T20:38:22","guid":{"rendered":"https:\/\/roveyayinevi.com.tr\/index.php\/urun\/tahtin-kopegi\/"},"modified":"2026-04-16T02:47:43","modified_gmt":"2026-04-15T23:47:43","slug":"tahtin-kopegi","status":"publish","type":"product","link":"https:\/\/roveyayinevi.com.tr\/index.php\/urun\/tahtin-kopegi\/","title":{"rendered":"Taht\u0131n K\u00f6pe\u011fi"},"content":{"rendered":"<p>Azap dolu ge\u00e7mi\u015fi olan bir b\u00fcy\u00fcc\u00fc Kan ba\u011f\u0131ndan daha derin dostluklar Hazine av\u0131yla ge\u00e7ecek bir yaz   Jax Wendyll ge\u00e7mi\u015fini unutmay\u0131 tercih ederdi. Ancak a\u011fza al\u0131nmayacak su\u00e7lar\u0131n\u0131n cezas\u0131 olarak \u00f6m\u00fcr boyu tahta hizmet etmeye mahk\u00fbm edilmi\u015fti. Bundan sonra tek g\u00f6revi, Solaris \u0130mparatorlu\u011fu\u2019nun u\u00e7ar\u0131 k\u00fc\u00e7\u00fck prensi Baldair\u2019e hayat\u0131n\u0131 adamakt\u0131.   Bat\u0131\u2019n\u0131n \u00f6nde gelen soylular\u0131ndan Erion da kraliyet ailesiyle ili\u015fkilerini ilerletme ve arkada\u015flar\u0131yla sakin bir yaz ge\u00e7irme arzusuyla saraya gelmi\u015fti. Ancak Jax o g\u00fcne dek ya\u015fam\u0131\u015f en naml\u0131 korsanlardan Adela\u2019n\u0131n gizli odas\u0131n\u0131 tesad\u00fcfen ke\u015ffedince, Prens Baldair bu macera f\u0131rsat\u0131na bal\u0131klama atlayacakt\u0131.   Her k\u00f6\u015fe ba\u015f\u0131nda yeni bir gizemin belirdi\u011fi Oparium\u2019da onlar\u0131 lanetler, cinayetler ve hayaletler bekliyordu.   \u201cElise Kova yine en iyi yapt\u0131\u011f\u0131 \u015feyi yapm\u0131\u015f. Okuru daha ilk c\u00fcmleden hik\u00e2yenin i\u00e7ine \u00e7ekerek ger\u00e7ek d\u00fcnyay\u0131 tamamen unutmaya zorluyor.\u201d \u2014The Bookish Crypt   \u201cMerak uyand\u0131r\u0131c\u0131 yeni unsurlar ve a\u015fina oldu\u011fumuz karakterlerin m\u00fckemmel birle\u015fimiyle Taht\u0131n K\u00f6pe\u011fi okurlara hem nostaljik hem de heyecan dolu bir deneyim sunuyor.\u201d \u201421st Century Once Upon a Times   \u201cTaht\u0131n K\u00f6pe\u011fi seve seve t\u00fcm g\u00fcn\u00fcm\u00fc verdi\u011fim bir kitap oldu. Onunla beraber yedim, \u00e7al\u0131\u015ft\u0131m, hatta uyudum bile \u2013 s\u00fcr\u00fckleyici hik\u00e2yesi elimden bir an i\u00e7in bile b\u0131rakamayaca\u011f\u0131m kadar iyiydi.\u201d \u2014In Libris Veritas   \u201cBir seri kalbinizi \u00e7ald\u0131\u011f\u0131 zaman, o d\u00fcnyay\u0131 daha \u00e7ok ke\u015ffetmek istiyorsunuz \u2013 Alt\u0131n Muhaf\u0131zlar serisi de okurlara bunu sunuyor!\u201d \u2014Milky Way of Books <\/p>\n","protected":false},"excerpt":{"rendered":"<p>Azap dolu ge\u00e7mi\u015fi olan bir b\u00fcy\u00fcc\u00fc Kan ba\u011f\u0131ndan daha derin dostluklar Hazine av\u0131yla ge\u00e7ecek bir yaz Jax Wendyll ge\u00e7mi\u015fini unutmay\u0131 tercih ederdi. Ancak a\u011fza al\u0131nmayacak su\u00e7lar\u0131n\u0131n<span class=\"excerpt-hellip\"> [\u2026]<\/span><\/p>\n","protected":false},"featured_media":0,"template":"","meta":{"_monsterinsights_skip_tracking":false,"_monsterinsights_sitenote_active":false,"_monsterinsights_sitenote_note":"","_monsterinsights_sitenote_category":0},"product_brand":[],"product_cat":[12291,14777],"product_tag":[],"class_list":{"0":"post-737898","1":"product","2":"type-product","3":"status-publish","5":"product_cat-edebiyat","6":"product_cat-fantastik","7":"pa_cilt-ciltsiz","8":"pa_tur-kitap","9":"pa_yayinevi-yabanci-yayinevi","10":"pa_yazar-elise-kova","12":"first","13":"instock","14":"sale","15":"shipping-taxable","16":"purchasable","17":"product-type-simple"},"_links":{"self":[{"href":"https:\/\/roveyayinevi.com.tr\/index.php\/wp-json\/wp\/v2\/product\/737898","targetHints":{"allow":["GET"]}}],"collection":[{"href":"https:\/\/roveyayinevi.com.tr\/index.php\/wp-json\/wp\/v2\/product"}],"about":[{"href":"https:\/\/roveyayinevi.com.tr\/index.php\/wp-json\/wp\/v2\/types\/product"}],"wp:attachment":[{"href":"https:\/\/roveyayinevi.com.tr\/index.php\/wp-json\/wp\/v2\/media?parent=737898"}],"wp:term":[{"taxonomy":"product_brand","embeddable":true,"href":"https:\/\/roveyayinevi.com.tr\/index.php\/wp-json\/wp\/v2\/product_brand?post=737898"},{"taxonomy":"product_cat","embeddable":true,"href":"https:\/\/roveyayinevi.com.tr\/index.php\/wp-json\/wp\/v2\/product_cat?post=737898"},{"taxonomy":"product_tag","embeddable":true,"href":"https:\/\/roveyayinevi.com.tr\/index.php\/wp-json\/wp\/v2\/product_tag?post=737898"}],"curies":[{"name":"wp","href":"https:\/\/api.w.org\/{rel}","templated":true}]}}