{"id":737897,"date":"2025-08-27T23:38:21","date_gmt":"2025-08-27T20:38:21","guid":{"rendered":"https:\/\/roveyayinevi.com.tr\/index.php\/urun\/kaynananin-ontolojisi\/"},"modified":"2026-04-16T02:47:43","modified_gmt":"2026-04-15T23:47:43","slug":"kaynananin-ontolojisi","status":"publish","type":"product","link":"https:\/\/roveyayinevi.com.tr\/index.php\/urun\/kaynananin-ontolojisi\/","title":{"rendered":"Kaynanan\u0131n Ontolojisi"},"content":{"rendered":"<p>Peki, siyasetin mecaz-\u0131 m\u00fcrseli olan aile dedi\u011fimiz m\u00fcessesede, babadan ba\u015fka bir \u015eeytan, babadan ba\u015fka bir iktidar yok mu?\u201cHukuk babaysa, ve onun ihtiva etti\u011fi c\u00fcz\u00ee yasalar\u0131n tahakkukunu m\u00fcmk\u00fcn k\u0131lan c\u00fcz\u00ee istisnalar\u0131 da kad\u0131nsa, hukuku b\u00fcsb\u00fct\u00fcn ask\u0131ya alan di\u015fil istisna durumuna da basit\u00e7e kad\u0131n durumu diyemeyece\u011fimiz a\u00e7\u0131kt\u0131r. Hukukla hukuksuzlu\u011fun, baba ile annenin, kad\u0131n ile erke\u011fin \u00fcst \u00fcste bindi\u011fi bu s\u00fcperpoze kendili\u011fe, bu trans(andantal) kimli\u011fe ba\u015fka bir isim vermemiz ya da zaten verilmi\u015f ismi tespit etmemiz gerekmez mi?Evet. Art\u0131k kadim gelinlerin g\u00f6zya\u015flar\u0131n\u0131n kayna\u011f\u0131 olan o m\u00e2hut \u2018Nemrut Kaynana\u2019dan s\u00f6z ediyoruz. Bu kaynana hem evin babas\u0131na h\u00fckmeder hem de evin annesine ve \u00e7ocuklar\u0131na. Hem evin siyasetine hakimdir hem de evin k\u00fclt\u00fcr\u00fcne. Ama do\u011frudan ne baban\u0131n standart siyas\u00ee iktidar ara\u00e7lar\u0131n\u0131 kullan\u0131r ne de annenin k\u00fclt\u00fcrel iktidar ara\u00e7lar\u0131n\u0131. Hep dolayl\u0131 olarak, hep sanki alakas\u0131 yokmu\u015f gibi yaparak baban\u0131n ve annenin iktidar alanlar\u0131na n\u00fcfuz eder. Bu y\u00fczden ne baba ne de anne olan, ne erkek ne de kad\u0131n olan; olsa olsa annenin babaya paradoksal bir \u015fekilde ink\u0131lap etmesine tesad\u00fcf eden bu pek maskeli trans kimlik, erkek ve kad\u0131n iktidarlar\u0131ndan \u00f6zerk bir \u015fekilde tahlil edilmeyi dibine kadar hakketmektedir.\u201dSuheyb \u00d6\u011f\u00fct, Kaynanan\u0131n Ontolojisi\u2019nde m\u00fczik, sinema ve pop\u00fcler k\u00fclt\u00fcr\u00fcn di\u011fer unsurlar\u0131n\u0131 da kullanarak sosyok\u00fclt\u00fcrel, felsef\u00ee ve sosyolojik bak\u0131mdan farkl\u0131 bir T\u00fcrkiye siyas\u00ee portresi \u00e7iziyor. <\/p>\n","protected":false},"excerpt":{"rendered":"<p>Peki, siyasetin mecaz-\u0131 m\u00fcrseli olan aile dedi\u011fimiz m\u00fcessesede, babadan ba\u015fka bir \u015eeytan, babadan ba\u015fka bir iktidar yok mu?\u201cHukuk babaysa, ve onun ihtiva etti\u011fi c\u00fcz\u00ee yasalar\u0131n tahakkukunu<span class=\"excerpt-hellip\"> [\u2026]<\/span><\/p>\n","protected":false},"featured_media":0,"template":"","meta":{"_monsterinsights_skip_tracking":false,"_monsterinsights_sitenote_active":false,"_monsterinsights_sitenote_note":"","_monsterinsights_sitenote_category":0},"product_brand":[],"product_cat":[13590,12337],"product_tag":[],"class_list":{"0":"post-737897","1":"product","2":"type-product","3":"status-publish","5":"product_cat-arastirma-inceleme-politika-siyaset","6":"product_cat-politika-siyaset","7":"pa_cilt-ciltsiz","8":"pa_tur-kitap","9":"pa_yayinevi-turkuvaz-kitap","10":"pa_yazar-suheyb-ogut","12":"first","13":"instock","14":"sale","15":"shipping-taxable","16":"purchasable","17":"product-type-simple"},"_links":{"self":[{"href":"https:\/\/roveyayinevi.com.tr\/index.php\/wp-json\/wp\/v2\/product\/737897","targetHints":{"allow":["GET"]}}],"collection":[{"href":"https:\/\/roveyayinevi.com.tr\/index.php\/wp-json\/wp\/v2\/product"}],"about":[{"href":"https:\/\/roveyayinevi.com.tr\/index.php\/wp-json\/wp\/v2\/types\/product"}],"wp:attachment":[{"href":"https:\/\/roveyayinevi.com.tr\/index.php\/wp-json\/wp\/v2\/media?parent=737897"}],"wp:term":[{"taxonomy":"product_brand","embeddable":true,"href":"https:\/\/roveyayinevi.com.tr\/index.php\/wp-json\/wp\/v2\/product_brand?post=737897"},{"taxonomy":"product_cat","embeddable":true,"href":"https:\/\/roveyayinevi.com.tr\/index.php\/wp-json\/wp\/v2\/product_cat?post=737897"},{"taxonomy":"product_tag","embeddable":true,"href":"https:\/\/roveyayinevi.com.tr\/index.php\/wp-json\/wp\/v2\/product_tag?post=737897"}],"curies":[{"name":"wp","href":"https:\/\/api.w.org\/{rel}","templated":true}]}}