{"id":737895,"date":"2025-08-27T23:38:18","date_gmt":"2025-08-27T20:38:18","guid":{"rendered":"https:\/\/roveyayinevi.com.tr\/index.php\/urun\/kovalamaca\/"},"modified":"2026-04-16T02:47:43","modified_gmt":"2026-04-15T23:47:43","slug":"kovalamaca","status":"publish","type":"product","link":"https:\/\/roveyayinevi.com.tr\/index.php\/urun\/kovalamaca\/","title":{"rendered":"Kovalamaca"},"content":{"rendered":"<p>\u201cKad\u0131n tam barda\u011f\u0131n kulpuna uzand\u0131\u011f\u0131 s\u0131rada kekeleyerek: \u201c\u0130hbar m\u0131, ne ihbar\u0131?\u201d dedi. \u00c7ok k\u00f6t\u00fc bir \u015fey yapm\u0131\u015f gibi tedirgin bir y\u00fcz ifadesiyle g\u00f6zlerini sa\u011fa sola ka\u00e7\u0131rd\u0131. \u00c7ocuk gibi masum bir ses tonuyla: \u201cBen onu ihbar etmedim ki Hasan bizzat kendisi polisi aramam\u0131 istedi.\u201d Amir bu s\u00f6zleri duyunca g\u00f6z kapaklar\u0131 iyice a\u00e7\u0131ld\u0131 ve bardak havada \u015fa\u015fk\u0131n \u015fekilde kad\u0131na bakakald\u0131. Amir belli etmemeye \u00e7al\u0131\u015ft\u0131 ancak i\u00e7i  biraz \u00fcrpermi\u015fti. Kad\u0131n ise amirin havada kalm\u0131\u015f elinden barda\u011f\u0131 al\u0131p amirin \u015fa\u015fk\u0131n g\u00f6zlerinden bihaber, suyu yudum yudum i\u00e7meye ba\u015flad\u0131\u201d &#8230;   Tren istasyonunda ba\u015flay\u0131p, Mert&#8217;in hayat\u0131n\u0131 bir anda alt\u00fcst eden bir kovalamacaya dahil olmaya ne dersiniz? Gen\u00e7 polis Mert, yeni atand\u0131\u011f\u0131 b\u00f6l\u00fcmde kariyerini zirveye ta\u015f\u0131yacak o operasyonun i\u00e7indeydi, T\u00fcrkiye&#8217;nin en az\u0131l\u0131 katillerinden birini yakalayacak ve hayalini kurdu\u011fu hayata merhaba diyecekti. Kovalamaca devam ederken polis merkezinin \u00f6n\u00fcnde beliren kad\u0131n\u0131n verece\u011fi bilgi ve kaset kayd\u0131 operasyon ile ilgili olabilir miydi?   Kovalamaca devam ederken heyecanla bir sonraki hamleyi bekleyecek, operasyonun sonunu getirmek i\u00e7in elinizden b\u0131rakmadan sayfalar\u0131 \u00e7evirmek isteyeceksiniz&#8230;<\/p>\n","protected":false},"excerpt":{"rendered":"<p>\u201cKad\u0131n tam barda\u011f\u0131n kulpuna uzand\u0131\u011f\u0131 s\u0131rada kekeleyerek: \u201c\u0130hbar m\u0131, ne ihbar\u0131?\u201d dedi. \u00c7ok k\u00f6t\u00fc bir \u015fey yapm\u0131\u015f gibi tedirgin bir y\u00fcz ifadesiyle g\u00f6zlerini sa\u011fa sola ka\u00e7\u0131rd\u0131.<span class=\"excerpt-hellip\"> [\u2026]<\/span><\/p>\n","protected":false},"featured_media":0,"template":"","meta":{"_monsterinsights_skip_tracking":false,"_monsterinsights_sitenote_active":false,"_monsterinsights_sitenote_note":"","_monsterinsights_sitenote_category":0},"product_brand":[],"product_cat":[12291,12711],"product_tag":[],"class_list":{"0":"post-737895","1":"product","2":"type-product","3":"status-publish","5":"product_cat-edebiyat","6":"product_cat-roman-oyku","7":"pa_cilt-ciltsiz","8":"pa_tur-kitap","9":"pa_yayinevi-elpis-yayinlari","10":"pa_yazar-hakan-tansel-guner","12":"first","13":"instock","14":"sale","15":"shipping-taxable","16":"purchasable","17":"product-type-simple"},"_links":{"self":[{"href":"https:\/\/roveyayinevi.com.tr\/index.php\/wp-json\/wp\/v2\/product\/737895","targetHints":{"allow":["GET"]}}],"collection":[{"href":"https:\/\/roveyayinevi.com.tr\/index.php\/wp-json\/wp\/v2\/product"}],"about":[{"href":"https:\/\/roveyayinevi.com.tr\/index.php\/wp-json\/wp\/v2\/types\/product"}],"wp:attachment":[{"href":"https:\/\/roveyayinevi.com.tr\/index.php\/wp-json\/wp\/v2\/media?parent=737895"}],"wp:term":[{"taxonomy":"product_brand","embeddable":true,"href":"https:\/\/roveyayinevi.com.tr\/index.php\/wp-json\/wp\/v2\/product_brand?post=737895"},{"taxonomy":"product_cat","embeddable":true,"href":"https:\/\/roveyayinevi.com.tr\/index.php\/wp-json\/wp\/v2\/product_cat?post=737895"},{"taxonomy":"product_tag","embeddable":true,"href":"https:\/\/roveyayinevi.com.tr\/index.php\/wp-json\/wp\/v2\/product_tag?post=737895"}],"curies":[{"name":"wp","href":"https:\/\/api.w.org\/{rel}","templated":true}]}}