{"id":737894,"date":"2025-08-27T23:38:17","date_gmt":"2025-08-27T20:38:17","guid":{"rendered":"https:\/\/roveyayinevi.com.tr\/index.php\/urun\/ogretmenim-bay-einstein\/"},"modified":"2026-04-16T02:47:42","modified_gmt":"2026-04-15T23:47:42","slug":"ogretmenim-bay-einstein","status":"publish","type":"product","link":"https:\/\/roveyayinevi.com.tr\/index.php\/urun\/ogretmenim-bay-einstein\/","title":{"rendered":"\u00d6\u011fretmenim Bay Einstein"},"content":{"rendered":"<p>Okulda fen dersinde sordu\u011fu sorular Ray\u2019in ba\u015f\u0131na s\u00fcrekli dert a\u00e7\u0131yordu. Bir g\u00fcn yine dersi b\u00f6ld\u00fc\u011f\u00fc i\u00e7in \u00f6\u011fretmeni onu s\u0131n\u0131ftan \u00e7\u0131kard\u0131\u011f\u0131nda, bu kez ba\u015f\u0131n\u0131n belaya girece\u011fi kesindi. Bu y\u00fczden eve hemen d\u00f6nmek istemedi, her zaman ilgiyle izledi\u011fi saat kulesinin \u00f6n\u00fcnde oyalan\u0131rken ilgin\u00e7 bir adamla kar\u015f\u0131la\u015ft\u0131. G\u00f6zleri kapal\u0131 halde kendi kendine konu\u015fan, da\u011f\u0131n\u0131k beyaz sa\u00e7l\u0131 bu adam da kimdi? Kom\u015fum Bay Tesla kitab\u0131n\u0131n yazar\u0131 Nur Muslu Tiftikci, bu kez bizi de\u011ferli bilim insan\u0131 Albert Einstein\u2019\u0131n ba\u015frolde oldu\u011fu, unutulmaz bir maceraya davet ediyor. Benzersiz d\u00fc\u015f\u00fcnce deneyleri, \u00e7\u0131\u011f\u0131r a\u00e7an bulu\u015flar, tehlikeli insanlardan korunmas\u0131 gereken gizli bir form\u00fcl, yeni kurulan dostluklar, sonsuz bir merak duygusu ve hayal g\u00fcc\u00fcyle dolu bu heyecanl\u0131 ser\u00fcvene siz de kat\u0131l\u0131n! <\/p>\n","protected":false},"excerpt":{"rendered":"<p>Okulda fen dersinde sordu\u011fu sorular Ray\u2019in ba\u015f\u0131na s\u00fcrekli dert a\u00e7\u0131yordu. Bir g\u00fcn yine dersi b\u00f6ld\u00fc\u011f\u00fc i\u00e7in \u00f6\u011fretmeni onu s\u0131n\u0131ftan \u00e7\u0131kard\u0131\u011f\u0131nda, bu kez ba\u015f\u0131n\u0131n belaya girece\u011fi kesindi.<span class=\"excerpt-hellip\"> [\u2026]<\/span><\/p>\n","protected":false},"featured_media":0,"template":"","meta":{"_monsterinsights_skip_tracking":false,"_monsterinsights_sitenote_active":false,"_monsterinsights_sitenote_note":"","_monsterinsights_sitenote_category":0},"product_brand":[],"product_cat":[12275,12274],"product_tag":[],"class_list":{"0":"post-737894","1":"product","2":"type-product","3":"status-publish","5":"product_cat-6-12-yas-kitaplari","6":"product_cat-cocuk-ve-genclik-kitaplari","7":"pa_cilt-ciltsiz","8":"pa_tur-kitap","9":"pa_yayinevi-ithaki-yayinlari","10":"pa_yazar-nur-muslu-tiftikci","12":"first","13":"instock","14":"sale","15":"shipping-taxable","16":"purchasable","17":"product-type-simple"},"_links":{"self":[{"href":"https:\/\/roveyayinevi.com.tr\/index.php\/wp-json\/wp\/v2\/product\/737894","targetHints":{"allow":["GET"]}}],"collection":[{"href":"https:\/\/roveyayinevi.com.tr\/index.php\/wp-json\/wp\/v2\/product"}],"about":[{"href":"https:\/\/roveyayinevi.com.tr\/index.php\/wp-json\/wp\/v2\/types\/product"}],"wp:attachment":[{"href":"https:\/\/roveyayinevi.com.tr\/index.php\/wp-json\/wp\/v2\/media?parent=737894"}],"wp:term":[{"taxonomy":"product_brand","embeddable":true,"href":"https:\/\/roveyayinevi.com.tr\/index.php\/wp-json\/wp\/v2\/product_brand?post=737894"},{"taxonomy":"product_cat","embeddable":true,"href":"https:\/\/roveyayinevi.com.tr\/index.php\/wp-json\/wp\/v2\/product_cat?post=737894"},{"taxonomy":"product_tag","embeddable":true,"href":"https:\/\/roveyayinevi.com.tr\/index.php\/wp-json\/wp\/v2\/product_tag?post=737894"}],"curies":[{"name":"wp","href":"https:\/\/api.w.org\/{rel}","templated":true}]}}