{"id":737891,"date":"2025-08-27T23:38:14","date_gmt":"2025-08-27T20:38:14","guid":{"rendered":"https:\/\/roveyayinevi.com.tr\/index.php\/urun\/ailede-mutluluk-icin-oneriler\/"},"modified":"2026-04-16T02:47:42","modified_gmt":"2026-04-15T23:47:42","slug":"ailede-mutluluk-icin-oneriler","status":"publish","type":"product","link":"https:\/\/roveyayinevi.com.tr\/index.php\/urun\/ailede-mutluluk-icin-oneriler\/","title":{"rendered":"Ailede Mutluluk \u0130\u00e7in \u00d6neriler"},"content":{"rendered":"<p>Aile kurumu, Hz. Adem\u2019den bug\u00fcne \u0130slam binas\u0131n\u0131n temellerini te\u015fkil eden \u00e7ok \u00f6nemli bir m\u00fcessesedir. Aile bir okuldur. Peygamberimizin, \u201cM\u00fcsl\u00fcman, aile ve nik\u00e2hla dininin yar\u0131s\u0131n\u0131 tamamlar.\u201d \u015feklinde ifade eti\u011fi aile; ruh\u00ee-beden\u00ee y\u00f6n\u00fcyle ki\u015fiyi teskin eden, huzur ve mutluluk veren bir mekteptir. Kutsal bir emanet ve mutluluk kap\u0131s\u0131 olan aile, bizlere b\u00fcy\u00fck bir nimet olarak sunulmu\u015f ve bizden sonraki nesillere ayn\u0131 sa\u011flaml\u0131kla teslim edilmek \u00fczere emanet edilmi\u015ftir. Bu emaneti koruyup kollamak, ailede huzuru tesis etmek bizim asl\u00ee g\u00f6revlerimizdendir. Bug\u00fcn aileyi bir gemiye benzetilirsek, maalesef aile gemisi i\u00e7erden ve d\u0131\u015fardan \u00e7ok b\u00fcy\u00fck tehdit alt\u0131ndad\u0131r. Hem de tarihinde hi\u00e7 g\u00f6r\u00fclmedi\u011fi kadar b\u00fcy\u00fck bir tehdit\u2026 Ailede huzursuzluk \u00e7o\u011fal\u0131yor, sevgisizlik art\u0131yor. Aileyi ya\u015fatman\u0131n yolu nedir? Hangi \u00e7\u00f6z\u00fcmler bizi yeniden mutlu bir aileye kavu\u015fturur? Aileyi temelden sarsan \u015feyleri nas\u0131l bertaraf edebiliriz? Bu sorular\u0131n cevab\u0131n\u0131 hep beraber bulmaya var m\u0131s\u0131n\u0131z? <\/p>\n","protected":false},"excerpt":{"rendered":"<p>Aile kurumu, Hz. Adem\u2019den bug\u00fcne \u0130slam binas\u0131n\u0131n temellerini te\u015fkil eden \u00e7ok \u00f6nemli bir m\u00fcessesedir. Aile bir okuldur. Peygamberimizin, \u201cM\u00fcsl\u00fcman, aile ve nik\u00e2hla dininin yar\u0131s\u0131n\u0131 tamamlar.\u201d \u015feklinde<span class=\"excerpt-hellip\"> [\u2026]<\/span><\/p>\n","protected":false},"featured_media":0,"template":"","meta":{"_monsterinsights_skip_tracking":false,"_monsterinsights_sitenote_active":false,"_monsterinsights_sitenote_note":"","_monsterinsights_sitenote_category":0},"product_brand":[],"product_cat":[12364,12376],"product_tag":[],"class_list":{"0":"post-737891","1":"product","2":"type-product","3":"status-publish","5":"product_cat-genel-konular","6":"product_cat-kisisel-gelisim","7":"pa_cilt-ciltsiz","8":"pa_tur-kitap","9":"pa_yayinevi-cinaralti-yayinlari","10":"pa_yazar-mehmet-mete","12":"first","13":"instock","14":"sale","15":"shipping-taxable","16":"purchasable","17":"product-type-simple"},"_links":{"self":[{"href":"https:\/\/roveyayinevi.com.tr\/index.php\/wp-json\/wp\/v2\/product\/737891","targetHints":{"allow":["GET"]}}],"collection":[{"href":"https:\/\/roveyayinevi.com.tr\/index.php\/wp-json\/wp\/v2\/product"}],"about":[{"href":"https:\/\/roveyayinevi.com.tr\/index.php\/wp-json\/wp\/v2\/types\/product"}],"wp:attachment":[{"href":"https:\/\/roveyayinevi.com.tr\/index.php\/wp-json\/wp\/v2\/media?parent=737891"}],"wp:term":[{"taxonomy":"product_brand","embeddable":true,"href":"https:\/\/roveyayinevi.com.tr\/index.php\/wp-json\/wp\/v2\/product_brand?post=737891"},{"taxonomy":"product_cat","embeddable":true,"href":"https:\/\/roveyayinevi.com.tr\/index.php\/wp-json\/wp\/v2\/product_cat?post=737891"},{"taxonomy":"product_tag","embeddable":true,"href":"https:\/\/roveyayinevi.com.tr\/index.php\/wp-json\/wp\/v2\/product_tag?post=737891"}],"curies":[{"name":"wp","href":"https:\/\/api.w.org\/{rel}","templated":true}]}}