{"id":737889,"date":"2025-08-27T23:38:12","date_gmt":"2025-08-27T20:38:12","guid":{"rendered":"https:\/\/roveyayinevi.com.tr\/index.php\/urun\/dogunun-fatihi-karabekir\/"},"modified":"2026-04-11T14:06:36","modified_gmt":"2026-04-11T11:06:36","slug":"dogunun-fatihi-karabekir","status":"publish","type":"product","link":"https:\/\/roveyayinevi.com.tr\/index.php\/urun\/dogunun-fatihi-karabekir\/","title":{"rendered":"Do\u011fu&#8217;nun Fatihi Karabekir"},"content":{"rendered":"<p>Bu roman; aziz vatan\u0131n \u00fczerindeki kara bulutlar\u0131 da\u011f\u0131t\u0131p milletimizi ayd\u0131nl\u0131k yar\u0131nlara ta\u015f\u0131yanlar\u0131n, ba\u011f\u0131ms\u0131zl\u0131k g\u00fcne\u015finin yurdumuz \u00fczerine yeniden do\u011fmas\u0131n\u0131 sa\u011flayanlar\u0131n, \u201cAlperenler, ak\u0131nc\u0131lar, kahramanlar, serdenge\u00e7tiler, yi\u011fitler nerede?\u201d denildi\u011finde, \u201cBurada!\u201d diyen destanlar\u0131 yaz\u0131lamam\u0131\u015f gizli kahramanlar\u0131n, \u015fehit \u00e7ocuklar\u0131na babal\u0131k yapan ve \u201cYetimlerin Babas\u0131\u201d olarak an\u0131lan Karabekir Pa\u015fa\u2019n\u0131n hikayesidir. Bu roman; sava\u015fta babas\u0131 \u00f6len kimsesiz Ermeni \u00e7ocuklar\u0131na da sahip \u00e7\u0131k\u0131p onlar\u0131 himaye eden Do\u011fu\u2019nun Fatihi\u2019nin, serhat boylar\u0131n\u0131 Ermeni mezaliminden kurtaran k\u0131nal\u0131 kuzular\u0131n, mazluma \u00fcmit, zalime korku veren ve parolas\u0131 \u201cYa istiklal ya \u00f6l\u00fcm!\u201d olanlar\u0131n hik\u00e2yesidir. Bu roman; tarih sayfalar\u0131nda yer bulamayan ve ders kitaplar\u0131nda iki sat\u0131rla ge\u00e7i\u015ftirilen Karabekir Pa\u015fa\u2019n\u0131n ba\u015far\u0131lar\u0131n\u0131n sadece k\u00fc\u00e7\u00fck bir k\u0131sm\u0131n\u0131 anlatmaktad\u0131r. Bu roman; \u201cVatan\u0131m\u0131z, can\u0131m\u0131z, namusumuz elden gidiyor; yok mu bir kurtaracak?\u201d denildi\u011finde kendini seve seve feda edenlerin destan\u0131d\u0131r. <\/p>\n","protected":false},"excerpt":{"rendered":"<p>Bu roman; aziz vatan\u0131n \u00fczerindeki kara bulutlar\u0131 da\u011f\u0131t\u0131p milletimizi ayd\u0131nl\u0131k yar\u0131nlara ta\u015f\u0131yanlar\u0131n, ba\u011f\u0131ms\u0131zl\u0131k g\u00fcne\u015finin yurdumuz \u00fczerine yeniden do\u011fmas\u0131n\u0131 sa\u011flayanlar\u0131n, \u201cAlperenler, ak\u0131nc\u0131lar, kahramanlar, serdenge\u00e7tiler, yi\u011fitler nerede?\u201d denildi\u011finde,<span class=\"excerpt-hellip\"> [\u2026]<\/span><\/p>\n","protected":false},"featured_media":0,"template":"","meta":{"_monsterinsights_skip_tracking":false,"_monsterinsights_sitenote_active":false,"_monsterinsights_sitenote_note":"","_monsterinsights_sitenote_category":0},"product_brand":[],"product_cat":[12291,12711],"product_tag":[],"class_list":{"0":"post-737889","1":"product","2":"type-product","3":"status-publish","5":"product_cat-edebiyat","6":"product_cat-roman-oyku","7":"pa_cilt-ciltsiz","8":"pa_tur-kitap","9":"pa_yayinevi-cinaralti-yayinlari","10":"pa_yazar-osman-azman","12":"first","13":"instock","14":"sale","15":"shipping-taxable","16":"purchasable","17":"product-type-simple"},"_links":{"self":[{"href":"https:\/\/roveyayinevi.com.tr\/index.php\/wp-json\/wp\/v2\/product\/737889","targetHints":{"allow":["GET"]}}],"collection":[{"href":"https:\/\/roveyayinevi.com.tr\/index.php\/wp-json\/wp\/v2\/product"}],"about":[{"href":"https:\/\/roveyayinevi.com.tr\/index.php\/wp-json\/wp\/v2\/types\/product"}],"wp:attachment":[{"href":"https:\/\/roveyayinevi.com.tr\/index.php\/wp-json\/wp\/v2\/media?parent=737889"}],"wp:term":[{"taxonomy":"product_brand","embeddable":true,"href":"https:\/\/roveyayinevi.com.tr\/index.php\/wp-json\/wp\/v2\/product_brand?post=737889"},{"taxonomy":"product_cat","embeddable":true,"href":"https:\/\/roveyayinevi.com.tr\/index.php\/wp-json\/wp\/v2\/product_cat?post=737889"},{"taxonomy":"product_tag","embeddable":true,"href":"https:\/\/roveyayinevi.com.tr\/index.php\/wp-json\/wp\/v2\/product_tag?post=737889"}],"curies":[{"name":"wp","href":"https:\/\/api.w.org\/{rel}","templated":true}]}}