{"id":737885,"date":"2025-08-27T23:38:07","date_gmt":"2025-08-27T20:38:07","guid":{"rendered":"https:\/\/roveyayinevi.com.tr\/index.php\/urun\/vakit-nakit-degildir\/"},"modified":"2026-04-16T02:47:42","modified_gmt":"2026-04-15T23:47:42","slug":"vakit-nakit-degildir","status":"publish","type":"product","link":"https:\/\/roveyayinevi.com.tr\/index.php\/urun\/vakit-nakit-degildir\/","title":{"rendered":"Vakit Nakit De\u011fildir"},"content":{"rendered":"<p>Zaman, g\u00fcnl\u00fck ya\u015fant\u0131m\u0131z\u0131n temelini olu\u015fturan en \u00f6nemli kavram\u2026 B\u00fct\u00fcn kaynaklar\u0131n en de\u011ferlisi zamand\u0131r. Buna ra\u011fmen en az anla\u015f\u0131lan\u0131, en yanl\u0131\u015f y\u00f6netileni, en fazla bo\u015fa harcanan\u0131 da zamand\u0131r. \u00c7o\u011funlukla yeterli olmad\u0131\u011f\u0131ndan \u015fik\u00e2yet\u00e7i oldu\u011fumuz, her zaman tasarruf etmeye \u00e7al\u0131\u015ft\u0131\u011f\u0131m\u0131z, \u00e7o\u011funlukla kaybetti\u011fimiz \u015fey yine zamand\u0131r. Paray\u0131 zamana g\u00f6re daha hesapl\u0131 ve sayarak harcar\u0131z. Ne yaz\u0131k ki zaman konusunda ayn\u0131 hassasiyeti g\u00f6stermeyiz. \u00dcst\u00fcne \u00fcstl\u00fck sanki para gibi geri kazanma \u015fans\u0131na sahipmi\u015fiz gibi bir de \u201cVakit nakittir, zaman e\u015fittir para\u2026\u201d gibi son derece yanl\u0131\u015f bir anlay\u0131\u015fta geli\u015ftirmi\u015fiz. Oysa vakit, nakit de\u011fildir.<\/p>\n","protected":false},"excerpt":{"rendered":"<p>Zaman, g\u00fcnl\u00fck ya\u015fant\u0131m\u0131z\u0131n temelini olu\u015fturan en \u00f6nemli kavram\u2026 B\u00fct\u00fcn kaynaklar\u0131n en de\u011ferlisi zamand\u0131r. Buna ra\u011fmen en az anla\u015f\u0131lan\u0131, en yanl\u0131\u015f y\u00f6netileni, en fazla bo\u015fa harcanan\u0131 da<span class=\"excerpt-hellip\"> [\u2026]<\/span><\/p>\n","protected":false},"featured_media":0,"template":"","meta":{"_monsterinsights_skip_tracking":false,"_monsterinsights_sitenote_active":false,"_monsterinsights_sitenote_note":"","_monsterinsights_sitenote_category":0},"product_brand":[],"product_cat":[12364,12376],"product_tag":[],"class_list":{"0":"post-737885","1":"product","2":"type-product","3":"status-publish","5":"product_cat-genel-konular","6":"product_cat-kisisel-gelisim","7":"pa_cilt-ciltsiz","8":"pa_tur-kitap","9":"pa_yayinevi-cinaralti-yayinlari","10":"pa_yazar-mustafa-sahin","12":"first","13":"instock","14":"sale","15":"shipping-taxable","16":"purchasable","17":"product-type-simple"},"_links":{"self":[{"href":"https:\/\/roveyayinevi.com.tr\/index.php\/wp-json\/wp\/v2\/product\/737885","targetHints":{"allow":["GET"]}}],"collection":[{"href":"https:\/\/roveyayinevi.com.tr\/index.php\/wp-json\/wp\/v2\/product"}],"about":[{"href":"https:\/\/roveyayinevi.com.tr\/index.php\/wp-json\/wp\/v2\/types\/product"}],"wp:attachment":[{"href":"https:\/\/roveyayinevi.com.tr\/index.php\/wp-json\/wp\/v2\/media?parent=737885"}],"wp:term":[{"taxonomy":"product_brand","embeddable":true,"href":"https:\/\/roveyayinevi.com.tr\/index.php\/wp-json\/wp\/v2\/product_brand?post=737885"},{"taxonomy":"product_cat","embeddable":true,"href":"https:\/\/roveyayinevi.com.tr\/index.php\/wp-json\/wp\/v2\/product_cat?post=737885"},{"taxonomy":"product_tag","embeddable":true,"href":"https:\/\/roveyayinevi.com.tr\/index.php\/wp-json\/wp\/v2\/product_tag?post=737885"}],"curies":[{"name":"wp","href":"https:\/\/api.w.org\/{rel}","templated":true}]}}