{"id":737884,"date":"2025-08-27T23:38:07","date_gmt":"2025-08-27T20:38:07","guid":{"rendered":"https:\/\/roveyayinevi.com.tr\/index.php\/urun\/gencligin-yarinlarina-dokunmak\/"},"modified":"2026-04-16T02:47:42","modified_gmt":"2026-04-15T23:47:42","slug":"gencligin-yarinlarina-dokunmak","status":"publish","type":"product","link":"https:\/\/roveyayinevi.com.tr\/index.php\/urun\/gencligin-yarinlarina-dokunmak\/","title":{"rendered":"Gen\u00e7li\u011fin Yar\u0131nlar\u0131na Dokunmak"},"content":{"rendered":"<p>Gelece\u011fimize sahip \u00e7\u0131kmak istiyorsak gen\u00e7li\u011fe sahip \u00e7\u0131kmal\u0131y\u0131z. \u00c7\u00fcnk\u00fc yar\u0131n\u0131 in\u015fa edecek olanlar, \u015fimdinin gen\u00e7leridir. Gen\u00e7lerin hayat hik\u00e2yelerine dokunarak ba\u015far\u0131 hik\u00e2yelerine d\u00f6n\u00fc\u015ft\u00fcrmek, bir anlamda insanl\u0131\u011fa hizmet etmektir. \u00c7\u00fcnk\u00fc \u201cGen\u00e7li\u011fin Yar\u0131nlar\u0131na Dokunmak\u201d, toplumu ve de\u011ferlerini ya\u015fatmakt\u0131r. 21&#8217;inci y\u00fczy\u0131l d\u00fcnyas\u0131 ve teknoloji, insanlar\u0131n de\u011fer yarg\u0131lar\u0131n\u0131 da dizayn etmektedir. Bu nedenle ya\u015fanan de\u011ferler \u00e7at\u0131\u015fmas\u0131n\u0131 aile ve ergen psikolojisi \u00e7er\u00e7evesinde de\u011ferlendirmek, gen\u00e7lere de\u011fer verildi\u011fini g\u00f6stermek; sevgiyi, sayg\u0131y\u0131 ve toplumsal de\u011ferleri ya\u015fatmaktad\u0131r. Bazen do\u011fru kararlar alabilmek i\u00e7in do\u011fru insanlar\u0131n rehberli\u011fine ihtiyac\u0131m\u0131z vard\u0131r. \u00c7\u00fcnk\u00fc bir c\u00fcmle, karar\u0131m\u0131z\u0131; bir insan, hayat\u0131m\u0131z\u0131 de\u011fi\u015ftirebilir. Aile olarak; gen\u00e7lerle \u00e7at\u0131\u015fmak yerine kritik d\u00f6nemlerde onlar\u0131n yan\u0131nda olmak, ileti\u015fim kanallar\u0131n\u0131 a\u00e7\u0131k tutarak onlarla ilgilenmek \u00e7ok \u00f6nemlidir. B\u00fcy\u00fck de\u011fi\u015fimler, k\u00fc\u00e7\u00fck \u015feylerle ba\u015flar. \u0130\u015fte; bu itibarla ergenlere uygun yakla\u015f\u0131m ve onlarla kurulan sa\u011fl\u0131kl\u0131 ileti\u015fim, gen\u00e7lerin bug\u00fcn\u00fcne ve yar\u0131nlar\u0131na dokunarak gelece\u011fi in\u015fa etmenin yeg\u00e2ne yoludur.<\/p>\n","protected":false},"excerpt":{"rendered":"<p>Gelece\u011fimize sahip \u00e7\u0131kmak istiyorsak gen\u00e7li\u011fe sahip \u00e7\u0131kmal\u0131y\u0131z. \u00c7\u00fcnk\u00fc yar\u0131n\u0131 in\u015fa edecek olanlar, \u015fimdinin gen\u00e7leridir. Gen\u00e7lerin hayat hik\u00e2yelerine dokunarak ba\u015far\u0131 hik\u00e2yelerine d\u00f6n\u00fc\u015ft\u00fcrmek, bir anlamda insanl\u0131\u011fa hizmet etmektir.<span class=\"excerpt-hellip\"> [\u2026]<\/span><\/p>\n","protected":false},"featured_media":0,"template":"","meta":{"_monsterinsights_skip_tracking":false,"_monsterinsights_sitenote_active":false,"_monsterinsights_sitenote_note":"","_monsterinsights_sitenote_category":0},"product_brand":[],"product_cat":[12679,12357],"product_tag":[],"class_list":{"0":"post-737884","1":"product","2":"type-product","3":"status-publish","5":"product_cat-cocuk-psikolojisi","6":"product_cat-psikoloji","7":"pa_cilt-ciltsiz","8":"pa_tur-kitap","9":"pa_yayinevi-cinaralti-yayinlari","10":"pa_yazar-tarik-akkoc","12":"first","13":"instock","14":"sale","15":"shipping-taxable","16":"purchasable","17":"product-type-simple"},"_links":{"self":[{"href":"https:\/\/roveyayinevi.com.tr\/index.php\/wp-json\/wp\/v2\/product\/737884","targetHints":{"allow":["GET"]}}],"collection":[{"href":"https:\/\/roveyayinevi.com.tr\/index.php\/wp-json\/wp\/v2\/product"}],"about":[{"href":"https:\/\/roveyayinevi.com.tr\/index.php\/wp-json\/wp\/v2\/types\/product"}],"wp:attachment":[{"href":"https:\/\/roveyayinevi.com.tr\/index.php\/wp-json\/wp\/v2\/media?parent=737884"}],"wp:term":[{"taxonomy":"product_brand","embeddable":true,"href":"https:\/\/roveyayinevi.com.tr\/index.php\/wp-json\/wp\/v2\/product_brand?post=737884"},{"taxonomy":"product_cat","embeddable":true,"href":"https:\/\/roveyayinevi.com.tr\/index.php\/wp-json\/wp\/v2\/product_cat?post=737884"},{"taxonomy":"product_tag","embeddable":true,"href":"https:\/\/roveyayinevi.com.tr\/index.php\/wp-json\/wp\/v2\/product_tag?post=737884"}],"curies":[{"name":"wp","href":"https:\/\/api.w.org\/{rel}","templated":true}]}}