{"id":737880,"date":"2025-08-27T23:38:03","date_gmt":"2025-08-27T20:38:03","guid":{"rendered":"https:\/\/roveyayinevi.com.tr\/index.php\/urun\/yasama-dair-2\/"},"modified":"2026-04-16T02:47:42","modified_gmt":"2026-04-15T23:47:42","slug":"yasama-dair-2","status":"publish","type":"product","link":"https:\/\/roveyayinevi.com.tr\/index.php\/urun\/yasama-dair-2\/","title":{"rendered":"Ya\u015fama Dair"},"content":{"rendered":"<p>Ya\u015fam ba\u015fl\u0131 ba\u015f\u0131na bir ser\u00fcvendir. Bu ser\u00fcvenin sahipleri bizleriz.   Bizim i\u00e7in belirlenmi\u015f olanlar d\u0131\u015f\u0131nda nas\u0131l ya\u015fayaca\u011f\u0131m\u0131z\u0131 biz belirleriz. Kaliteli ya\u015famlar var etmenin yolu kendimiz i\u00e7in do\u011fru olan se\u00e7imlere y\u00f6nelmekten ge\u00e7mektedir. \u00d6nemli olan neye odakl\u0131, nas\u0131l ve ne y\u00f6nde gidece\u011fimizi bilmektir.   Bu kitapla ya\u015fam\u0131n\u0131zda kendiniz i\u00e7in do\u011fru olan y\u00f6n\u00fc ke\u015ffedece\u011finize inan\u0131yorum.   Ya\u015fam\u0131n\u0131zdaki fark\u0131ndal\u0131klar\u0131n\u0131z\u0131n artmas\u0131 dile\u011fiyle\u2026 <\/p>\n","protected":false},"excerpt":{"rendered":"<p>Ya\u015fam ba\u015fl\u0131 ba\u015f\u0131na bir ser\u00fcvendir. Bu ser\u00fcvenin sahipleri bizleriz. Bizim i\u00e7in belirlenmi\u015f olanlar d\u0131\u015f\u0131nda nas\u0131l ya\u015fayaca\u011f\u0131m\u0131z\u0131 biz belirleriz. Kaliteli ya\u015famlar var etmenin yolu kendimiz i\u00e7in do\u011fru<span class=\"excerpt-hellip\"> [\u2026]<\/span><\/p>\n","protected":false},"featured_media":0,"template":"","meta":{"_monsterinsights_skip_tracking":false,"_monsterinsights_sitenote_active":false,"_monsterinsights_sitenote_note":"","_monsterinsights_sitenote_category":0},"product_brand":[],"product_cat":[12364,12376],"product_tag":[],"class_list":{"0":"post-737880","1":"product","2":"type-product","3":"status-publish","5":"product_cat-genel-konular","6":"product_cat-kisisel-gelisim","7":"pa_cilt-ciltsiz","8":"pa_tur-kitap","9":"pa_yayinevi-zet-yayinlari","10":"pa_yazar-serpil-uslu","12":"first","13":"instock","14":"sale","15":"shipping-taxable","16":"purchasable","17":"product-type-simple"},"_links":{"self":[{"href":"https:\/\/roveyayinevi.com.tr\/index.php\/wp-json\/wp\/v2\/product\/737880","targetHints":{"allow":["GET"]}}],"collection":[{"href":"https:\/\/roveyayinevi.com.tr\/index.php\/wp-json\/wp\/v2\/product"}],"about":[{"href":"https:\/\/roveyayinevi.com.tr\/index.php\/wp-json\/wp\/v2\/types\/product"}],"wp:attachment":[{"href":"https:\/\/roveyayinevi.com.tr\/index.php\/wp-json\/wp\/v2\/media?parent=737880"}],"wp:term":[{"taxonomy":"product_brand","embeddable":true,"href":"https:\/\/roveyayinevi.com.tr\/index.php\/wp-json\/wp\/v2\/product_brand?post=737880"},{"taxonomy":"product_cat","embeddable":true,"href":"https:\/\/roveyayinevi.com.tr\/index.php\/wp-json\/wp\/v2\/product_cat?post=737880"},{"taxonomy":"product_tag","embeddable":true,"href":"https:\/\/roveyayinevi.com.tr\/index.php\/wp-json\/wp\/v2\/product_tag?post=737880"}],"curies":[{"name":"wp","href":"https:\/\/api.w.org\/{rel}","templated":true}]}}