{"id":737879,"date":"2025-08-27T23:38:02","date_gmt":"2025-08-27T20:38:02","guid":{"rendered":"https:\/\/roveyayinevi.com.tr\/index.php\/urun\/var-mi-sende-beni-sevecek-yurek\/"},"modified":"2026-04-16T02:47:42","modified_gmt":"2026-04-15T23:47:42","slug":"var-mi-sende-beni-sevecek-yurek","status":"publish","type":"product","link":"https:\/\/roveyayinevi.com.tr\/index.php\/urun\/var-mi-sende-beni-sevecek-yurek\/","title":{"rendered":"Var m\u0131 Sende Beni Sevecek Y\u00fcrek"},"content":{"rendered":"<p>\u015eahbettin Ali, bu kitab\u0131nda da ya\u015fam\u0131n her alan\u0131na dokunan dizelerle kendi penceresinden g\u00f6rd\u00fc\u011f\u00fc d\u00fcnyay\u0131 okurlar\u0131yla payla\u015f\u0131yor.   Sizleri i\u00e7inde a\u015fa\u011f\u0131daki dizeler de olan \u015fiir \u015f\u00f6lenine davet ediyor.   \u0130yi okumalar\u2026       Zenginin i\u00e7inde fakir g\u00f6r\u00fcr\u00fcm,   Pek \u00e7ok a\u00e7 insanda \u015f\u00fck\u00fcr g\u00f6r\u00fcr\u00fcm,   S\u00fcste, g\u00f6steri\u015fte, kibir g\u00f6r\u00fcr\u00fcm,   Var m\u0131 sende beni sevecek y\u00fcrek?   &#8230;&#8230;&#8230;&#8230;&#8230;..   Biter gider \u0131\u015f\u0131lt\u0131m\u0131z.   Solaca\u011f\u0131z, kim tutacak? G\u00fcn gelip vakit dolunca,   \u00d6lece\u011fiz kim tutacak.   &#8230;&#8230;&#8230;&#8230;&#8230;..   Ay, g\u00fcne\u015f, g\u00f6ky\u00fcz\u00fc seni anlat\u0131r,   Her nereye baksam, ordas\u0131n anne.   K\u0131\u015f\u0131n nazl\u0131 nazl\u0131 inen karlarda,   Baharda reng\u00e2renk k\u0131rdas\u0131n anne.   &#8230;&#8230;&#8230;&#8230;&#8230;..   G\u00f6zlerinde buldum gizli cenneti,   Var\u0131p kap\u0131s\u0131n\u0131 \u00e7almayay\u0131m m\u0131?   R\u0131zan\u0131 dilenip, elinden tutup,   Yan\u0131nda, g\u00f6lgende durmayay\u0131m m\u0131?   &#8230;&#8230;&#8230;&#8230;&#8230;   R\u00fczg\u00e2r\u0131n buluta s\u00f6yledi\u011fini,   Sana s\u00f6ylemedim sanma sevgili,   Gen\u00e7tin anlamad\u0131n; k\u00f6rd\u00fcn g\u00f6rmedin,   Bari \u015fimdi dinle, anla sevgili. <\/p>\n","protected":false},"excerpt":{"rendered":"<p>\u015eahbettin Ali, bu kitab\u0131nda da ya\u015fam\u0131n her alan\u0131na dokunan dizelerle kendi penceresinden g\u00f6rd\u00fc\u011f\u00fc d\u00fcnyay\u0131 okurlar\u0131yla payla\u015f\u0131yor. Sizleri i\u00e7inde a\u015fa\u011f\u0131daki dizeler de olan \u015fiir \u015f\u00f6lenine davet ediyor.<span class=\"excerpt-hellip\"> [\u2026]<\/span><\/p>\n","protected":false},"featured_media":0,"template":"","meta":{"_monsterinsights_skip_tracking":false,"_monsterinsights_sitenote_active":false,"_monsterinsights_sitenote_note":"","_monsterinsights_sitenote_category":0},"product_brand":[],"product_cat":[12291,12509],"product_tag":[],"class_list":{"0":"post-737879","1":"product","2":"type-product","3":"status-publish","5":"product_cat-edebiyat","6":"product_cat-siir","7":"pa_cilt-ciltsiz","8":"pa_tur-kitap","9":"pa_yayinevi-zet-yayinlari","10":"pa_yazar-sahbettin-ali","12":"first","13":"instock","14":"sale","15":"shipping-taxable","16":"purchasable","17":"product-type-simple"},"_links":{"self":[{"href":"https:\/\/roveyayinevi.com.tr\/index.php\/wp-json\/wp\/v2\/product\/737879","targetHints":{"allow":["GET"]}}],"collection":[{"href":"https:\/\/roveyayinevi.com.tr\/index.php\/wp-json\/wp\/v2\/product"}],"about":[{"href":"https:\/\/roveyayinevi.com.tr\/index.php\/wp-json\/wp\/v2\/types\/product"}],"wp:attachment":[{"href":"https:\/\/roveyayinevi.com.tr\/index.php\/wp-json\/wp\/v2\/media?parent=737879"}],"wp:term":[{"taxonomy":"product_brand","embeddable":true,"href":"https:\/\/roveyayinevi.com.tr\/index.php\/wp-json\/wp\/v2\/product_brand?post=737879"},{"taxonomy":"product_cat","embeddable":true,"href":"https:\/\/roveyayinevi.com.tr\/index.php\/wp-json\/wp\/v2\/product_cat?post=737879"},{"taxonomy":"product_tag","embeddable":true,"href":"https:\/\/roveyayinevi.com.tr\/index.php\/wp-json\/wp\/v2\/product_tag?post=737879"}],"curies":[{"name":"wp","href":"https:\/\/api.w.org\/{rel}","templated":true}]}}