{"id":737876,"date":"2025-08-27T23:37:58","date_gmt":"2025-08-27T20:37:58","guid":{"rendered":"https:\/\/roveyayinevi.com.tr\/index.php\/urun\/uc-2\/"},"modified":"2026-04-16T02:47:42","modified_gmt":"2026-04-15T23:47:42","slug":"uc-2","status":"publish","type":"product","link":"https:\/\/roveyayinevi.com.tr\/index.php\/urun\/uc-2\/","title":{"rendered":"\u00dc\u00e7"},"content":{"rendered":"<p>Burak Uyan\u0131k, \u2018\u2018\u00dc\u00e7\u2019\u2019 isimli tiyatro oyunlar\u0131n\u0131 toplad\u0131\u011f\u0131 bu kitapta Platon\u2019un \u201ciyi\u201d, \u201cdo\u011fru\u201d ve \u201cg\u00fczel\u201d denen \u00fc\u00e7 y\u00fcksek de\u011ferini referans belirleyerek farkl\u0131 bak\u0131\u015f a\u00e7\u0131lar\u0131 ile oyunlar\u0131n\u0131 kaleme alm\u0131\u015f.   \u00dc\u00e7 farkl\u0131 zaman diliminde ge\u00e7en ve yarat\u0131c\u0131 bi\u00e7imde sahnelenmeye a\u00e7\u0131k olan bu oyunlar\u0131, gen\u00e7 yazar T\u00fcrk Tiyatrosu\u2019na yeni ufuklar kazand\u0131rmak amac\u0131yla yazm\u0131\u015ft\u0131r.   Bir Dilim Elmad\u0131r A\u015fk ve Defol Gel kitaplar\u0131n\u0131n yazar\u0131 olan Burak Uyan\u0131k, halen oyunlar yazmakta, sahnelemekte ayn\u0131 zamanda y\u00f6netmenlik ve e\u011fitmenlik kariyerine devam etmektedir. <\/p>\n","protected":false},"excerpt":{"rendered":"<p>Burak Uyan\u0131k, \u2018\u2018\u00dc\u00e7\u2019\u2019 isimli tiyatro oyunlar\u0131n\u0131 toplad\u0131\u011f\u0131 bu kitapta Platon\u2019un \u201ciyi\u201d, \u201cdo\u011fru\u201d ve \u201cg\u00fczel\u201d denen \u00fc\u00e7 y\u00fcksek de\u011ferini referans belirleyerek farkl\u0131 bak\u0131\u015f a\u00e7\u0131lar\u0131 ile oyunlar\u0131n\u0131 kaleme<span class=\"excerpt-hellip\"> [\u2026]<\/span><\/p>\n","protected":false},"featured_media":0,"template":"","meta":{"_monsterinsights_skip_tracking":false,"_monsterinsights_sitenote_active":false,"_monsterinsights_sitenote_note":"","_monsterinsights_sitenote_category":0},"product_brand":[],"product_cat":[12291,14272],"product_tag":[],"class_list":{"0":"post-737876","1":"product","2":"type-product","3":"status-publish","5":"product_cat-edebiyat","6":"product_cat-tiyatro","7":"pa_cilt-ciltsiz","8":"pa_tur-kitap","9":"pa_yayinevi-zet-yayinlari","10":"pa_yazar-burak-uyanik","12":"first","13":"instock","14":"sale","15":"shipping-taxable","16":"purchasable","17":"product-type-simple"},"_links":{"self":[{"href":"https:\/\/roveyayinevi.com.tr\/index.php\/wp-json\/wp\/v2\/product\/737876","targetHints":{"allow":["GET"]}}],"collection":[{"href":"https:\/\/roveyayinevi.com.tr\/index.php\/wp-json\/wp\/v2\/product"}],"about":[{"href":"https:\/\/roveyayinevi.com.tr\/index.php\/wp-json\/wp\/v2\/types\/product"}],"wp:attachment":[{"href":"https:\/\/roveyayinevi.com.tr\/index.php\/wp-json\/wp\/v2\/media?parent=737876"}],"wp:term":[{"taxonomy":"product_brand","embeddable":true,"href":"https:\/\/roveyayinevi.com.tr\/index.php\/wp-json\/wp\/v2\/product_brand?post=737876"},{"taxonomy":"product_cat","embeddable":true,"href":"https:\/\/roveyayinevi.com.tr\/index.php\/wp-json\/wp\/v2\/product_cat?post=737876"},{"taxonomy":"product_tag","embeddable":true,"href":"https:\/\/roveyayinevi.com.tr\/index.php\/wp-json\/wp\/v2\/product_tag?post=737876"}],"curies":[{"name":"wp","href":"https:\/\/api.w.org\/{rel}","templated":true}]}}