{"id":737872,"date":"2025-08-27T23:37:54","date_gmt":"2025-08-27T20:37:54","guid":{"rendered":"https:\/\/roveyayinevi.com.tr\/index.php\/urun\/son-bahar\/"},"modified":"2026-04-16T02:47:42","modified_gmt":"2026-04-15T23:47:42","slug":"son-bahar","status":"publish","type":"product","link":"https:\/\/roveyayinevi.com.tr\/index.php\/urun\/son-bahar\/","title":{"rendered":"Son Bahar"},"content":{"rendered":"<p>Her birimizin hayatta bir \u00f6yk\u00fcs\u00fc var kimine g\u00fclm\u00fc\u015f kimine de surat asm\u0131\u015f bir ser\u00fcvenin oyuncular\u0131y\u0131z. Uzun ve ince bir yolda s\u0131nav\u0131m\u0131z \u00e7etin kalpte hissedilen dilde zikrediliyorsa do\u011fru yolday\u0131z. Bizler sitem edebilmeyi isyana d\u00f6n\u00fc\u015ft\u00fcrmeden ba\u015farabilme noktas\u0131nda kendimizdeki d\u00f6ng\u00fcy\u00fc iyi analiz edebilmeliyiz. Anlat\u0131m fakl\u0131 olmas\u0131ndaki d\u00fczene de\u011fil anlatmak istedi\u011fimiz \u015feyin hayattaki do\u011fruluk pay\u0131n\u0131n olmas\u0131d\u0131r.   \u015eiirler t\u00fcrk\u00fcler bizim anlatmak istedi\u011fimiz her duygunun sanatsal halidir kimi yazarken anlat\u0131r kendini kimi okurken bulur kendini. Benimde edebiyat hayat\u0131m \u00f6nce okumak sonra yazmakla ba\u015flad\u0131. B\u00fcy\u00fck \u00fcstatlar\u0131n y\u00fcr\u00fcd\u00fc\u011f\u00fc yolun takip\u00e7isi olman\u0131n gururu i\u00e7erisindeyim. Bu kitapta hem \u015fiir hem de \u00f6z\u00fcnden s\u00f6zlerle bir muhabbet kitap \u00e7al\u0131\u015fmas\u0131 yapt\u0131m. Bu benim \u00fc\u00e7\u00fcnc\u00fc kitab\u0131m.   D\u00fcnyada bir eser b\u0131rakabilme \u00e7abalar\u0131ma ortak olan herkese sonsuz te\u015fekk\u00fcrlerimi sunar\u0131m. Yar\u0131n ola hayrola. <\/p>\n","protected":false},"excerpt":{"rendered":"<p>Her birimizin hayatta bir \u00f6yk\u00fcs\u00fc var kimine g\u00fclm\u00fc\u015f kimine de surat asm\u0131\u015f bir ser\u00fcvenin oyuncular\u0131y\u0131z. Uzun ve ince bir yolda s\u0131nav\u0131m\u0131z \u00e7etin kalpte hissedilen dilde zikrediliyorsa<span class=\"excerpt-hellip\"> [\u2026]<\/span><\/p>\n","protected":false},"featured_media":0,"template":"","meta":{"_monsterinsights_skip_tracking":false,"_monsterinsights_sitenote_active":false,"_monsterinsights_sitenote_note":"","_monsterinsights_sitenote_category":0},"product_brand":[],"product_cat":[12291,12509],"product_tag":[],"class_list":{"0":"post-737872","1":"product","2":"type-product","3":"status-publish","5":"product_cat-edebiyat","6":"product_cat-siir","7":"pa_cilt-ciltsiz","8":"pa_tur-kitap","9":"pa_yayinevi-zet-yayinlari","10":"pa_yazar-erol-unlu","12":"first","13":"instock","14":"sale","15":"shipping-taxable","16":"purchasable","17":"product-type-simple"},"_links":{"self":[{"href":"https:\/\/roveyayinevi.com.tr\/index.php\/wp-json\/wp\/v2\/product\/737872","targetHints":{"allow":["GET"]}}],"collection":[{"href":"https:\/\/roveyayinevi.com.tr\/index.php\/wp-json\/wp\/v2\/product"}],"about":[{"href":"https:\/\/roveyayinevi.com.tr\/index.php\/wp-json\/wp\/v2\/types\/product"}],"wp:attachment":[{"href":"https:\/\/roveyayinevi.com.tr\/index.php\/wp-json\/wp\/v2\/media?parent=737872"}],"wp:term":[{"taxonomy":"product_brand","embeddable":true,"href":"https:\/\/roveyayinevi.com.tr\/index.php\/wp-json\/wp\/v2\/product_brand?post=737872"},{"taxonomy":"product_cat","embeddable":true,"href":"https:\/\/roveyayinevi.com.tr\/index.php\/wp-json\/wp\/v2\/product_cat?post=737872"},{"taxonomy":"product_tag","embeddable":true,"href":"https:\/\/roveyayinevi.com.tr\/index.php\/wp-json\/wp\/v2\/product_tag?post=737872"}],"curies":[{"name":"wp","href":"https:\/\/api.w.org\/{rel}","templated":true}]}}