{"id":737871,"date":"2025-08-27T23:37:53","date_gmt":"2025-08-27T20:37:53","guid":{"rendered":"https:\/\/roveyayinevi.com.tr\/index.php\/urun\/sizi-4\/"},"modified":"2026-04-16T02:47:42","modified_gmt":"2026-04-15T23:47:42","slug":"sizi-4","status":"publish","type":"product","link":"https:\/\/roveyayinevi.com.tr\/index.php\/urun\/sizi-4\/","title":{"rendered":"S\u0131z\u0131"},"content":{"rendered":"<p>\u0130nan ki sevgili okur, \u015fair olmak de\u011fil niyetim, ben haddimi bilirim. \u0130stedim ki tarihin kederli sayfalar\u0131na bir not da ben d\u00fc\u015feyim.   Umuyorum ki \u015fiirlerim y\u00fcre\u011finizin bir k\u00f6\u015fesine dokunabilir. Derdine derman olamaz belki ama sana yaln\u0131z olmad\u0131\u011f\u0131n\u0131 hat\u0131rlat\u0131r.   Ya\u015fad\u0131klar\u0131m\u0131z farkl\u0131 olsa da h\u00fcz\u00fcn ve keder her y\u00fcrekte ortakt\u0131r. Ve en karanl\u0131k g\u00fcnde bile umut hep vard\u0131r biliyorum, \u00e7\u00fcnk\u00fc ben sana o karanl\u0131ktan yaz\u0131yorum\u2026 <\/p>\n","protected":false},"excerpt":{"rendered":"<p>\u0130nan ki sevgili okur, \u015fair olmak de\u011fil niyetim, ben haddimi bilirim. \u0130stedim ki tarihin kederli sayfalar\u0131na bir not da ben d\u00fc\u015feyim. Umuyorum ki \u015fiirlerim y\u00fcre\u011finizin bir<span class=\"excerpt-hellip\"> [\u2026]<\/span><\/p>\n","protected":false},"featured_media":0,"template":"","meta":{"_monsterinsights_skip_tracking":false,"_monsterinsights_sitenote_active":false,"_monsterinsights_sitenote_note":"","_monsterinsights_sitenote_category":0},"product_brand":[],"product_cat":[12291,12509],"product_tag":[],"class_list":{"0":"post-737871","1":"product","2":"type-product","3":"status-publish","5":"product_cat-edebiyat","6":"product_cat-siir","7":"pa_cilt-ciltsiz","8":"pa_tur-kitap","9":"pa_yayinevi-zet-yayinlari","10":"pa_yazar-yildiz-kavgaci","12":"first","13":"instock","14":"sale","15":"shipping-taxable","16":"purchasable","17":"product-type-simple"},"_links":{"self":[{"href":"https:\/\/roveyayinevi.com.tr\/index.php\/wp-json\/wp\/v2\/product\/737871","targetHints":{"allow":["GET"]}}],"collection":[{"href":"https:\/\/roveyayinevi.com.tr\/index.php\/wp-json\/wp\/v2\/product"}],"about":[{"href":"https:\/\/roveyayinevi.com.tr\/index.php\/wp-json\/wp\/v2\/types\/product"}],"wp:attachment":[{"href":"https:\/\/roveyayinevi.com.tr\/index.php\/wp-json\/wp\/v2\/media?parent=737871"}],"wp:term":[{"taxonomy":"product_brand","embeddable":true,"href":"https:\/\/roveyayinevi.com.tr\/index.php\/wp-json\/wp\/v2\/product_brand?post=737871"},{"taxonomy":"product_cat","embeddable":true,"href":"https:\/\/roveyayinevi.com.tr\/index.php\/wp-json\/wp\/v2\/product_cat?post=737871"},{"taxonomy":"product_tag","embeddable":true,"href":"https:\/\/roveyayinevi.com.tr\/index.php\/wp-json\/wp\/v2\/product_tag?post=737871"}],"curies":[{"name":"wp","href":"https:\/\/api.w.org\/{rel}","templated":true}]}}