{"id":737868,"date":"2025-08-27T23:37:49","date_gmt":"2025-08-27T20:37:49","guid":{"rendered":"https:\/\/roveyayinevi.com.tr\/index.php\/urun\/sen-olmasan-da\/"},"modified":"2026-04-16T02:47:42","modified_gmt":"2026-04-15T23:47:42","slug":"sen-olmasan-da","status":"publish","type":"product","link":"https:\/\/roveyayinevi.com.tr\/index.php\/urun\/sen-olmasan-da\/","title":{"rendered":"Sen Olmasan Da"},"content":{"rendered":"<p>SEN OLMASAN DA   YORULMU\u015eSAM, \u00c7\u00d6K\u00dcP B\u0130R YERE A\u011eLAMI\u015eSAM&#8230;   B\u0130R \u00c7OCU\u011eA BAKIP HASRET G\u0130DERM\u0130\u015eSEM&#8230;   YANMI\u015e \u0130\u00c7\u0130ME SU SERP\u0130LMEM\u0130\u015eSE&#8230;   \u0130Y\u0130LER K\u00d6T\u00dcLERE YEN\u0130LM\u0130\u015eSE&#8230;   A\u011eUSTOSTA YA\u011eMI\u015eSA KAR&#8230;   E\u011eER UNUTMU\u015eSAM SEN\u0130 B\u0130R \u00c7IRPIDA&#8230;   SORMA BU DERD\u0130M\u0130. SORMA BU \u00c7ARES\u0130ZL\u0130\u011e\u0130M\u0130. B\u00dcT\u00dcN \u00c7ARES\u0130ZLERE&#8230; <\/p>\n","protected":false},"excerpt":{"rendered":"<p>SEN OLMASAN DA YORULMU\u015eSAM, \u00c7\u00d6K\u00dcP B\u0130R YERE A\u011eLAMI\u015eSAM&#8230; B\u0130R \u00c7OCU\u011eA BAKIP HASRET G\u0130DERM\u0130\u015eSEM&#8230; YANMI\u015e \u0130\u00c7\u0130ME SU SERP\u0130LMEM\u0130\u015eSE&#8230; \u0130Y\u0130LER K\u00d6T\u00dcLERE YEN\u0130LM\u0130\u015eSE&#8230; A\u011eUSTOSTA YA\u011eMI\u015eSA KAR&#8230; E\u011eER UNUTMU\u015eSAM SEN\u0130<span class=\"excerpt-hellip\"> [\u2026]<\/span><\/p>\n","protected":false},"featured_media":0,"template":"","meta":{"_monsterinsights_skip_tracking":false,"_monsterinsights_sitenote_active":false,"_monsterinsights_sitenote_note":"","_monsterinsights_sitenote_category":0},"product_brand":[],"product_cat":[12291,12509],"product_tag":[],"class_list":{"0":"post-737868","1":"product","2":"type-product","3":"status-publish","5":"product_cat-edebiyat","6":"product_cat-siir","7":"pa_cilt-ciltsiz","8":"pa_tur-kitap","9":"pa_yayinevi-zet-yayinlari","10":"pa_yazar-raziye-yaliniz","12":"first","13":"instock","14":"sale","15":"shipping-taxable","16":"purchasable","17":"product-type-simple"},"_links":{"self":[{"href":"https:\/\/roveyayinevi.com.tr\/index.php\/wp-json\/wp\/v2\/product\/737868","targetHints":{"allow":["GET"]}}],"collection":[{"href":"https:\/\/roveyayinevi.com.tr\/index.php\/wp-json\/wp\/v2\/product"}],"about":[{"href":"https:\/\/roveyayinevi.com.tr\/index.php\/wp-json\/wp\/v2\/types\/product"}],"wp:attachment":[{"href":"https:\/\/roveyayinevi.com.tr\/index.php\/wp-json\/wp\/v2\/media?parent=737868"}],"wp:term":[{"taxonomy":"product_brand","embeddable":true,"href":"https:\/\/roveyayinevi.com.tr\/index.php\/wp-json\/wp\/v2\/product_brand?post=737868"},{"taxonomy":"product_cat","embeddable":true,"href":"https:\/\/roveyayinevi.com.tr\/index.php\/wp-json\/wp\/v2\/product_cat?post=737868"},{"taxonomy":"product_tag","embeddable":true,"href":"https:\/\/roveyayinevi.com.tr\/index.php\/wp-json\/wp\/v2\/product_tag?post=737868"}],"curies":[{"name":"wp","href":"https:\/\/api.w.org\/{rel}","templated":true}]}}