{"id":737865,"date":"2025-08-27T23:37:45","date_gmt":"2025-08-27T20:37:45","guid":{"rendered":"https:\/\/roveyayinevi.com.tr\/index.php\/urun\/ricam\/"},"modified":"2026-04-16T02:47:41","modified_gmt":"2026-04-15T23:47:41","slug":"ricam","status":"publish","type":"product","link":"https:\/\/roveyayinevi.com.tr\/index.php\/urun\/ricam\/","title":{"rendered":"Ricam"},"content":{"rendered":"<p>\u0130nsan\u0131n duygu ve d\u00fc\u015f\u00fcncelerini en iyi ve en g\u00fczel bi\u00e7imde anlatabilmesinin en iyi yoludur \u015fiir yazmak.   Bende kendimi ifade etmekte zorland\u0131\u011f\u0131m anlarda kaleme sar\u0131l\u0131p i\u00e7 d\u00fcnyam\u0131 \u015fiirlere d\u00f6kt\u00fcm \u00e7\u00fcnk\u00fc baz\u0131 konular\u0131 anlamakta ve anlatmakta tutuluyor telaffuz edemiyor insan.   K\u0131saca bu girdapl\u0131 d\u00fcnyada duygular\u0131m\u0131n esiri olan ben yaln\u0131zl\u0131klar i\u00e7indeydim. Bu yaln\u0131zl\u0131ktan kurtulmak i\u00e7in i\u00e7imi d\u00f6kt\u00fc\u011f\u00fcm \u015fiirlerimi yay\u0131nlay\u0131p siz okuyucularla bulu\u015fturarak hislerime terc\u00fcman olmak ve benim gibi yaln\u0131z hissedenlere rehber olmas\u0131d\u0131r arzum ve R\u0130CAM. <\/p>\n","protected":false},"excerpt":{"rendered":"<p>\u0130nsan\u0131n duygu ve d\u00fc\u015f\u00fcncelerini en iyi ve en g\u00fczel bi\u00e7imde anlatabilmesinin en iyi yoludur \u015fiir yazmak. Bende kendimi ifade etmekte zorland\u0131\u011f\u0131m anlarda kaleme sar\u0131l\u0131p i\u00e7 d\u00fcnyam\u0131<span class=\"excerpt-hellip\"> [\u2026]<\/span><\/p>\n","protected":false},"featured_media":0,"template":"","meta":{"_monsterinsights_skip_tracking":false,"_monsterinsights_sitenote_active":false,"_monsterinsights_sitenote_note":"","_monsterinsights_sitenote_category":0},"product_brand":[],"product_cat":[12291,12509],"product_tag":[],"class_list":{"0":"post-737865","1":"product","2":"type-product","3":"status-publish","5":"product_cat-edebiyat","6":"product_cat-siir","7":"pa_cilt-ciltsiz","8":"pa_tur-kitap","9":"pa_yayinevi-zet-yayinlari","10":"pa_yazar-engin-kartal","12":"first","13":"instock","14":"sale","15":"shipping-taxable","16":"purchasable","17":"product-type-simple"},"_links":{"self":[{"href":"https:\/\/roveyayinevi.com.tr\/index.php\/wp-json\/wp\/v2\/product\/737865","targetHints":{"allow":["GET"]}}],"collection":[{"href":"https:\/\/roveyayinevi.com.tr\/index.php\/wp-json\/wp\/v2\/product"}],"about":[{"href":"https:\/\/roveyayinevi.com.tr\/index.php\/wp-json\/wp\/v2\/types\/product"}],"wp:attachment":[{"href":"https:\/\/roveyayinevi.com.tr\/index.php\/wp-json\/wp\/v2\/media?parent=737865"}],"wp:term":[{"taxonomy":"product_brand","embeddable":true,"href":"https:\/\/roveyayinevi.com.tr\/index.php\/wp-json\/wp\/v2\/product_brand?post=737865"},{"taxonomy":"product_cat","embeddable":true,"href":"https:\/\/roveyayinevi.com.tr\/index.php\/wp-json\/wp\/v2\/product_cat?post=737865"},{"taxonomy":"product_tag","embeddable":true,"href":"https:\/\/roveyayinevi.com.tr\/index.php\/wp-json\/wp\/v2\/product_tag?post=737865"}],"curies":[{"name":"wp","href":"https:\/\/api.w.org\/{rel}","templated":true}]}}