{"id":737864,"date":"2025-08-27T23:37:44","date_gmt":"2025-08-27T20:37:44","guid":{"rendered":"https:\/\/roveyayinevi.com.tr\/index.php\/urun\/ozel-cocuklar-ve-yuregi-engelliler\/"},"modified":"2026-04-16T02:47:41","modified_gmt":"2026-04-15T23:47:41","slug":"ozel-cocuklar-ve-yuregi-engelliler","status":"publish","type":"product","link":"https:\/\/roveyayinevi.com.tr\/index.php\/urun\/ozel-cocuklar-ve-yuregi-engelliler\/","title":{"rendered":"\u00d6zel \u00c7ocuklar ve Y\u00fcre\u011fi Engelliler"},"content":{"rendered":"<p>Herkes sa\u011fl\u0131kl\u0131 olmak, sa\u011fl\u0131kla b\u00fcy\u00fcmek ve sa\u011fl\u0131kl\u0131 evlatlar yeti\u015ftirmek ister. Ama bazen size imtihan\u0131n zor sayfas\u0131 d\u00fc\u015fer. Me\u015fakkatiniz uzun s\u00fcrer, ko\u015fu\u015fturmacan\u0131z y\u0131llar\u0131n\u0131z\u0131 al\u0131r, belki de \u00f6mr\u00fcn\u00fcz\u00fc.   Sa\u011fl\u0131\u011f\u0131 ile s\u0131nanan, toplumca \u00f6nce \u00f6z\u00fcrl\u00fc sonra yumu\u015fat\u0131larak engelli denilen bu \u00f6zel varl\u0131klar\u0131m\u0131z\u0131n me\u015fakkatli yolculu\u011fu, k\u0131z\u0131m Z\u00fclal \u00f6zelinde bu eserde payla\u015f\u0131lacakt\u0131r.   Ya\u015fan\u0131lan her toplumsal olay\u0131n aktar\u0131m\u0131nda \u00f6zel \u00e7ocuklar\u0131m\u0131z ve aileleri kendi hayat hikayelerinden kesitler g\u00f6recek, zihinlerini kurcalayan suallerine cevaplar bularak yollar\u0131na bundan \u00f6nce olmad\u0131\u011f\u0131 kadar y\u00fcksek motivasyon ve enerji ile devam edeceklerdir.   T\u00fcm \u00f6zel \u00e7ocuklara ve ailelerine \u0131\u015f\u0131k olacak bu eser ile sa\u011fl\u0131kl\u0131 bireylerimiz de fark\u0131na varamad\u0131klar\u0131 sa\u011fl\u0131k nimeti ve \u015f\u00fck\u00fcr kavramlar\u0131 ile birlikte, kendilerinin de toplum i\u00e7erisindeki engelliler ile imtihan edildiklerinin fark\u0131na varacaklard\u0131r. <\/p>\n","protected":false},"excerpt":{"rendered":"<p>Herkes sa\u011fl\u0131kl\u0131 olmak, sa\u011fl\u0131kla b\u00fcy\u00fcmek ve sa\u011fl\u0131kl\u0131 evlatlar yeti\u015ftirmek ister. Ama bazen size imtihan\u0131n zor sayfas\u0131 d\u00fc\u015fer. Me\u015fakkatiniz uzun s\u00fcrer, ko\u015fu\u015fturmacan\u0131z y\u0131llar\u0131n\u0131z\u0131 al\u0131r, belki de \u00f6mr\u00fcn\u00fcz\u00fc.<span class=\"excerpt-hellip\"> [\u2026]<\/span><\/p>\n","protected":false},"featured_media":0,"template":"","meta":{"_monsterinsights_skip_tracking":false,"_monsterinsights_sitenote_active":false,"_monsterinsights_sitenote_note":"","_monsterinsights_sitenote_category":0},"product_brand":[],"product_cat":[12573,12566],"product_tag":[],"class_list":{"0":"post-737864","1":"product","2":"type-product","3":"status-publish","5":"product_cat-akademik-kitaplar","6":"product_cat-egitim","7":"pa_cilt-ciltsiz","8":"pa_tur-kitap","9":"pa_yayinevi-zet-yayinlari","10":"pa_yazar-eyup-yeter","12":"first","13":"instock","14":"sale","15":"shipping-taxable","16":"purchasable","17":"product-type-simple"},"_links":{"self":[{"href":"https:\/\/roveyayinevi.com.tr\/index.php\/wp-json\/wp\/v2\/product\/737864","targetHints":{"allow":["GET"]}}],"collection":[{"href":"https:\/\/roveyayinevi.com.tr\/index.php\/wp-json\/wp\/v2\/product"}],"about":[{"href":"https:\/\/roveyayinevi.com.tr\/index.php\/wp-json\/wp\/v2\/types\/product"}],"wp:attachment":[{"href":"https:\/\/roveyayinevi.com.tr\/index.php\/wp-json\/wp\/v2\/media?parent=737864"}],"wp:term":[{"taxonomy":"product_brand","embeddable":true,"href":"https:\/\/roveyayinevi.com.tr\/index.php\/wp-json\/wp\/v2\/product_brand?post=737864"},{"taxonomy":"product_cat","embeddable":true,"href":"https:\/\/roveyayinevi.com.tr\/index.php\/wp-json\/wp\/v2\/product_cat?post=737864"},{"taxonomy":"product_tag","embeddable":true,"href":"https:\/\/roveyayinevi.com.tr\/index.php\/wp-json\/wp\/v2\/product_tag?post=737864"}],"curies":[{"name":"wp","href":"https:\/\/api.w.org\/{rel}","templated":true}]}}