{"id":737863,"date":"2025-08-27T23:37:43","date_gmt":"2025-08-27T20:37:43","guid":{"rendered":"https:\/\/roveyayinevi.com.tr\/index.php\/urun\/mor-menekse\/"},"modified":"2026-04-16T02:47:41","modified_gmt":"2026-04-15T23:47:41","slug":"mor-menekse","status":"publish","type":"product","link":"https:\/\/roveyayinevi.com.tr\/index.php\/urun\/mor-menekse\/","title":{"rendered":"Mor Menek\u015fe"},"content":{"rendered":"<p>Bu kitab\u0131 hala a\u015fka inananlara ad\u0131yorum. Ama nas\u0131l bir a\u015fka? Belki bir su damlas\u0131 gibi saydam ve berrak bir a\u015fka. Kitab\u0131 burada anlatmayaca\u011f\u0131m. Bu okuyaca\u011f\u0131n\u0131z sayfalar\u0131n de\u011ferini yitirmesine sebep olur. Onun i\u00e7in sevgili okuyucular\u0131m siz okuyup g\u00f6r\u00fcn kahraman\u0131m\u0131z\u0131n ba\u015f\u0131ndan ge\u00e7ecekleri. Belki benim anlatmaya \u00e7al\u0131\u015ft\u0131klar\u0131m g\u00f6z\u00fcn\u00fcze g\u00f6z\u00fckmeyecek ya da k\u00fc\u00e7\u00fck detaylarm\u0131\u015f gibi gelecek, ama zaten a\u015fk detaylarda sakl\u0131 de\u011fil midir? Belki de bu sadece benim d\u00fc\u015f\u00fcncem&#8230; Umar\u0131m ilk kitab\u0131m\u0131 be\u011fenirsiniz ve k\u00fct\u00fcphanenizin raflar\u0131na lay\u0131k g\u00f6r\u00fcrs\u00fcn\u00fcz. Eminim bundan ba\u015fka hi\u00e7bir \u015fey beni memnun edemez. <\/p>\n","protected":false},"excerpt":{"rendered":"<p>Bu kitab\u0131 hala a\u015fka inananlara ad\u0131yorum. Ama nas\u0131l bir a\u015fka? Belki bir su damlas\u0131 gibi saydam ve berrak bir a\u015fka. Kitab\u0131 burada anlatmayaca\u011f\u0131m. Bu okuyaca\u011f\u0131n\u0131z sayfalar\u0131n<span class=\"excerpt-hellip\"> [\u2026]<\/span><\/p>\n","protected":false},"featured_media":0,"template":"","meta":{"_monsterinsights_skip_tracking":false,"_monsterinsights_sitenote_active":false,"_monsterinsights_sitenote_note":"","_monsterinsights_sitenote_category":0},"product_brand":[],"product_cat":[12291,12711],"product_tag":[],"class_list":{"0":"post-737863","1":"product","2":"type-product","3":"status-publish","5":"product_cat-edebiyat","6":"product_cat-roman-oyku","7":"pa_cilt-ciltsiz","8":"pa_tur-kitap","9":"pa_yayinevi-zet-yayinlari","10":"pa_yazar-zeynep-sahincan","12":"first","13":"instock","14":"sale","15":"shipping-taxable","16":"purchasable","17":"product-type-simple"},"_links":{"self":[{"href":"https:\/\/roveyayinevi.com.tr\/index.php\/wp-json\/wp\/v2\/product\/737863","targetHints":{"allow":["GET"]}}],"collection":[{"href":"https:\/\/roveyayinevi.com.tr\/index.php\/wp-json\/wp\/v2\/product"}],"about":[{"href":"https:\/\/roveyayinevi.com.tr\/index.php\/wp-json\/wp\/v2\/types\/product"}],"wp:attachment":[{"href":"https:\/\/roveyayinevi.com.tr\/index.php\/wp-json\/wp\/v2\/media?parent=737863"}],"wp:term":[{"taxonomy":"product_brand","embeddable":true,"href":"https:\/\/roveyayinevi.com.tr\/index.php\/wp-json\/wp\/v2\/product_brand?post=737863"},{"taxonomy":"product_cat","embeddable":true,"href":"https:\/\/roveyayinevi.com.tr\/index.php\/wp-json\/wp\/v2\/product_cat?post=737863"},{"taxonomy":"product_tag","embeddable":true,"href":"https:\/\/roveyayinevi.com.tr\/index.php\/wp-json\/wp\/v2\/product_tag?post=737863"}],"curies":[{"name":"wp","href":"https:\/\/api.w.org\/{rel}","templated":true}]}}