{"id":737862,"date":"2025-08-27T23:37:42","date_gmt":"2025-08-27T20:37:42","guid":{"rendered":"https:\/\/roveyayinevi.com.tr\/index.php\/urun\/mobbing\/"},"modified":"2026-04-16T02:47:41","modified_gmt":"2026-04-15T23:47:41","slug":"mobbing","status":"publish","type":"product","link":"https:\/\/roveyayinevi.com.tr\/index.php\/urun\/mobbing\/","title":{"rendered":"Mobbing"},"content":{"rendered":"<p>Kitap, yazar\u0131n \u2018\u2019 Sivil Havac\u0131l\u0131k Alan\u0131nda Faaliyet G\u00f6steren Yer Hizmetleri \u0130\u015fletmelerinin Mobbing D\u00fczeyinin Belirlenmesi: T\u00fcrk Sivil Havac\u0131l\u0131k \u0130\u015fletmeleri \u00dczerine Bir Ara\u015ft\u0131rma\u2019\u2019 adl\u0131 eserinin geli\u015ftirilmi\u015f ve mobbing konular\u0131n\u0131n daha ak\u0131lda kal\u0131c\u0131 hale gelmesine yard\u0131mc\u0131 olabilecek \u015fekline ula\u015fm\u0131\u015ft\u0131r. \u0130nsanlar i\u015f ya\u015famlar\u0131nda \u00e7e\u015fitli sebeplerle mobbinge maruz kalabilmekte fakat maruz kald\u0131\u011f\u0131 olaylar\u0131n alt\u0131nda yatan ger\u00e7ek olgunun mobbing oldu\u011funun fark\u0131na varamamaktad\u0131r. Bu kitaptaki uyar\u0131 i\u015faretlerini izleyen ve 1. B\u00f6l\u00fcm\u00fc okuduktan sonra kendisine mobbing yap\u0131ld\u0131\u011f\u0131na kanaat getiren ki\u015fi, \u0130kinci B\u00f6l\u00fcmde ise Mobbingin sonucunda neler yapabilece\u011fi, hangi yollara, hangi s\u0131ralamayla ba\u015fvurabilece\u011fini anlayacak ve bu kitaptaki bilgiler do\u011frultusunda, \u00f6rnekleri izleyerek harekete ge\u00e7ecektir. Kitab\u0131n \u0130kinci B\u00f6l\u00fcm\u00fcnde \u2018\u2019 Mobbing Defteri \u2018\u2019 ve \u2018\u2019Mobbing Maili \u2018\u2019 olarak isimlendirdi\u011fim b\u00f6l\u00fcmler T\u00fcrkiye\u2019de bir ilk niteli\u011findedir. Herkesin i\u015f ya\u015fam\u0131nda ya\u015fayabilece\u011fi mobbing olgusundan nas\u0131l kar elde ederek \u00e7\u0131k\u0131labilece\u011finin \u00f6rneklerle anlat\u0131lmas\u0131n\u0131n yan\u0131nda \u00f6zeti ve \u00f6nerisi niteli\u011findedir. Son b\u00f6l\u00fcmde ise Mobbingin Hayat\u0131m\u0131zda sebep oldu\u011fu ac\u0131 kan\u0131tlar ve mobbingin neden oldu\u011fu en ac\u0131 verici sonu\u00e7 olan intihar olaylar\u0131 anlat\u0131lmaktad\u0131r. <\/p>\n","protected":false},"excerpt":{"rendered":"<p>Kitap, yazar\u0131n \u2018\u2019 Sivil Havac\u0131l\u0131k Alan\u0131nda Faaliyet G\u00f6steren Yer Hizmetleri \u0130\u015fletmelerinin Mobbing D\u00fczeyinin Belirlenmesi: T\u00fcrk Sivil Havac\u0131l\u0131k \u0130\u015fletmeleri \u00dczerine Bir Ara\u015ft\u0131rma\u2019\u2019 adl\u0131 eserinin geli\u015ftirilmi\u015f ve mobbing<span class=\"excerpt-hellip\"> [\u2026]<\/span><\/p>\n","protected":false},"featured_media":0,"template":"","meta":{"_monsterinsights_skip_tracking":false,"_monsterinsights_sitenote_active":false,"_monsterinsights_sitenote_note":"","_monsterinsights_sitenote_category":0},"product_brand":[],"product_cat":[13043,17647],"product_tag":[],"class_list":{"0":"post-737862","1":"product","2":"type-product","3":"status-publish","5":"product_cat-ekonomi","6":"product_cat-is-dunyasi","7":"pa_cilt-ciltsiz","8":"pa_tur-kitap","9":"pa_yayinevi-zet-yayinlari","10":"pa_yazar-ali-tolga-turkoglu","12":"first","13":"instock","14":"sale","15":"shipping-taxable","16":"purchasable","17":"product-type-simple"},"_links":{"self":[{"href":"https:\/\/roveyayinevi.com.tr\/index.php\/wp-json\/wp\/v2\/product\/737862","targetHints":{"allow":["GET"]}}],"collection":[{"href":"https:\/\/roveyayinevi.com.tr\/index.php\/wp-json\/wp\/v2\/product"}],"about":[{"href":"https:\/\/roveyayinevi.com.tr\/index.php\/wp-json\/wp\/v2\/types\/product"}],"wp:attachment":[{"href":"https:\/\/roveyayinevi.com.tr\/index.php\/wp-json\/wp\/v2\/media?parent=737862"}],"wp:term":[{"taxonomy":"product_brand","embeddable":true,"href":"https:\/\/roveyayinevi.com.tr\/index.php\/wp-json\/wp\/v2\/product_brand?post=737862"},{"taxonomy":"product_cat","embeddable":true,"href":"https:\/\/roveyayinevi.com.tr\/index.php\/wp-json\/wp\/v2\/product_cat?post=737862"},{"taxonomy":"product_tag","embeddable":true,"href":"https:\/\/roveyayinevi.com.tr\/index.php\/wp-json\/wp\/v2\/product_tag?post=737862"}],"curies":[{"name":"wp","href":"https:\/\/api.w.org\/{rel}","templated":true}]}}