{"id":737861,"date":"2025-08-27T23:37:41","date_gmt":"2025-08-27T20:37:41","guid":{"rendered":"https:\/\/roveyayinevi.com.tr\/index.php\/urun\/hukuki-normlar-medeni-hukuk-cozumlu-soru-kitabi\/"},"modified":"2026-04-16T02:47:41","modified_gmt":"2026-04-15T23:47:41","slug":"hukuki-normlar-medeni-hukuk-cozumlu-soru-kitabi","status":"publish","type":"product","link":"https:\/\/roveyayinevi.com.tr\/index.php\/urun\/hukuki-normlar-medeni-hukuk-cozumlu-soru-kitabi\/","title":{"rendered":"Hukuki Normlar Medeni Hukuk \u00c7\u00f6z\u00fcml\u00fc Soru Kitab\u0131"},"content":{"rendered":"<p>Hukuki Normlar olarak \u00e7al\u0131\u015fmalar\u0131m\u0131za ilk kitab\u0131m\u0131z olan Anayasa Hukuku \u00c7\u00f6z\u00fcml\u00fc Soru Kitab\u0131 ile ba\u015flam\u0131\u015ft\u0131k. Medeni Hukuk \u00fczerine haz\u0131rlam\u0131\u015f oldu\u011fumuz bu eserimizde amac\u0131m\u0131z t\u00fcm \u00fcniversite \u00f6\u011frencileri i\u00e7in fark\u0131ndal\u0131k olu\u015fturmakt\u0131r. Bu ama\u00e7 do\u011frultusunda siz de\u011ferli takip\u00e7ilerimiz ve hukuk\u00e7ular\u0131n kar\u015f\u0131s\u0131na Hukuki Normlar olarak hukuk alan\u0131nda \u00e7\u00f6z\u00fcml\u00fc soru kitaplar\u0131m\u0131z ile \u00e7\u0131kman\u0131n gurur ve mutlulu\u011funu ya\u015f\u0131yoruz. Haz\u0131rlam\u0131\u015f oldu\u011fumuz eserlerimizde amac\u0131m\u0131z \u00f6\u011frenmeyi kal\u0131c\u0131 bir hale getirmektir. Ayr\u0131ca s\u0131navlardaki sorulara benzer ve uyumlu formatta haz\u0131rlanan kitab\u0131m\u0131z ile siz k\u0131ymetli okuyucular\u0131m\u0131z\u0131 bir ad\u0131m daha ileriye ta\u015f\u0131may\u0131 da kendimize bu eseri yazarken bir bor\u00e7 bildik.   Bu eserin haz\u0131rlanmas\u0131nda bizlere ortak olan ve bizleri her zaman destekleyen ailelerimize, dostlar\u0131m\u0131za ve \u00e7al\u0131\u015fma arkada\u015flar\u0131m\u0131za te\u015fekk\u00fcr ederiz. Bu kitab\u0131n bas\u0131lmas\u0131nda bizlere \u00e7ok b\u00fcy\u00fck deste\u011fi olan k\u0131ymetli b\u00fcy\u00fc\u011f\u00fcm\u00fcz Hakan \u015eEN Beyefendi\u2019ye minnettar\u0131z.   Sizlere sa\u011fl\u0131k, ba\u015far\u0131 ve esenlikler diliyoruz. <\/p>\n","protected":false},"excerpt":{"rendered":"<p>Hukuki Normlar olarak \u00e7al\u0131\u015fmalar\u0131m\u0131za ilk kitab\u0131m\u0131z olan Anayasa Hukuku \u00c7\u00f6z\u00fcml\u00fc Soru Kitab\u0131 ile ba\u015flam\u0131\u015ft\u0131k. Medeni Hukuk \u00fczerine haz\u0131rlam\u0131\u015f oldu\u011fumuz bu eserimizde amac\u0131m\u0131z t\u00fcm \u00fcniversite \u00f6\u011frencileri i\u00e7in<span class=\"excerpt-hellip\"> [\u2026]<\/span><\/p>\n","protected":false},"featured_media":0,"template":"","meta":{"_monsterinsights_skip_tracking":false,"_monsterinsights_sitenote_active":false,"_monsterinsights_sitenote_note":"","_monsterinsights_sitenote_category":0},"product_brand":[],"product_cat":[15351,15350],"product_tag":[],"class_list":{"0":"post-737861","1":"product","2":"type-product","3":"status-publish","5":"product_cat-ders-kitaplari","6":"product_cat-hukuk","7":"pa_cilt-ciltsiz","8":"pa_tur-kitap","9":"pa_yayinevi-zet-yayinlari","10":"pa_yazar-zet-yayinlari-kolektif","12":"first","13":"instock","14":"sale","15":"shipping-taxable","16":"purchasable","17":"product-type-simple"},"_links":{"self":[{"href":"https:\/\/roveyayinevi.com.tr\/index.php\/wp-json\/wp\/v2\/product\/737861","targetHints":{"allow":["GET"]}}],"collection":[{"href":"https:\/\/roveyayinevi.com.tr\/index.php\/wp-json\/wp\/v2\/product"}],"about":[{"href":"https:\/\/roveyayinevi.com.tr\/index.php\/wp-json\/wp\/v2\/types\/product"}],"wp:attachment":[{"href":"https:\/\/roveyayinevi.com.tr\/index.php\/wp-json\/wp\/v2\/media?parent=737861"}],"wp:term":[{"taxonomy":"product_brand","embeddable":true,"href":"https:\/\/roveyayinevi.com.tr\/index.php\/wp-json\/wp\/v2\/product_brand?post=737861"},{"taxonomy":"product_cat","embeddable":true,"href":"https:\/\/roveyayinevi.com.tr\/index.php\/wp-json\/wp\/v2\/product_cat?post=737861"},{"taxonomy":"product_tag","embeddable":true,"href":"https:\/\/roveyayinevi.com.tr\/index.php\/wp-json\/wp\/v2\/product_tag?post=737861"}],"curies":[{"name":"wp","href":"https:\/\/api.w.org\/{rel}","templated":true}]}}