{"id":737860,"date":"2025-08-27T23:37:40","date_gmt":"2025-08-27T20:37:40","guid":{"rendered":"https:\/\/roveyayinevi.com.tr\/index.php\/urun\/matematik-ve-muzigin-tarihsel-seruveni\/"},"modified":"2026-04-16T02:47:41","modified_gmt":"2026-04-15T23:47:41","slug":"matematik-ve-muzigin-tarihsel-seruveni","status":"publish","type":"product","link":"https:\/\/roveyayinevi.com.tr\/index.php\/urun\/matematik-ve-muzigin-tarihsel-seruveni\/","title":{"rendered":"Matematik ve M\u00fczi\u011fin Tarihsel Ser\u00fcveni"},"content":{"rendered":"<p>Matematik ve m\u00fczik aras\u0131ndaki ili\u015fkinin temeli ilk olarak Antik d\u00f6nemlerde matematik\u00e7iler taraf\u0131ndan olu\u015fturulmu\u015ftur. Bu nedenle \u00e7al\u0131\u015fmalarda esas al\u0131nan say\u0131lar ve say\u0131 kuramlar\u0131ndan hareketle olu\u015fturulan yap\u0131lard\u0131r. M\u00fczik kuramc\u0131lar\u0131 taraf\u0131ndan hem m\u00fczik, hem de matematik hakk\u0131nda o d\u00f6neme ait herhangi bir ifade yer almamaktad\u0131r. Buna ra\u011fmen bu iki disiplinin birbirinden etkilendi\u011fi ve etkiledi\u011fi g\u00f6r\u00fclmektedir.   Matematik\u00e7iler taraf\u0131ndan m\u00fczik \u00fczerinde yap\u0131lan \u00e7al\u0131\u015fmalar ilk olarak Bat\u0131 m\u00fczi\u011fini, ard\u0131ndan Bat\u0131 m\u00fczi\u011fi olmayan di\u011fer m\u00fczikler \u015fekillendirdi\u011fini s\u00f6yleyebiliriz. Tasar\u0131mlar perdeler ve diziler \u00fczerinden olup hem melodilerde, hem de akorlarda duyumsal olarak g\u00fczel olan\u0131 bulma \u00e7abas\u0131n\u0131 ta\u015f\u0131maktad\u0131r. Ayn\u0131 zamanda bu \u00e7al\u0131\u015fmalar\u0131n her iki disiplin i\u00e7in yeni modellere kaynakl\u0131k etti\u011fini g\u00fcn\u00fcm\u00fczdeki yap\u0131tlar \u00fczerine yap\u0131lan analizlere bak\u0131ld\u0131\u011f\u0131nda a\u00e7\u0131k bir \u015fekilde g\u00f6r\u00fclmektedir.   Bir m\u00fczik kuramc\u0131s\u0131 ya da icrac\u0131s\u0131n\u0131n bug\u00fcnk\u00fc matematik kavramlar\u0131n\u0131 anlamas\u0131 g\u00fc\u00e7t\u00fcr. Aksi durum, bir matematik\u00e7inin de m\u00fczik i\u00e7erisinde kullan\u0131lan t\u00fcm yap\u0131lar\u0131 anlamas\u0131 i\u00e7in ge\u00e7erlidir. Yap\u0131tlar \u00fczerinden bug\u00fcn yap\u0131lan \u00e7al\u0131\u015fmalarda yeni bir dilin olu\u015ftu\u011fu g\u00f6r\u00fclmektedir. Fakat bu dilin terc\u00fcme edilmeye ihtiyac\u0131 oldu\u011funu ve ihtiyac\u0131n hem matematik, hem de m\u00fczik kuramc\u0131lar\u0131n yap\u0131tlar\u0131 ele almas\u0131 ile m\u00fcmk\u00fcn olabilece\u011fi \u00f6n g\u00f6r\u00fclmektedir.   Akustik temelde yap\u0131lan basit aritmetik i\u015flemler Antik d\u00f6nemlerde perde, aral\u0131k ve dizileri tan\u0131mlamak i\u00e7in bir ara\u00e7 haline gelmi\u015ftir. Bug\u00fcn ise yap\u0131lan \u00e7al\u0131\u015fmalarda olduk\u00e7a uzun bir yol kat edilerek yap\u0131tlar i\u00e7erisindeki yap\u0131lar\u0131n (tema, akor ve bi\u00e7imlerinin) g\u00fcn\u00fcm\u00fcz matemati\u011fi ile tan\u0131mlanmaya \u00e7al\u0131\u015f\u0131ld\u0131\u011f\u0131n\u0131 g\u00f6rmekteyiz.   M\u00fczi\u011fi Antik d\u00f6nemden bug\u00fcne \u015fekillendiren matemati\u011fin, g\u00fcn\u00fcm\u00fczde de m\u00fczi\u011fin i\u00e7inde yer ald\u0131\u011f\u0131 g\u00f6r\u00fclmektedir. Bug\u00fcn i\u00e7in matemati\u011fin m\u00fczik ile \u015fekillendi\u011fini s\u00f6ylemek g\u00fc\u00e7t\u00fcr. Fakat Antik d\u00f6nemde m\u00fczi\u011fin matemati\u011fi k\u0131smi olarak \u015fekillendirdi\u011fini s\u00f6yleyebiliriz. Kitap bu \u00e7al\u0131\u015fmalar\u0131n neler oldu\u011funu ve bug\u00fcnk\u00fc Bat\u0131 m\u00fczi\u011fi kuram\u0131n\u0131 nas\u0131l \u015fekillendirdi\u011fini dair bir a\u00e7\u0131klama getirmeye \u00e7al\u0131\u015fmaktad\u0131r. Bu nedenle \u00e7al\u0131\u015fmada matematikle m\u00fczik aras\u0131ndaki tarihsel ili\u015fkiden hareketle diziler \u00fczerinde yap\u0131lan \u00e7al\u0131\u015fmalarda kullan\u0131lan aritmetik i\u015flemler ve ard\u0131ndan ya\u015fanan geli\u015fmeler ele al\u0131nm\u0131\u015ft\u0131r. Konunun geni\u015f kapsaml\u0131 olmas\u0131ndan dolay\u0131 s\u0131n\u0131rland\u0131r\u0131lm\u0131\u015f \u00f6rnekler ve kavramlar i\u00e7ermektedir. Ama\u00e7lanan her iki disipline ilgi duyan bilimcilerin bu dile katk\u0131lar\u0131na sa\u011flamakt\u0131r. <\/p>\n","protected":false},"excerpt":{"rendered":"<p>Matematik ve m\u00fczik aras\u0131ndaki ili\u015fkinin temeli ilk olarak Antik d\u00f6nemlerde matematik\u00e7iler taraf\u0131ndan olu\u015fturulmu\u015ftur. Bu nedenle \u00e7al\u0131\u015fmalarda esas al\u0131nan say\u0131lar ve say\u0131 kuramlar\u0131ndan hareketle olu\u015fturulan yap\u0131lard\u0131r. M\u00fczik<span class=\"excerpt-hellip\"> [\u2026]<\/span><\/p>\n","protected":false},"featured_media":0,"template":"","meta":{"_monsterinsights_skip_tracking":false,"_monsterinsights_sitenote_active":false,"_monsterinsights_sitenote_note":"","_monsterinsights_sitenote_category":0},"product_brand":[],"product_cat":[12573,12566],"product_tag":[],"class_list":{"0":"post-737860","1":"product","2":"type-product","3":"status-publish","5":"product_cat-akademik-kitaplar","6":"product_cat-egitim","7":"pa_cilt-ciltsiz","8":"pa_tur-kitap","9":"pa_yayinevi-zet-yayinlari","10":"pa_yazar-ilhami-kaya","12":"first","13":"instock","14":"sale","15":"shipping-taxable","16":"purchasable","17":"product-type-simple"},"_links":{"self":[{"href":"https:\/\/roveyayinevi.com.tr\/index.php\/wp-json\/wp\/v2\/product\/737860","targetHints":{"allow":["GET"]}}],"collection":[{"href":"https:\/\/roveyayinevi.com.tr\/index.php\/wp-json\/wp\/v2\/product"}],"about":[{"href":"https:\/\/roveyayinevi.com.tr\/index.php\/wp-json\/wp\/v2\/types\/product"}],"wp:attachment":[{"href":"https:\/\/roveyayinevi.com.tr\/index.php\/wp-json\/wp\/v2\/media?parent=737860"}],"wp:term":[{"taxonomy":"product_brand","embeddable":true,"href":"https:\/\/roveyayinevi.com.tr\/index.php\/wp-json\/wp\/v2\/product_brand?post=737860"},{"taxonomy":"product_cat","embeddable":true,"href":"https:\/\/roveyayinevi.com.tr\/index.php\/wp-json\/wp\/v2\/product_cat?post=737860"},{"taxonomy":"product_tag","embeddable":true,"href":"https:\/\/roveyayinevi.com.tr\/index.php\/wp-json\/wp\/v2\/product_tag?post=737860"}],"curies":[{"name":"wp","href":"https:\/\/api.w.org\/{rel}","templated":true}]}}