{"id":737859,"date":"2025-08-27T23:37:40","date_gmt":"2025-08-27T20:37:40","guid":{"rendered":"https:\/\/roveyayinevi.com.tr\/index.php\/urun\/lokum-ciltli\/"},"modified":"2026-04-16T02:47:41","modified_gmt":"2026-04-15T23:47:41","slug":"lokum-ciltli","status":"publish","type":"product","link":"https:\/\/roveyayinevi.com.tr\/index.php\/urun\/lokum-ciltli\/","title":{"rendered":"Lokum (Ciltli)"},"content":{"rendered":"<p>25 y\u0131ll\u0131k deneyimimle, \u00f6z\u00fcne \u00f6z\u00fcm kurban mutfa\u011f\u0131m\u0131n birbirinden e\u015fsiz as\u0131rl\u0131k lezzetlerini, pelmeniden sufleye d\u00fcnya mutfa\u011f\u0131ndan \u00f6rneklerle harmanlayarak yapt\u0131m, foto\u011fraflad\u0131m, yemekten daha lezzetli diye d\u00fc\u015f\u00fcnerek tariflerini, t\u0131pk\u0131 mutfaklar\u0131m\u0131zda yapt\u0131\u011f\u0131m\u0131z gibi \u015fark\u0131larla, T\u00fcrk\u00fclerle, \u015fiirlerle birle\u015ftirip, sizlerle payla\u015ft\u0131m. Soframda ald\u0131\u011f\u0131m g\u00fczel geri d\u00f6n\u00fc\u015flerin ayn\u0131s\u0131n\u0131 alaca\u011f\u0131n\u0131zdan ve daha donan\u0131ml\u0131 olarak hemen mutfa\u011fa ko\u015faca\u011f\u0131n\u0131zdan ad\u0131m gibi eminim. Ellere sa\u011fl\u0131k, bedenlere afiyet, g\u00f6n\u00fcllere \u015fifa olsun\u2026 <\/p>\n","protected":false},"excerpt":{"rendered":"<p>25 y\u0131ll\u0131k deneyimimle, \u00f6z\u00fcne \u00f6z\u00fcm kurban mutfa\u011f\u0131m\u0131n birbirinden e\u015fsiz as\u0131rl\u0131k lezzetlerini, pelmeniden sufleye d\u00fcnya mutfa\u011f\u0131ndan \u00f6rneklerle harmanlayarak yapt\u0131m, foto\u011fraflad\u0131m, yemekten daha lezzetli diye d\u00fc\u015f\u00fcnerek tariflerini, t\u0131pk\u0131<span class=\"excerpt-hellip\"> [\u2026]<\/span><\/p>\n","protected":false},"featured_media":0,"template":"","meta":{"_monsterinsights_skip_tracking":false,"_monsterinsights_sitenote_active":false,"_monsterinsights_sitenote_note":"","_monsterinsights_sitenote_category":0},"product_brand":[],"product_cat":[22706,12457],"product_tag":[],"class_list":{"0":"post-737859","1":"product","2":"type-product","3":"status-publish","5":"product_cat-dunya-mutfagi","6":"product_cat-yemek-kitaplari","7":"pa_cilt-ciltli","8":"pa_tur-kitap","9":"pa_yayinevi-zet-yayinlari","10":"pa_yazar-rabiye-yalcin","12":"first","13":"instock","14":"sale","15":"shipping-taxable","16":"purchasable","17":"product-type-simple"},"_links":{"self":[{"href":"https:\/\/roveyayinevi.com.tr\/index.php\/wp-json\/wp\/v2\/product\/737859","targetHints":{"allow":["GET"]}}],"collection":[{"href":"https:\/\/roveyayinevi.com.tr\/index.php\/wp-json\/wp\/v2\/product"}],"about":[{"href":"https:\/\/roveyayinevi.com.tr\/index.php\/wp-json\/wp\/v2\/types\/product"}],"wp:attachment":[{"href":"https:\/\/roveyayinevi.com.tr\/index.php\/wp-json\/wp\/v2\/media?parent=737859"}],"wp:term":[{"taxonomy":"product_brand","embeddable":true,"href":"https:\/\/roveyayinevi.com.tr\/index.php\/wp-json\/wp\/v2\/product_brand?post=737859"},{"taxonomy":"product_cat","embeddable":true,"href":"https:\/\/roveyayinevi.com.tr\/index.php\/wp-json\/wp\/v2\/product_cat?post=737859"},{"taxonomy":"product_tag","embeddable":true,"href":"https:\/\/roveyayinevi.com.tr\/index.php\/wp-json\/wp\/v2\/product_tag?post=737859"}],"curies":[{"name":"wp","href":"https:\/\/api.w.org\/{rel}","templated":true}]}}