{"id":737856,"date":"2025-08-27T23:37:36","date_gmt":"2025-08-27T20:37:36","guid":{"rendered":"https:\/\/roveyayinevi.com.tr\/index.php\/urun\/iste-bizim-masalimiz\/"},"modified":"2026-04-16T02:47:41","modified_gmt":"2026-04-15T23:47:41","slug":"iste-bizim-masalimiz","status":"publish","type":"product","link":"https:\/\/roveyayinevi.com.tr\/index.php\/urun\/iste-bizim-masalimiz\/","title":{"rendered":"\u0130\u015fte Bizim Masal\u0131m\u0131z"},"content":{"rendered":"<p>Adam onu ilk g\u00f6rd\u00fc\u011f\u00fcnde y\u00fcre\u011fine koymu\u015ftu. O onun i\u00e7in huzurdu, mutluluktu\u2026 O ge\u00e7mi\u015ften gelen beklenen sevgiliydi. O \u00f6yle alg\u0131lad\u0131 ve onu hi\u00e7bir zaman terk etmedi, yoklu\u011funu hi\u00e7 d\u00fc\u015f\u00fcnmedi. O sevgili can\u0131nda cand\u0131, r\u00fcyas\u0131yd\u0131 adam\u0131n. Her bakt\u0131\u011f\u0131nda tekrar tekrar a\u015f\u0131k oldu\u011fu kad\u0131nd\u0131, zafiyetiydi adam\u0131n\u2026 Peki neden gitti? <\/p>\n","protected":false},"excerpt":{"rendered":"<p>Adam onu ilk g\u00f6rd\u00fc\u011f\u00fcnde y\u00fcre\u011fine koymu\u015ftu. O onun i\u00e7in huzurdu, mutluluktu\u2026 O ge\u00e7mi\u015ften gelen beklenen sevgiliydi. O \u00f6yle alg\u0131lad\u0131 ve onu hi\u00e7bir zaman terk etmedi, yoklu\u011funu<span class=\"excerpt-hellip\"> [\u2026]<\/span><\/p>\n","protected":false},"featured_media":0,"template":"","meta":{"_monsterinsights_skip_tracking":false,"_monsterinsights_sitenote_active":false,"_monsterinsights_sitenote_note":"","_monsterinsights_sitenote_category":0},"product_brand":[],"product_cat":[12291,12711],"product_tag":[],"class_list":{"0":"post-737856","1":"product","2":"type-product","3":"status-publish","5":"product_cat-edebiyat","6":"product_cat-roman-oyku","7":"pa_cilt-ciltsiz","8":"pa_tur-kitap","9":"pa_yayinevi-zet-yayinlari","10":"pa_yazar-arif-arica","12":"first","13":"instock","14":"sale","15":"shipping-taxable","16":"purchasable","17":"product-type-simple"},"_links":{"self":[{"href":"https:\/\/roveyayinevi.com.tr\/index.php\/wp-json\/wp\/v2\/product\/737856","targetHints":{"allow":["GET"]}}],"collection":[{"href":"https:\/\/roveyayinevi.com.tr\/index.php\/wp-json\/wp\/v2\/product"}],"about":[{"href":"https:\/\/roveyayinevi.com.tr\/index.php\/wp-json\/wp\/v2\/types\/product"}],"wp:attachment":[{"href":"https:\/\/roveyayinevi.com.tr\/index.php\/wp-json\/wp\/v2\/media?parent=737856"}],"wp:term":[{"taxonomy":"product_brand","embeddable":true,"href":"https:\/\/roveyayinevi.com.tr\/index.php\/wp-json\/wp\/v2\/product_brand?post=737856"},{"taxonomy":"product_cat","embeddable":true,"href":"https:\/\/roveyayinevi.com.tr\/index.php\/wp-json\/wp\/v2\/product_cat?post=737856"},{"taxonomy":"product_tag","embeddable":true,"href":"https:\/\/roveyayinevi.com.tr\/index.php\/wp-json\/wp\/v2\/product_tag?post=737856"}],"curies":[{"name":"wp","href":"https:\/\/api.w.org\/{rel}","templated":true}]}}