{"id":737855,"date":"2025-08-27T23:37:35","date_gmt":"2025-08-27T20:37:35","guid":{"rendered":"https:\/\/roveyayinevi.com.tr\/index.php\/urun\/islam-ekonomisi-bibliyografyasi\/"},"modified":"2026-04-16T02:47:41","modified_gmt":"2026-04-15T23:47:41","slug":"islam-ekonomisi-bibliyografyasi","status":"publish","type":"product","link":"https:\/\/roveyayinevi.com.tr\/index.php\/urun\/islam-ekonomisi-bibliyografyasi\/","title":{"rendered":"\u0130slam Ekonomisi Bibliyografyas\u0131"},"content":{"rendered":"<p>\u201c\u0130slam Ekonomisi Bibliyografyas\u0131\u201dadl\u0131 bu \u00e7al\u0131\u015fman\u0131n haz\u0131rlanmas\u0131ndaki birincil sebep \u00fclkemizdeki bibliyografik eserlerin yok denecek kadar azl\u0131\u011f\u0131d\u0131r. S\u00f6z konusu \u00e7al\u0131\u015fma, \u0130slam Ekonomisi ve alt disiplininden olu\u015fan konular\u0131 i\u00e7eren kitaplar\u0131n k\u00fcnyelerinin tespit edilmesi suretiyle haz\u0131rlanm\u0131\u015ft\u0131r. <\/p>\n","protected":false},"excerpt":{"rendered":"<p>\u201c\u0130slam Ekonomisi Bibliyografyas\u0131\u201dadl\u0131 bu \u00e7al\u0131\u015fman\u0131n haz\u0131rlanmas\u0131ndaki birincil sebep \u00fclkemizdeki bibliyografik eserlerin yok denecek kadar azl\u0131\u011f\u0131d\u0131r. S\u00f6z konusu \u00e7al\u0131\u015fma, \u0130slam Ekonomisi ve alt disiplininden olu\u015fan konular\u0131 i\u00e7eren<span class=\"excerpt-hellip\"> [\u2026]<\/span><\/p>\n","protected":false},"featured_media":0,"template":"","meta":{"_monsterinsights_skip_tracking":false,"_monsterinsights_sitenote_active":false,"_monsterinsights_sitenote_note":"","_monsterinsights_sitenote_category":0},"product_brand":[],"product_cat":[12718,12719],"product_tag":[],"class_list":{"0":"post-737855","1":"product","2":"type-product","3":"status-publish","5":"product_cat-din","6":"product_cat-islam","7":"pa_cilt-ciltsiz","8":"pa_tur-kitap","9":"pa_yayinevi-zet-yayinlari","10":"pa_yazar-fevzi-mercanoglu","12":"first","13":"instock","14":"sale","15":"shipping-taxable","16":"purchasable","17":"product-type-simple"},"_links":{"self":[{"href":"https:\/\/roveyayinevi.com.tr\/index.php\/wp-json\/wp\/v2\/product\/737855","targetHints":{"allow":["GET"]}}],"collection":[{"href":"https:\/\/roveyayinevi.com.tr\/index.php\/wp-json\/wp\/v2\/product"}],"about":[{"href":"https:\/\/roveyayinevi.com.tr\/index.php\/wp-json\/wp\/v2\/types\/product"}],"wp:attachment":[{"href":"https:\/\/roveyayinevi.com.tr\/index.php\/wp-json\/wp\/v2\/media?parent=737855"}],"wp:term":[{"taxonomy":"product_brand","embeddable":true,"href":"https:\/\/roveyayinevi.com.tr\/index.php\/wp-json\/wp\/v2\/product_brand?post=737855"},{"taxonomy":"product_cat","embeddable":true,"href":"https:\/\/roveyayinevi.com.tr\/index.php\/wp-json\/wp\/v2\/product_cat?post=737855"},{"taxonomy":"product_tag","embeddable":true,"href":"https:\/\/roveyayinevi.com.tr\/index.php\/wp-json\/wp\/v2\/product_tag?post=737855"}],"curies":[{"name":"wp","href":"https:\/\/api.w.org\/{rel}","templated":true}]}}