{"id":737853,"date":"2025-08-27T23:37:33","date_gmt":"2025-08-27T20:37:33","guid":{"rendered":"https:\/\/roveyayinevi.com.tr\/index.php\/urun\/hukuki-normlar-idare-hukuku-cozumlu-soru-kitabi\/"},"modified":"2026-04-16T02:47:41","modified_gmt":"2026-04-15T23:47:41","slug":"hukuki-normlar-idare-hukuku-cozumlu-soru-kitabi","status":"publish","type":"product","link":"https:\/\/roveyayinevi.com.tr\/index.php\/urun\/hukuki-normlar-idare-hukuku-cozumlu-soru-kitabi\/","title":{"rendered":"Hukuki Normlar \u0130dare Hukuku \u00c7\u00f6z\u00fcml\u00fc Soru Kitab\u0131"},"content":{"rendered":"<p>\u0130dare hukuku \u00fczerine yazm\u0131\u015f oldu\u011fumuz \u00e7\u00f6z\u00fcml\u00fc soru kitab\u0131m\u0131z idare hukuku ile ilgili t\u00fcm alanlarda kolayl\u0131kla kullanabilece\u011finiz bir kitapt\u0131r. Adli ve idari yarg\u0131 hakim \u2013 savc\u0131l\u0131k, kaymakaml\u0131k ve KPSS s\u0131navlar\u0131nda ayr\u0131ca \u00fcniversite vize ve final s\u0131navlar\u0131nda yard\u0131mc\u0131 kaynak olarak kullanabilece\u011finiz bu kitab\u0131m\u0131z 2017 Anayasa de\u011fi\u015fikli\u011fine g\u00f6re revize edilmi\u015f soru ve \u00e7\u00f6z\u00fcmlerinden olu\u015fmaktad\u0131r. Hukuki Normlar olarak \u00d6SYM standartlar\u0131n\u0131 yakalayan bir yay\u0131nc\u0131l\u0131k hizmetini sizlere sunmaktan ve her y\u0131l tutturmu\u015f oldu\u011fumuz sorularla sizlerin ba\u015far\u0131s\u0131na ilave katk\u0131 sa\u011flam\u0131\u015f olmaktan mutluluk duymaktay\u0131z. Hukuk kitaplar\u0131n\u0131n pahal\u0131 ve az say\u0131da olmas\u0131ndan dolay\u0131 her kesimden insan\u0131n b\u00fct\u00e7esine uygun sat\u0131\u015fa sunaca\u011f\u0131m\u0131z bu kitap hukuk camias\u0131 ve siz k\u0131ymetli arkada\u015flar\u0131m\u0131z i\u00e7in hay\u0131rl\u0131 u\u011furlu olsun. Unutmadan \u015funu da belirtmek isteriz ki her \u00e7\u0131kan kitab\u0131m\u0131zda atm\u0131\u015f oldu\u011fumuz bir slogan\u0131m\u0131z vard\u0131r. Bu kitab\u0131m\u0131zda ki vizyon ve misyon slogan\u0131m\u0131z takdir buyurursan\u0131z ki \u201c\u0130yi idare hissedilmeyen idaredir.\u201d olacakt\u0131r.   Sizlere sa\u011fl\u0131k, ba\u015far\u0131 ve esenlikler diliyoruz. <\/p>\n","protected":false},"excerpt":{"rendered":"<p>\u0130dare hukuku \u00fczerine yazm\u0131\u015f oldu\u011fumuz \u00e7\u00f6z\u00fcml\u00fc soru kitab\u0131m\u0131z idare hukuku ile ilgili t\u00fcm alanlarda kolayl\u0131kla kullanabilece\u011finiz bir kitapt\u0131r. Adli ve idari yarg\u0131 hakim \u2013 savc\u0131l\u0131k, kaymakaml\u0131k<span class=\"excerpt-hellip\"> [\u2026]<\/span><\/p>\n","protected":false},"featured_media":0,"template":"","meta":{"_monsterinsights_skip_tracking":false,"_monsterinsights_sitenote_active":false,"_monsterinsights_sitenote_note":"","_monsterinsights_sitenote_category":0},"product_brand":[],"product_cat":[15351,15350],"product_tag":[],"class_list":{"0":"post-737853","1":"product","2":"type-product","3":"status-publish","5":"product_cat-ders-kitaplari","6":"product_cat-hukuk","7":"pa_cilt-ciltsiz","8":"pa_tur-kitap","9":"pa_yayinevi-zet-yayinlari","10":"pa_yazar-muhammed-kemal-kendir","12":"first","13":"instock","14":"sale","15":"shipping-taxable","16":"purchasable","17":"product-type-simple"},"_links":{"self":[{"href":"https:\/\/roveyayinevi.com.tr\/index.php\/wp-json\/wp\/v2\/product\/737853","targetHints":{"allow":["GET"]}}],"collection":[{"href":"https:\/\/roveyayinevi.com.tr\/index.php\/wp-json\/wp\/v2\/product"}],"about":[{"href":"https:\/\/roveyayinevi.com.tr\/index.php\/wp-json\/wp\/v2\/types\/product"}],"wp:attachment":[{"href":"https:\/\/roveyayinevi.com.tr\/index.php\/wp-json\/wp\/v2\/media?parent=737853"}],"wp:term":[{"taxonomy":"product_brand","embeddable":true,"href":"https:\/\/roveyayinevi.com.tr\/index.php\/wp-json\/wp\/v2\/product_brand?post=737853"},{"taxonomy":"product_cat","embeddable":true,"href":"https:\/\/roveyayinevi.com.tr\/index.php\/wp-json\/wp\/v2\/product_cat?post=737853"},{"taxonomy":"product_tag","embeddable":true,"href":"https:\/\/roveyayinevi.com.tr\/index.php\/wp-json\/wp\/v2\/product_tag?post=737853"}],"curies":[{"name":"wp","href":"https:\/\/api.w.org\/{rel}","templated":true}]}}