{"id":737852,"date":"2025-08-27T23:37:32","date_gmt":"2025-08-27T20:37:32","guid":{"rendered":"https:\/\/roveyayinevi.com.tr\/index.php\/urun\/huznun-dibi\/"},"modified":"2026-04-16T02:47:41","modified_gmt":"2026-04-15T23:47:41","slug":"huznun-dibi","status":"publish","type":"product","link":"https:\/\/roveyayinevi.com.tr\/index.php\/urun\/huznun-dibi\/","title":{"rendered":"H\u00fczn\u00fcn Dibi"},"content":{"rendered":"<p>H\u00dcZN\u00dcN D\u0130B\u0130   Ate\u015fle su gibiyiz art\u0131k   Siyahla beyaz, ya\u015famla \u00f6l\u00fcm gibi   Akl\u0131m\u0131zdan ge\u00e7mezdi ayr\u0131l\u0131k   Bu son nokta; h\u00fczn\u00fcn dibi           Birken iki, ikiyken birdik hani?   Umrumuz de\u011fildi g\u00fcnd\u00fcz m\u00fc gece mi?   Hat\u0131rlar m\u0131s\u0131n sevgilim o g\u00fczel g\u00fcnleri?   \u015eimdi bu son nokta; h\u00fczn\u00fcn dibi! \u00c7ocuklu\u011fuma; o g\u00fczel yere, Nall\u0131han\u2019a selam olsun&#8230; <\/p>\n","protected":false},"excerpt":{"rendered":"<p>H\u00dcZN\u00dcN D\u0130B\u0130 Ate\u015fle su gibiyiz art\u0131k Siyahla beyaz, ya\u015famla \u00f6l\u00fcm gibi Akl\u0131m\u0131zdan ge\u00e7mezdi ayr\u0131l\u0131k Bu son nokta; h\u00fczn\u00fcn dibi Birken iki, ikiyken birdik hani? Umrumuz de\u011fildi<span class=\"excerpt-hellip\"> [\u2026]<\/span><\/p>\n","protected":false},"featured_media":0,"template":"","meta":{"_monsterinsights_skip_tracking":false,"_monsterinsights_sitenote_active":false,"_monsterinsights_sitenote_note":"","_monsterinsights_sitenote_category":0},"product_brand":[],"product_cat":[12291,12509],"product_tag":[],"class_list":{"0":"post-737852","1":"product","2":"type-product","3":"status-publish","5":"product_cat-edebiyat","6":"product_cat-siir","7":"pa_cilt-ciltsiz","8":"pa_tur-kitap","9":"pa_yayinevi-zet-yayinlari","10":"pa_yazar-sair-ms","12":"first","13":"instock","14":"sale","15":"shipping-taxable","16":"purchasable","17":"product-type-simple"},"_links":{"self":[{"href":"https:\/\/roveyayinevi.com.tr\/index.php\/wp-json\/wp\/v2\/product\/737852","targetHints":{"allow":["GET"]}}],"collection":[{"href":"https:\/\/roveyayinevi.com.tr\/index.php\/wp-json\/wp\/v2\/product"}],"about":[{"href":"https:\/\/roveyayinevi.com.tr\/index.php\/wp-json\/wp\/v2\/types\/product"}],"wp:attachment":[{"href":"https:\/\/roveyayinevi.com.tr\/index.php\/wp-json\/wp\/v2\/media?parent=737852"}],"wp:term":[{"taxonomy":"product_brand","embeddable":true,"href":"https:\/\/roveyayinevi.com.tr\/index.php\/wp-json\/wp\/v2\/product_brand?post=737852"},{"taxonomy":"product_cat","embeddable":true,"href":"https:\/\/roveyayinevi.com.tr\/index.php\/wp-json\/wp\/v2\/product_cat?post=737852"},{"taxonomy":"product_tag","embeddable":true,"href":"https:\/\/roveyayinevi.com.tr\/index.php\/wp-json\/wp\/v2\/product_tag?post=737852"}],"curies":[{"name":"wp","href":"https:\/\/api.w.org\/{rel}","templated":true}]}}