{"id":737849,"date":"2025-08-27T23:37:29","date_gmt":"2025-08-27T20:37:29","guid":{"rendered":"https:\/\/roveyayinevi.com.tr\/index.php\/urun\/hangimiz-sevmedik\/"},"modified":"2026-04-11T14:06:35","modified_gmt":"2026-04-11T11:06:35","slug":"hangimiz-sevmedik","status":"publish","type":"product","link":"https:\/\/roveyayinevi.com.tr\/index.php\/urun\/hangimiz-sevmedik\/","title":{"rendered":"Hangimiz Sevmedik"},"content":{"rendered":"<p>PUSLU HAVALAR   Ka\u00e7\u0131r\u0131yorum art\u0131k g\u00f6zlerinden g\u00f6zlerimi,   Ard\u0131ma bakmaktan g\u00f6remiyorum \u00f6n\u00fcm\u00fc,   Rast gitmiyor i\u015fim g\u00fcc\u00fcm,   Dar geliyor sensiz sokaklar,     Yaln\u0131z y\u00fcr\u00fcyorum g\u00f6lgemi bile g\u00f6remez oldum,   I\u015f\u0131klar s\u00f6n\u00fck, yollar sessiz,   Ellerim cebimde, sigaram bitti,   G\u00fcne\u015f do\u011fmak \u00fczere,   Sadece y\u00fcr\u00fcyorum,   Sen o s\u0131rada r\u00fcyalarda, Ben ise puslu havalarda. <\/p>\n","protected":false},"excerpt":{"rendered":"<p>PUSLU HAVALAR Ka\u00e7\u0131r\u0131yorum art\u0131k g\u00f6zlerinden g\u00f6zlerimi, Ard\u0131ma bakmaktan g\u00f6remiyorum \u00f6n\u00fcm\u00fc, Rast gitmiyor i\u015fim g\u00fcc\u00fcm, Dar geliyor sensiz sokaklar, Yaln\u0131z y\u00fcr\u00fcyorum g\u00f6lgemi bile g\u00f6remez oldum, I\u015f\u0131klar s\u00f6n\u00fck,<span class=\"excerpt-hellip\"> [\u2026]<\/span><\/p>\n","protected":false},"featured_media":0,"template":"","meta":{"_monsterinsights_skip_tracking":false,"_monsterinsights_sitenote_active":false,"_monsterinsights_sitenote_note":"","_monsterinsights_sitenote_category":0},"product_brand":[],"product_cat":[12291,12509],"product_tag":[],"class_list":{"0":"post-737849","1":"product","2":"type-product","3":"status-publish","5":"product_cat-edebiyat","6":"product_cat-siir","7":"pa_cilt-ciltsiz","8":"pa_tur-kitap","9":"pa_yayinevi-zet-yayinlari","10":"pa_yazar-ramazan-kaya","12":"first","13":"instock","14":"sale","15":"shipping-taxable","16":"purchasable","17":"product-type-simple"},"_links":{"self":[{"href":"https:\/\/roveyayinevi.com.tr\/index.php\/wp-json\/wp\/v2\/product\/737849","targetHints":{"allow":["GET"]}}],"collection":[{"href":"https:\/\/roveyayinevi.com.tr\/index.php\/wp-json\/wp\/v2\/product"}],"about":[{"href":"https:\/\/roveyayinevi.com.tr\/index.php\/wp-json\/wp\/v2\/types\/product"}],"wp:attachment":[{"href":"https:\/\/roveyayinevi.com.tr\/index.php\/wp-json\/wp\/v2\/media?parent=737849"}],"wp:term":[{"taxonomy":"product_brand","embeddable":true,"href":"https:\/\/roveyayinevi.com.tr\/index.php\/wp-json\/wp\/v2\/product_brand?post=737849"},{"taxonomy":"product_cat","embeddable":true,"href":"https:\/\/roveyayinevi.com.tr\/index.php\/wp-json\/wp\/v2\/product_cat?post=737849"},{"taxonomy":"product_tag","embeddable":true,"href":"https:\/\/roveyayinevi.com.tr\/index.php\/wp-json\/wp\/v2\/product_tag?post=737849"}],"curies":[{"name":"wp","href":"https:\/\/api.w.org\/{rel}","templated":true}]}}