{"id":737848,"date":"2025-08-27T23:37:28","date_gmt":"2025-08-27T20:37:28","guid":{"rendered":"https:\/\/roveyayinevi.com.tr\/index.php\/urun\/gunaydin-ogretmenim\/"},"modified":"2026-04-16T02:47:41","modified_gmt":"2026-04-15T23:47:41","slug":"gunaydin-ogretmenim","status":"publish","type":"product","link":"https:\/\/roveyayinevi.com.tr\/index.php\/urun\/gunaydin-ogretmenim\/","title":{"rendered":"G\u00fcnayd\u0131n \u00d6\u011fretmenim"},"content":{"rendered":"<p>\u2018\u00d6\u011fretmen ayd\u0131nl\u0131k gelece\u011fin teminat\u0131d\u0131r.\u2019 diye \u00e7ok kez duymu\u015fuzdur. Her zaman \u00f6\u011fretmenlik g\u00f6revinin kutsiyetinden ve bir peygamberlik mesle\u011fi olmas\u0131ndan s\u00f6z eden nice e\u011fitimciler ve dostlar\u0131m\u0131z olmu\u015ftur. \u015e\u00fcphesiz bu y\u00f6nde genel bir kan\u0131 vard\u0131r. Elbette bir \u00f6\u011fretmenin yar\u0131nlar\u0131n mimar\u0131 oldu\u011fu, gelecek ku\u015faklar\u0131n zihin haritas\u0131n\u0131 bu g\u00fcnden minik zihinlere nak\u015fetti\u011fi ge\u00e7mi\u015ften g\u00fcn\u00fcm\u00fcze a\u00e7\u0131k\u00e7a bilinen ve tecr\u00fcbe edilen bir ger\u00e7ektir. Bu kitab\u0131mda \u00f6\u011fretmenlik g\u00f6revi hakk\u0131nda kendimize onlarca soru sormaya neden olacak olaylar\u0131, \u00f6\u011frencilere sorulmas\u0131 daha uygun olabilecek sorular\u0131, ara\u015ft\u0131rmalar\u0131 ve yapt\u0131\u011f\u0131m durum tespitlerini sunaca\u011f\u0131m. <\/p>\n","protected":false},"excerpt":{"rendered":"<p>\u2018\u00d6\u011fretmen ayd\u0131nl\u0131k gelece\u011fin teminat\u0131d\u0131r.\u2019 diye \u00e7ok kez duymu\u015fuzdur. Her zaman \u00f6\u011fretmenlik g\u00f6revinin kutsiyetinden ve bir peygamberlik mesle\u011fi olmas\u0131ndan s\u00f6z eden nice e\u011fitimciler ve dostlar\u0131m\u0131z olmu\u015ftur. \u015e\u00fcphesiz<span class=\"excerpt-hellip\"> [\u2026]<\/span><\/p>\n","protected":false},"featured_media":0,"template":"","meta":{"_monsterinsights_skip_tracking":false,"_monsterinsights_sitenote_active":false,"_monsterinsights_sitenote_note":"","_monsterinsights_sitenote_category":0},"product_brand":[],"product_cat":[12777,12291],"product_tag":[],"class_list":{"0":"post-737848","1":"product","2":"type-product","3":"status-publish","5":"product_cat-deneme","6":"product_cat-edebiyat","7":"pa_cilt-ciltsiz","8":"pa_tur-kitap","9":"pa_yayinevi-zet-yayinlari","10":"pa_yazar-engin-guvenc","12":"first","13":"instock","14":"sale","15":"shipping-taxable","16":"purchasable","17":"product-type-simple"},"_links":{"self":[{"href":"https:\/\/roveyayinevi.com.tr\/index.php\/wp-json\/wp\/v2\/product\/737848","targetHints":{"allow":["GET"]}}],"collection":[{"href":"https:\/\/roveyayinevi.com.tr\/index.php\/wp-json\/wp\/v2\/product"}],"about":[{"href":"https:\/\/roveyayinevi.com.tr\/index.php\/wp-json\/wp\/v2\/types\/product"}],"wp:attachment":[{"href":"https:\/\/roveyayinevi.com.tr\/index.php\/wp-json\/wp\/v2\/media?parent=737848"}],"wp:term":[{"taxonomy":"product_brand","embeddable":true,"href":"https:\/\/roveyayinevi.com.tr\/index.php\/wp-json\/wp\/v2\/product_brand?post=737848"},{"taxonomy":"product_cat","embeddable":true,"href":"https:\/\/roveyayinevi.com.tr\/index.php\/wp-json\/wp\/v2\/product_cat?post=737848"},{"taxonomy":"product_tag","embeddable":true,"href":"https:\/\/roveyayinevi.com.tr\/index.php\/wp-json\/wp\/v2\/product_tag?post=737848"}],"curies":[{"name":"wp","href":"https:\/\/api.w.org\/{rel}","templated":true}]}}