{"id":737847,"date":"2025-08-27T23:37:26","date_gmt":"2025-08-27T20:37:26","guid":{"rendered":"https:\/\/roveyayinevi.com.tr\/index.php\/urun\/gonul-sesim\/"},"modified":"2026-04-16T02:47:41","modified_gmt":"2026-04-15T23:47:41","slug":"gonul-sesim","status":"publish","type":"product","link":"https:\/\/roveyayinevi.com.tr\/index.php\/urun\/gonul-sesim\/","title":{"rendered":"G\u00f6n\u00fcl Sesim"},"content":{"rendered":"<p>Bu eser, ba\u015f\u0131ma gelen \u015feylerin en g\u00fczeli, tatl\u0131 m\u0131 tatl\u0131, gayet co\u015fkulu a\u015fk tecr\u00fcbemin, duygu d\u00fcnyam\u0131n, his alemimin ve adeta G\u00f6n\u00fcl Sesi\u2019min elden geldi\u011fince kalemle ifadesidir. Ama tamam\u0131 de\u011fil; bir nebzesi&#8230; ayn\u0131s\u0131 de\u011fil; g\u00f6r\u00fcnt\u00fcs\u00fc&#8230; t\u00fcm\u00fcyle de\u011fil; bir y\u00f6nl\u00fcs\u00fc&#8230; Zira a\u015fk bir okyanus ki i\u00e7mekle bitmez! Hatta o, kayna\u011f\u0131n\u0131, a\u015f\u0131klar\u0131n i\u00e7melerinden al\u0131r ki b\u00f6ylece i\u00e7ildik\u00e7e artar!..   Hep artar o; azalmas\u0131 yok!   Can yakar o; \u00fcz\u00fclmesi yok!   \u201cBen\u201d y\u0131kar o; bozulmas\u0131 yok!   \u0130\u015fte b\u00f6yle bir okyanustan herkes ancak kendi nasibi kadar al\u0131r; ki bu bile anlat\u0131lmas\u0131 g\u00fc\u00e7 bir miktard\u0131r. Zira duygular sonsuz; laf\u0131zlar duygusuz!.. Hayaller duraks\u0131z; kalemler hayalsiz!.. G\u00f6n\u00fcller s\u0131n\u0131rs\u0131z; kelimeler yetersiz&#8230; <\/p>\n","protected":false},"excerpt":{"rendered":"<p>Bu eser, ba\u015f\u0131ma gelen \u015feylerin en g\u00fczeli, tatl\u0131 m\u0131 tatl\u0131, gayet co\u015fkulu a\u015fk tecr\u00fcbemin, duygu d\u00fcnyam\u0131n, his alemimin ve adeta G\u00f6n\u00fcl Sesi\u2019min elden geldi\u011fince kalemle ifadesidir.<span class=\"excerpt-hellip\"> [\u2026]<\/span><\/p>\n","protected":false},"featured_media":0,"template":"","meta":{"_monsterinsights_skip_tracking":false,"_monsterinsights_sitenote_active":false,"_monsterinsights_sitenote_note":"","_monsterinsights_sitenote_category":0},"product_brand":[],"product_cat":[12291,12509],"product_tag":[],"class_list":{"0":"post-737847","1":"product","2":"type-product","3":"status-publish","5":"product_cat-edebiyat","6":"product_cat-siir","7":"pa_cilt-ciltsiz","8":"pa_tur-kitap","9":"pa_yayinevi-zet-yayinlari","10":"pa_yazar-abdullah-karadogan","12":"first","13":"instock","14":"sale","15":"shipping-taxable","16":"purchasable","17":"product-type-simple"},"_links":{"self":[{"href":"https:\/\/roveyayinevi.com.tr\/index.php\/wp-json\/wp\/v2\/product\/737847","targetHints":{"allow":["GET"]}}],"collection":[{"href":"https:\/\/roveyayinevi.com.tr\/index.php\/wp-json\/wp\/v2\/product"}],"about":[{"href":"https:\/\/roveyayinevi.com.tr\/index.php\/wp-json\/wp\/v2\/types\/product"}],"wp:attachment":[{"href":"https:\/\/roveyayinevi.com.tr\/index.php\/wp-json\/wp\/v2\/media?parent=737847"}],"wp:term":[{"taxonomy":"product_brand","embeddable":true,"href":"https:\/\/roveyayinevi.com.tr\/index.php\/wp-json\/wp\/v2\/product_brand?post=737847"},{"taxonomy":"product_cat","embeddable":true,"href":"https:\/\/roveyayinevi.com.tr\/index.php\/wp-json\/wp\/v2\/product_cat?post=737847"},{"taxonomy":"product_tag","embeddable":true,"href":"https:\/\/roveyayinevi.com.tr\/index.php\/wp-json\/wp\/v2\/product_tag?post=737847"}],"curies":[{"name":"wp","href":"https:\/\/api.w.org\/{rel}","templated":true}]}}