{"id":737846,"date":"2025-08-27T23:37:25","date_gmt":"2025-08-27T20:37:25","guid":{"rendered":"https:\/\/roveyayinevi.com.tr\/index.php\/urun\/gece-gibi\/"},"modified":"2026-04-16T02:47:41","modified_gmt":"2026-04-15T23:47:41","slug":"gece-gibi","status":"publish","type":"product","link":"https:\/\/roveyayinevi.com.tr\/index.php\/urun\/gece-gibi\/","title":{"rendered":"Gece Gibi"},"content":{"rendered":"<p>&#8221; Hem ellerin renk tutar senin ve ben o rengin pe\u015findeyim.   Bulutlar\u0131n farkl\u0131 anlamlar\u0131 var art\u0131k, unutman\u0131n bamba\u015fka.   \u0130ki t\u00fcrl\u00fcs\u00fc de yoku\u015flar\u0131 betimlemiyor mu sana?   Alfabeler t\u00fckeniyor, sorular zorla\u015f\u0131yor.   Sana hi\u00e7 sonsuzluktan bahsettiler mi?   \u00c7ok isterdim fakat,   Hayat her \u015feyin g\u00fczel gitti\u011fi bir masal de\u011fil.   Hem ellerin renk tutar senin, hem de g\u00fcl\u00fcc\u00fcklerin.   Ben o rengin pe\u015findeyim.   \u0130\u015fte o renk sonsuzluk yeridir.   Sonsuzluk; Gece Gibi&#8217;dir.&#8221; <\/p>\n","protected":false},"excerpt":{"rendered":"<p>&#8221; Hem ellerin renk tutar senin ve ben o rengin pe\u015findeyim. Bulutlar\u0131n farkl\u0131 anlamlar\u0131 var art\u0131k, unutman\u0131n bamba\u015fka. \u0130ki t\u00fcrl\u00fcs\u00fc de yoku\u015flar\u0131 betimlemiyor mu sana? Alfabeler<span class=\"excerpt-hellip\"> [\u2026]<\/span><\/p>\n","protected":false},"featured_media":0,"template":"","meta":{"_monsterinsights_skip_tracking":false,"_monsterinsights_sitenote_active":false,"_monsterinsights_sitenote_note":"","_monsterinsights_sitenote_category":0},"product_brand":[],"product_cat":[12291,12711],"product_tag":[],"class_list":{"0":"post-737846","1":"product","2":"type-product","3":"status-publish","5":"product_cat-edebiyat","6":"product_cat-roman-oyku","7":"pa_cilt-ciltsiz","8":"pa_tur-kitap","9":"pa_yayinevi-zet-yayinlari","10":"pa_yazar-ibrahim-erturk","12":"first","13":"instock","14":"sale","15":"shipping-taxable","16":"purchasable","17":"product-type-simple"},"_links":{"self":[{"href":"https:\/\/roveyayinevi.com.tr\/index.php\/wp-json\/wp\/v2\/product\/737846","targetHints":{"allow":["GET"]}}],"collection":[{"href":"https:\/\/roveyayinevi.com.tr\/index.php\/wp-json\/wp\/v2\/product"}],"about":[{"href":"https:\/\/roveyayinevi.com.tr\/index.php\/wp-json\/wp\/v2\/types\/product"}],"wp:attachment":[{"href":"https:\/\/roveyayinevi.com.tr\/index.php\/wp-json\/wp\/v2\/media?parent=737846"}],"wp:term":[{"taxonomy":"product_brand","embeddable":true,"href":"https:\/\/roveyayinevi.com.tr\/index.php\/wp-json\/wp\/v2\/product_brand?post=737846"},{"taxonomy":"product_cat","embeddable":true,"href":"https:\/\/roveyayinevi.com.tr\/index.php\/wp-json\/wp\/v2\/product_cat?post=737846"},{"taxonomy":"product_tag","embeddable":true,"href":"https:\/\/roveyayinevi.com.tr\/index.php\/wp-json\/wp\/v2\/product_tag?post=737846"}],"curies":[{"name":"wp","href":"https:\/\/api.w.org\/{rel}","templated":true}]}}