{"id":737845,"date":"2025-08-27T23:37:24","date_gmt":"2025-08-27T20:37:24","guid":{"rendered":"https:\/\/roveyayinevi.com.tr\/index.php\/urun\/gangsterizm\/"},"modified":"2026-04-16T02:47:41","modified_gmt":"2026-04-15T23:47:41","slug":"gangsterizm","status":"publish","type":"product","link":"https:\/\/roveyayinevi.com.tr\/index.php\/urun\/gangsterizm\/","title":{"rendered":"Gangsterizm"},"content":{"rendered":"<p>Bu eser; hi\u00e7bir ger\u00e7ek ki\u015fi, devlet h\u00fck\u00fbmet, kurum veya z\u00fcmre hedef al\u0131narak yaz\u0131lmam\u0131\u015ft\u0131r.   \u00c7al\u0131\u015fma tamamen gangsterist sistemin tan\u0131t\u0131lmas\u0131na y\u00f6neliktir.    \u201cGangsterizm\u201d, neoliberal kapitalizmin ileri a\u015famas\u0131d\u0131r. Neoliberalizmin olu\u015fturdu\u011fu a\u015f\u0131r\u0131 serbestiyet\u00e7i ortam, giderek yerini \u201ctekelci sermaye\u201d ve \u201cmafyalar\u201d a terkeder. B\u00f6ylece hukuksuzluk ortam\u0131n\u0131, tekelci sermayenin ezici ve s\u00f6m\u00fcr\u00fcc\u00fc bask\u0131lar\u0131 ile mafyalar\u0131n kaba kuvvete dayal\u0131 g\u00fc\u00e7leri al\u0131r. Gangsterist yap\u0131 i\u00e7inde bireyler, mafyala\u015fm\u0131\u015f tekelci sermayenin veya kaba kuvvete dayal\u0131 mafyalardan birinin boyunduru\u011funu kabul ederek ayakta durmak zorunda kal\u0131r. Bu yollardan birini se\u00e7meyenler, gangsterist yap\u0131 taraf\u0131ndan ezilip ge\u00e7ilir. Bu durumdaki insanlar, mal, can ve namuslar\u0131n\u0131 koruyamaz, yok olup giderler.   Bu eseri haz\u0131rlamamdaki ama\u00e7: \u201cgangsterist\u201d sistemi okurlar\u0131m\u0131za tan\u0131tmakt\u0131r.  <\/p>\n","protected":false},"excerpt":{"rendered":"<p>Bu eser; hi\u00e7bir ger\u00e7ek ki\u015fi, devlet h\u00fck\u00fbmet, kurum veya z\u00fcmre hedef al\u0131narak yaz\u0131lmam\u0131\u015ft\u0131r. \u00c7al\u0131\u015fma tamamen gangsterist sistemin tan\u0131t\u0131lmas\u0131na y\u00f6neliktir. \u201cGangsterizm\u201d, neoliberal kapitalizmin ileri a\u015famas\u0131d\u0131r. Neoliberalizmin olu\u015fturdu\u011fu<span class=\"excerpt-hellip\"> [\u2026]<\/span><\/p>\n","protected":false},"featured_media":0,"template":"","meta":{"_monsterinsights_skip_tracking":false,"_monsterinsights_sitenote_active":false,"_monsterinsights_sitenote_note":"","_monsterinsights_sitenote_category":0},"product_brand":[],"product_cat":[13590,12337],"product_tag":[],"class_list":{"0":"post-737845","1":"product","2":"type-product","3":"status-publish","5":"product_cat-arastirma-inceleme-politika-siyaset","6":"product_cat-politika-siyaset","7":"pa_cilt-ciltsiz","8":"pa_tur-kitap","9":"pa_yayinevi-zet-yayinlari","10":"pa_yazar-zafer-yilmaz","12":"first","13":"instock","14":"sale","15":"shipping-taxable","16":"purchasable","17":"product-type-simple"},"_links":{"self":[{"href":"https:\/\/roveyayinevi.com.tr\/index.php\/wp-json\/wp\/v2\/product\/737845","targetHints":{"allow":["GET"]}}],"collection":[{"href":"https:\/\/roveyayinevi.com.tr\/index.php\/wp-json\/wp\/v2\/product"}],"about":[{"href":"https:\/\/roveyayinevi.com.tr\/index.php\/wp-json\/wp\/v2\/types\/product"}],"wp:attachment":[{"href":"https:\/\/roveyayinevi.com.tr\/index.php\/wp-json\/wp\/v2\/media?parent=737845"}],"wp:term":[{"taxonomy":"product_brand","embeddable":true,"href":"https:\/\/roveyayinevi.com.tr\/index.php\/wp-json\/wp\/v2\/product_brand?post=737845"},{"taxonomy":"product_cat","embeddable":true,"href":"https:\/\/roveyayinevi.com.tr\/index.php\/wp-json\/wp\/v2\/product_cat?post=737845"},{"taxonomy":"product_tag","embeddable":true,"href":"https:\/\/roveyayinevi.com.tr\/index.php\/wp-json\/wp\/v2\/product_tag?post=737845"}],"curies":[{"name":"wp","href":"https:\/\/api.w.org\/{rel}","templated":true}]}}