{"id":737844,"date":"2025-08-27T23:37:23","date_gmt":"2025-08-27T20:37:23","guid":{"rendered":"https:\/\/roveyayinevi.com.tr\/index.php\/urun\/cansuyum\/"},"modified":"2026-04-16T02:47:41","modified_gmt":"2026-04-15T23:47:41","slug":"cansuyum","status":"publish","type":"product","link":"https:\/\/roveyayinevi.com.tr\/index.php\/urun\/cansuyum\/","title":{"rendered":"Cansuyum"},"content":{"rendered":"<p>1 A\u011fustos 1970 do\u011fumluyum. Bu \u015fiirleri yakla\u015f\u0131k 20 y\u0131ld\u0131r yaz\u0131yorum, \u00e7ok eme\u011fim var onlar\u0131n \u00fcst\u00fcnde bu y\u00fczden \u015fiirlerim g\u00f6z\u00fcm\u00fcn nurudur. Ortaokuldayken arkada\u015flar\u0131mla beraber ba\u015flad\u0131m ve o g\u00fcnlerden beri yazmay\u0131 hi\u00e7 b\u0131rakmad\u0131m. Hep yazd\u0131m ancak onlar\u0131 kimseyle payla\u015fmad\u0131n. Kendi kendime dedim ki \u201cBenim bu eserlerimi sevenlere g\u00f6stermem laz\u0131m.\u201d Bu d\u00fc\u015f\u00fcncemi ye\u011fenim \u0130lknur Akg\u00fcl\u2019e dan\u0131\u015ft\u0131m sa\u011f olsun o da bana yard\u0131mc\u0131 oldu. Bu vesile ile ona ve k\u0131ymetli ye\u011fenim yazar ve ressam Minel \u00d6zer\u2018in desteklerine te\u015fekk\u00fcrlerimi iletmek isterim.   Uzun y\u0131llarda emekle yazd\u0131\u011f\u0131m \u015fiirlerimi toplad\u0131\u011f\u0131m \u201cCansuyum\u201d kitab\u0131m\u0131 severek okuman\u0131z\u0131 dilerim.   Sevgi ve Sayg\u0131lar\u0131mla.. <\/p>\n","protected":false},"excerpt":{"rendered":"<p>1 A\u011fustos 1970 do\u011fumluyum. Bu \u015fiirleri yakla\u015f\u0131k 20 y\u0131ld\u0131r yaz\u0131yorum, \u00e7ok eme\u011fim var onlar\u0131n \u00fcst\u00fcnde bu y\u00fczden \u015fiirlerim g\u00f6z\u00fcm\u00fcn nurudur. Ortaokuldayken arkada\u015flar\u0131mla beraber ba\u015flad\u0131m ve o<span class=\"excerpt-hellip\"> [\u2026]<\/span><\/p>\n","protected":false},"featured_media":0,"template":"","meta":{"_monsterinsights_skip_tracking":false,"_monsterinsights_sitenote_active":false,"_monsterinsights_sitenote_note":"","_monsterinsights_sitenote_category":0},"product_brand":[],"product_cat":[12291,12509],"product_tag":[],"class_list":{"0":"post-737844","1":"product","2":"type-product","3":"status-publish","5":"product_cat-edebiyat","6":"product_cat-siir","7":"pa_cilt-ciltsiz","8":"pa_tur-kitap","9":"pa_yayinevi-zet-yayinlari","10":"pa_yazar-seyfi-akgul","12":"first","13":"instock","14":"sale","15":"shipping-taxable","16":"purchasable","17":"product-type-simple"},"_links":{"self":[{"href":"https:\/\/roveyayinevi.com.tr\/index.php\/wp-json\/wp\/v2\/product\/737844","targetHints":{"allow":["GET"]}}],"collection":[{"href":"https:\/\/roveyayinevi.com.tr\/index.php\/wp-json\/wp\/v2\/product"}],"about":[{"href":"https:\/\/roveyayinevi.com.tr\/index.php\/wp-json\/wp\/v2\/types\/product"}],"wp:attachment":[{"href":"https:\/\/roveyayinevi.com.tr\/index.php\/wp-json\/wp\/v2\/media?parent=737844"}],"wp:term":[{"taxonomy":"product_brand","embeddable":true,"href":"https:\/\/roveyayinevi.com.tr\/index.php\/wp-json\/wp\/v2\/product_brand?post=737844"},{"taxonomy":"product_cat","embeddable":true,"href":"https:\/\/roveyayinevi.com.tr\/index.php\/wp-json\/wp\/v2\/product_cat?post=737844"},{"taxonomy":"product_tag","embeddable":true,"href":"https:\/\/roveyayinevi.com.tr\/index.php\/wp-json\/wp\/v2\/product_tag?post=737844"}],"curies":[{"name":"wp","href":"https:\/\/api.w.org\/{rel}","templated":true}]}}