{"id":737841,"date":"2025-08-27T23:37:20","date_gmt":"2025-08-27T20:37:20","guid":{"rendered":"https:\/\/roveyayinevi.com.tr\/index.php\/urun\/bolunmus-parseller-deneme-desenleri\/"},"modified":"2026-04-16T02:47:40","modified_gmt":"2026-04-15T23:47:40","slug":"bolunmus-parseller-deneme-desenleri","status":"publish","type":"product","link":"https:\/\/roveyayinevi.com.tr\/index.php\/urun\/bolunmus-parseller-deneme-desenleri\/","title":{"rendered":"B\u00f6l\u00fcnm\u00fc\u015f Parseller Deneme Desenleri"},"content":{"rendered":"<p>Bilimsel \u00e7al\u0131\u015fmalarda hangi alanda olursa olsun yap\u0131lan ara\u015ft\u0131rma ve deneylerle elde edilen verilerden en iyi \u015fekilde faydalanarak en do\u011fru sonuca ula\u015f\u0131lmak istenir. Bunun i\u00e7inde gerekli metotlar kullan\u0131larak, uygun deneme deseninin kurallar\u0131na uyarak ve evrensel ilkelere ba\u011fl\u0131 kalarak elde edilen verilerin kullan\u0131lmas\u0131 gerekir. Deneme desenlerinin do\u011fru bir \u015fekilde uygulanmas\u0131 ve elde edilen verilerin uygun istatistiksel modeller kullan\u0131larak analiz edilmesi \u00e7al\u0131\u015fmadan elde edilen verilerin uygulamaya aktar\u0131labilmesi i\u00e7in \u00f6nemlidir.   Bu \u00e7al\u0131\u015fmada ilk ba\u015fta tesad\u00fcf parselleri, tesad\u00fcf bloklar\u0131 ve latin kare deneme desenleri tan\u0131t\u0131lm\u0131\u015ft\u0131r. Daha sonra b\u00f6l\u00fcnm\u00fc\u015f parseller ve b\u00f6l\u00fcnen b\u00f6l\u00fcnm\u00fc\u015f parseller deneme desenlerinin a\u00e7\u0131klanmas\u0131 yap\u0131lm\u0131\u015ft\u0131r. B\u00f6ylece uygun ve do\u011fru verilerin elde edilmesi ve bu verilerin bilgiye d\u00f6n\u00fc\u015fmesi s\u00fcrecinde kar\u015f\u0131m\u0131za \u00e7\u0131kabilecek istatistiksel analizlerin, tar\u0131msal ara\u015ft\u0131rmalarda yayg\u0131n olarak kullan\u0131lan MINTAB, SPSS, SAS ve JMP gibi d\u00f6rt farkl\u0131 program \u00fczerindeki uygulamalar\u0131 arazi \u00fczerinde yap\u0131lan \u00e7al\u0131\u015fmalardan elde edilen orijinal veriler kullan\u0131larak farkl\u0131 karakterler i\u00e7in analizler yap\u0131lm\u0131\u015ft\u0131r.   \u00c7al\u0131\u015fman\u0131n ara\u015ft\u0131rmac\u0131lara faydal\u0131 olmas\u0131n\u0131 diliyorum\u2026 <\/p>\n","protected":false},"excerpt":{"rendered":"<p>Bilimsel \u00e7al\u0131\u015fmalarda hangi alanda olursa olsun yap\u0131lan ara\u015ft\u0131rma ve deneylerle elde edilen verilerden en iyi \u015fekilde faydalanarak en do\u011fru sonuca ula\u015f\u0131lmak istenir. Bunun i\u00e7inde gerekli metotlar<span class=\"excerpt-hellip\"> [\u2026]<\/span><\/p>\n","protected":false},"featured_media":0,"template":"","meta":{"_monsterinsights_skip_tracking":false,"_monsterinsights_sitenote_active":false,"_monsterinsights_sitenote_note":"","_monsterinsights_sitenote_category":0},"product_brand":[],"product_cat":[12573,12566],"product_tag":[],"class_list":{"0":"post-737841","1":"product","2":"type-product","3":"status-publish","5":"product_cat-akademik-kitaplar","6":"product_cat-egitim","7":"pa_cilt-ciltsiz","8":"pa_tur-kitap","9":"pa_yayinevi-zet-yayinlari","10":"pa_yazar-ufuk-karadavut","12":"first","13":"instock","14":"sale","15":"shipping-taxable","16":"purchasable","17":"product-type-simple"},"_links":{"self":[{"href":"https:\/\/roveyayinevi.com.tr\/index.php\/wp-json\/wp\/v2\/product\/737841","targetHints":{"allow":["GET"]}}],"collection":[{"href":"https:\/\/roveyayinevi.com.tr\/index.php\/wp-json\/wp\/v2\/product"}],"about":[{"href":"https:\/\/roveyayinevi.com.tr\/index.php\/wp-json\/wp\/v2\/types\/product"}],"wp:attachment":[{"href":"https:\/\/roveyayinevi.com.tr\/index.php\/wp-json\/wp\/v2\/media?parent=737841"}],"wp:term":[{"taxonomy":"product_brand","embeddable":true,"href":"https:\/\/roveyayinevi.com.tr\/index.php\/wp-json\/wp\/v2\/product_brand?post=737841"},{"taxonomy":"product_cat","embeddable":true,"href":"https:\/\/roveyayinevi.com.tr\/index.php\/wp-json\/wp\/v2\/product_cat?post=737841"},{"taxonomy":"product_tag","embeddable":true,"href":"https:\/\/roveyayinevi.com.tr\/index.php\/wp-json\/wp\/v2\/product_tag?post=737841"}],"curies":[{"name":"wp","href":"https:\/\/api.w.org\/{rel}","templated":true}]}}