{"id":737839,"date":"2025-08-27T23:37:18","date_gmt":"2025-08-27T20:37:18","guid":{"rendered":"https:\/\/roveyayinevi.com.tr\/index.php\/urun\/borc-yigidin-kamcisi-mi\/"},"modified":"2026-04-16T02:47:40","modified_gmt":"2026-04-15T23:47:40","slug":"borc-yigidin-kamcisi-mi","status":"publish","type":"product","link":"https:\/\/roveyayinevi.com.tr\/index.php\/urun\/borc-yigidin-kamcisi-mi\/","title":{"rendered":"Bor\u00e7 Yi\u011fidin Kam\u00e7\u0131s\u0131 M\u0131?"},"content":{"rendered":"<p>Metan\u0131n varl\u0131\u011f\u0131na k\u00f6le olmam\u0131\u015f, en sanc\u0131l\u0131 g\u00fcnlerde yere d\u00fc\u015fene el at\u0131p kald\u0131ran vefal\u0131 dostlar\u0131ma te\u015fekk\u00fcr\u00fc bor\u00e7 bilirim. Bu eseri insanl\u0131k nam\u0131na bor\u00e7 veren ve insanl\u0131ktan \u00e7\u0131kmayan t\u00fcm dostlar\u0131ma ve iyilikte yar\u0131\u015fan, paraya tapmayan, paray\u0131 bankada sanal bir say\u0131 olarak g\u00f6ren t\u00fcm dostlar\u0131ma ithaf ediyorum. <\/p>\n","protected":false},"excerpt":{"rendered":"<p>Metan\u0131n varl\u0131\u011f\u0131na k\u00f6le olmam\u0131\u015f, en sanc\u0131l\u0131 g\u00fcnlerde yere d\u00fc\u015fene el at\u0131p kald\u0131ran vefal\u0131 dostlar\u0131ma te\u015fekk\u00fcr\u00fc bor\u00e7 bilirim. Bu eseri insanl\u0131k nam\u0131na bor\u00e7 veren ve insanl\u0131ktan \u00e7\u0131kmayan<span class=\"excerpt-hellip\"> [\u2026]<\/span><\/p>\n","protected":false},"featured_media":0,"template":"","meta":{"_monsterinsights_skip_tracking":false,"_monsterinsights_sitenote_active":false,"_monsterinsights_sitenote_note":"","_monsterinsights_sitenote_category":0},"product_brand":[],"product_cat":[12777,12291],"product_tag":[],"class_list":{"0":"post-737839","1":"product","2":"type-product","3":"status-publish","5":"product_cat-deneme","6":"product_cat-edebiyat","7":"pa_cilt-ciltsiz","8":"pa_tur-kitap","9":"pa_yayinevi-zet-yayinlari","10":"pa_yazar-irfan-demiroren","12":"first","13":"instock","14":"sale","15":"shipping-taxable","16":"purchasable","17":"product-type-simple"},"_links":{"self":[{"href":"https:\/\/roveyayinevi.com.tr\/index.php\/wp-json\/wp\/v2\/product\/737839","targetHints":{"allow":["GET"]}}],"collection":[{"href":"https:\/\/roveyayinevi.com.tr\/index.php\/wp-json\/wp\/v2\/product"}],"about":[{"href":"https:\/\/roveyayinevi.com.tr\/index.php\/wp-json\/wp\/v2\/types\/product"}],"wp:attachment":[{"href":"https:\/\/roveyayinevi.com.tr\/index.php\/wp-json\/wp\/v2\/media?parent=737839"}],"wp:term":[{"taxonomy":"product_brand","embeddable":true,"href":"https:\/\/roveyayinevi.com.tr\/index.php\/wp-json\/wp\/v2\/product_brand?post=737839"},{"taxonomy":"product_cat","embeddable":true,"href":"https:\/\/roveyayinevi.com.tr\/index.php\/wp-json\/wp\/v2\/product_cat?post=737839"},{"taxonomy":"product_tag","embeddable":true,"href":"https:\/\/roveyayinevi.com.tr\/index.php\/wp-json\/wp\/v2\/product_tag?post=737839"}],"curies":[{"name":"wp","href":"https:\/\/api.w.org\/{rel}","templated":true}]}}