{"id":737837,"date":"2025-08-27T23:37:16","date_gmt":"2025-08-27T20:37:16","guid":{"rendered":"https:\/\/roveyayinevi.com.tr\/index.php\/urun\/bir-cennette-4-mevsim\/"},"modified":"2026-04-16T02:47:40","modified_gmt":"2026-04-15T23:47:40","slug":"bir-cennette-4-mevsim","status":"publish","type":"product","link":"https:\/\/roveyayinevi.com.tr\/index.php\/urun\/bir-cennette-4-mevsim\/","title":{"rendered":"Bir Cennette 4 Mevsim"},"content":{"rendered":"<p>Her sanat eseri tarih boyunca \u00e7o\u011fu zaman ac\u0131lardan \u00e7e\u015fitli heyecanlardan bazen mutluluklardan bazen kafa kar\u0131\u015f\u0131kl\u0131klar\u0131ndan ve bazense bask\u0131lanm\u0131\u015f duygular\u0131n patlamas\u0131ndan ortaya \u00e7\u0131km\u0131\u015ft\u0131r.   Zaten &#8221;Sanat\u00e7\u0131 daima ac\u0131 \u00e7eken ve kafas\u0131 kar\u0131\u015f\u0131k olan ki\u015fidir&#8221; der sanat\u00e7\u0131 tarifi i\u00e7in bir literat\u00fcr.   Be\u011fenece\u011finizi umdu\u011fum bu \u015fiir kitab\u0131mdaki t\u00fcm \u015fiirler hayat\u0131m\u0131n \u00e7e\u015fitli d\u00f6nemlerinde birtak\u0131m anl\u0131k ya\u015famalar\u0131 ve duygular\u0131, g\u00f6zya\u015flar\u0131n\u0131 ve kahkahalar\u0131 ve hatta birtak\u0131m itiraflar\u0131 edebi bir dille kelimelere d\u00f6kmeye \u00e7al\u0131\u015ft\u0131\u011f\u0131m, hayatta asl\u0131nda ne kadar yaln\u0131z oldu\u011fumuzu fakat asl\u0131nda bu yaln\u0131zl\u0131\u011f\u0131n bizi ne kadar g\u00fc\u00e7l\u00fc k\u0131ld\u0131\u011f\u0131 ya da yordu\u011fu ya da t\u00fcm duygular\u0131n bazen ne kadar karma\u015f\u0131k hale gelebildi\u011fi \u00fczerine yazd\u0131\u011f\u0131m eserlerimdir. <\/p>\n","protected":false},"excerpt":{"rendered":"<p>Her sanat eseri tarih boyunca \u00e7o\u011fu zaman ac\u0131lardan \u00e7e\u015fitli heyecanlardan bazen mutluluklardan bazen kafa kar\u0131\u015f\u0131kl\u0131klar\u0131ndan ve bazense bask\u0131lanm\u0131\u015f duygular\u0131n patlamas\u0131ndan ortaya \u00e7\u0131km\u0131\u015ft\u0131r. Zaten &#8221;Sanat\u00e7\u0131 daima ac\u0131<span class=\"excerpt-hellip\"> [\u2026]<\/span><\/p>\n","protected":false},"featured_media":0,"template":"","meta":{"_monsterinsights_skip_tracking":false,"_monsterinsights_sitenote_active":false,"_monsterinsights_sitenote_note":"","_monsterinsights_sitenote_category":0},"product_brand":[],"product_cat":[12291,12509],"product_tag":[],"class_list":{"0":"post-737837","1":"product","2":"type-product","3":"status-publish","5":"product_cat-edebiyat","6":"product_cat-siir","7":"pa_cilt-ciltsiz","8":"pa_tur-kitap","9":"pa_yayinevi-zet-yayinlari","10":"pa_yazar-gokce-senkan","12":"first","13":"instock","14":"sale","15":"shipping-taxable","16":"purchasable","17":"product-type-simple"},"_links":{"self":[{"href":"https:\/\/roveyayinevi.com.tr\/index.php\/wp-json\/wp\/v2\/product\/737837","targetHints":{"allow":["GET"]}}],"collection":[{"href":"https:\/\/roveyayinevi.com.tr\/index.php\/wp-json\/wp\/v2\/product"}],"about":[{"href":"https:\/\/roveyayinevi.com.tr\/index.php\/wp-json\/wp\/v2\/types\/product"}],"wp:attachment":[{"href":"https:\/\/roveyayinevi.com.tr\/index.php\/wp-json\/wp\/v2\/media?parent=737837"}],"wp:term":[{"taxonomy":"product_brand","embeddable":true,"href":"https:\/\/roveyayinevi.com.tr\/index.php\/wp-json\/wp\/v2\/product_brand?post=737837"},{"taxonomy":"product_cat","embeddable":true,"href":"https:\/\/roveyayinevi.com.tr\/index.php\/wp-json\/wp\/v2\/product_cat?post=737837"},{"taxonomy":"product_tag","embeddable":true,"href":"https:\/\/roveyayinevi.com.tr\/index.php\/wp-json\/wp\/v2\/product_tag?post=737837"}],"curies":[{"name":"wp","href":"https:\/\/api.w.org\/{rel}","templated":true}]}}