{"id":737836,"date":"2025-08-27T23:37:15","date_gmt":"2025-08-27T20:37:15","guid":{"rendered":"https:\/\/roveyayinevi.com.tr\/index.php\/urun\/ben-seni-baska-sevdim\/"},"modified":"2025-09-25T07:32:46","modified_gmt":"2025-09-25T04:32:46","slug":"ben-seni-baska-sevdim","status":"publish","type":"product","link":"https:\/\/roveyayinevi.com.tr\/index.php\/urun\/ben-seni-baska-sevdim\/","title":{"rendered":"Ben Seni Ba\u015fka Sevdim"},"content":{"rendered":"<p>Ben Seni,   Can\u0131m gibi,   Ben Seni yurdum gibi,   Ben Seni,   Kimsesizlerin kimsesi gibi,   Ben seni annem gibi,   Ben Seni Ba\u015fka Sevdim sevgili&#8230; <\/p>\n","protected":false},"excerpt":{"rendered":"<p>Ben Seni, Can\u0131m gibi, Ben Seni yurdum gibi, Ben Seni, Kimsesizlerin kimsesi gibi, Ben seni annem gibi, Ben Seni Ba\u015fka Sevdim sevgili&#8230;<\/p>\n","protected":false},"featured_media":0,"template":"","meta":{"_monsterinsights_skip_tracking":false,"_monsterinsights_sitenote_active":false,"_monsterinsights_sitenote_note":"","_monsterinsights_sitenote_category":0},"product_brand":[],"product_cat":[12291,12509],"product_tag":[],"class_list":{"0":"post-737836","1":"product","2":"type-product","3":"status-publish","5":"product_cat-edebiyat","6":"product_cat-siir","7":"pa_cilt-ciltsiz","8":"pa_tur-kitap","9":"pa_yayinevi-zet-yayinlari","10":"pa_yazar-onur-ozer","12":"first","13":"instock","14":"sale","15":"shipping-taxable","16":"purchasable","17":"product-type-simple"},"_links":{"self":[{"href":"https:\/\/roveyayinevi.com.tr\/index.php\/wp-json\/wp\/v2\/product\/737836","targetHints":{"allow":["GET"]}}],"collection":[{"href":"https:\/\/roveyayinevi.com.tr\/index.php\/wp-json\/wp\/v2\/product"}],"about":[{"href":"https:\/\/roveyayinevi.com.tr\/index.php\/wp-json\/wp\/v2\/types\/product"}],"wp:attachment":[{"href":"https:\/\/roveyayinevi.com.tr\/index.php\/wp-json\/wp\/v2\/media?parent=737836"}],"wp:term":[{"taxonomy":"product_brand","embeddable":true,"href":"https:\/\/roveyayinevi.com.tr\/index.php\/wp-json\/wp\/v2\/product_brand?post=737836"},{"taxonomy":"product_cat","embeddable":true,"href":"https:\/\/roveyayinevi.com.tr\/index.php\/wp-json\/wp\/v2\/product_cat?post=737836"},{"taxonomy":"product_tag","embeddable":true,"href":"https:\/\/roveyayinevi.com.tr\/index.php\/wp-json\/wp\/v2\/product_tag?post=737836"}],"curies":[{"name":"wp","href":"https:\/\/api.w.org\/{rel}","templated":true}]}}