{"id":737835,"date":"2025-08-27T23:37:14","date_gmt":"2025-08-27T20:37:14","guid":{"rendered":"https:\/\/roveyayinevi.com.tr\/index.php\/urun\/basucu-siirleri\/"},"modified":"2026-04-08T02:56:05","modified_gmt":"2026-04-07T23:56:05","slug":"basucu-siirleri","status":"publish","type":"product","link":"https:\/\/roveyayinevi.com.tr\/index.php\/urun\/basucu-siirleri\/","title":{"rendered":"Ba\u015fucu \u015eiirleri"},"content":{"rendered":"<p>Belki de ;   Bu kitap benim i\u00e7in bir ilk ve bir ba\u015flang\u0131\u00e7.   Yeni bir \u015fey yapman\u0131n heyecan\u0131 da denebilir.   Y\u00fcre\u011fimin s\u00f6ylediklerini yaz\u0131ya d\u00f6kmek,   Kalemle \u015fekillendirerek   M\u0131sralara ve sat\u0131rlara dizmek.       Belki de;   G\u00f6nl\u00fcmden ge\u00e7enleri s\u00f6yleme \u015fekli   Duygular\u0131m\u0131 d\u00fc\u015f\u00fcncelerimi   Veya kendimi ifade etme bi\u00e7imi. Y\u0131llar \u00f6nce ba\u015flad\u0131\u011f\u0131m yolculu\u011fun son dura\u011f\u0131   Birikimlerimin semeresi   Ya da yeti\u015fen bir a\u011fac\u0131n son meyvesi.<\/p>\n","protected":false},"excerpt":{"rendered":"<p>Belki de ; Bu kitap benim i\u00e7in bir ilk ve bir ba\u015flang\u0131\u00e7. Yeni bir \u015fey yapman\u0131n heyecan\u0131 da denebilir. Y\u00fcre\u011fimin s\u00f6ylediklerini yaz\u0131ya d\u00f6kmek, Kalemle \u015fekillendirerek M\u0131sralara<span class=\"excerpt-hellip\"> [\u2026]<\/span><\/p>\n","protected":false},"featured_media":0,"template":"","meta":{"_monsterinsights_skip_tracking":false,"_monsterinsights_sitenote_active":false,"_monsterinsights_sitenote_note":"","_monsterinsights_sitenote_category":0},"product_brand":[],"product_cat":[12291,12509],"product_tag":[],"class_list":{"0":"post-737835","1":"product","2":"type-product","3":"status-publish","5":"product_cat-edebiyat","6":"product_cat-siir","7":"pa_cilt-ciltsiz","8":"pa_tur-kitap","9":"pa_yayinevi-zet-yayinlari","10":"pa_yazar-abdullah-yilmaz","12":"first","13":"instock","14":"sale","15":"shipping-taxable","16":"purchasable","17":"product-type-simple"},"_links":{"self":[{"href":"https:\/\/roveyayinevi.com.tr\/index.php\/wp-json\/wp\/v2\/product\/737835","targetHints":{"allow":["GET"]}}],"collection":[{"href":"https:\/\/roveyayinevi.com.tr\/index.php\/wp-json\/wp\/v2\/product"}],"about":[{"href":"https:\/\/roveyayinevi.com.tr\/index.php\/wp-json\/wp\/v2\/types\/product"}],"wp:attachment":[{"href":"https:\/\/roveyayinevi.com.tr\/index.php\/wp-json\/wp\/v2\/media?parent=737835"}],"wp:term":[{"taxonomy":"product_brand","embeddable":true,"href":"https:\/\/roveyayinevi.com.tr\/index.php\/wp-json\/wp\/v2\/product_brand?post=737835"},{"taxonomy":"product_cat","embeddable":true,"href":"https:\/\/roveyayinevi.com.tr\/index.php\/wp-json\/wp\/v2\/product_cat?post=737835"},{"taxonomy":"product_tag","embeddable":true,"href":"https:\/\/roveyayinevi.com.tr\/index.php\/wp-json\/wp\/v2\/product_tag?post=737835"}],"curies":[{"name":"wp","href":"https:\/\/api.w.org\/{rel}","templated":true}]}}