{"id":737834,"date":"2025-08-27T23:37:12","date_gmt":"2025-08-27T20:37:12","guid":{"rendered":"https:\/\/roveyayinevi.com.tr\/index.php\/urun\/bana-ozlemi-anlat\/"},"modified":"2026-04-08T02:56:05","modified_gmt":"2026-04-07T23:56:05","slug":"bana-ozlemi-anlat","status":"publish","type":"product","link":"https:\/\/roveyayinevi.com.tr\/index.php\/urun\/bana-ozlemi-anlat\/","title":{"rendered":"Bana \u00d6zlemi Anlat"},"content":{"rendered":"<p>Asl\u0131nda basit bir ifade gibi d\u00fc\u015f\u00fcn\u00fclse de \u201cBana \u00d6zlemi Anlat\u201d c\u00fcmlesi o kadar derin bir mana i\u00e7ermektedir ki bu ifadeye nereden ve hangi duyguyla bakt\u0131\u011f\u0131n\u0131za g\u00f6re anlam\u0131 de\u011fi\u015fir. Bu kitapta yaz\u0131lm\u0131\u015f olan \u015fiirlerde anlat\u0131lan \u00f6zlem dolu sat\u0131rlar, sevgiye de\u011fil, sevgiliye duyulan \u00f6zlemleri anlatan ifadelerdir.   \u00c7o\u011fumuzun g\u00f6nl\u00fcnde bir \u00f6zlem vard\u0131r. Allaha, Peygambere, Vatana, Bayra\u011fa, anaya, babaya, karde\u015fe, bac\u0131ya, sevgiliye, dosta, arkada\u015fa, do\u011fdu\u011fu topraklara, ge\u00e7mi\u015fe, gelece\u011fe, ya\u015fanm\u0131\u015flara, ya\u015fanacaklara, \u00e7ocukken b\u00fcy\u00fcmeye, b\u00fcy\u00fcy\u00fcnce \u00e7ocuklu\u011fa, bazen bir lokma ekme\u011fe, bazense bir damla suya \u00f6zlem duyar insan. Velhas\u0131l hayat\u0131m\u0131z\u0131n her an\u0131nda ya\u015fanan en yo\u011fun duygudur \u00d6ZLEM.   Asl\u0131nda, her birinin, hayat\u0131m\u0131zda ayr\u0131 ayr\u0131 yeri olsa da bizi en \u00e7ok etkileyen ve hayat\u0131m\u0131zda en \u00e7ok yer tutan ise gen\u00e7lik y\u0131llar\u0131nda ya\u015fanan, en yo\u011fun duygular\u0131n ifadesi, a\u015fk\u0131n bir eseri olan, SEVG\u0130L\u0130YE DUYULAN \u00d6ZLEMD\u0130R.   \u0130\u015fte bu kitapta yaz\u0131l\u0131 \u015fiirler, daha 18 ya\u015f\u0131nda, A\u015fk\u0131 ilk kez tan\u0131yan birinin o y\u0131llarda ya\u015fad\u0131\u011f\u0131, y\u0131llar y\u0131l\u0131 bitmeyen \u00f6zleminin ve hasretinin, kendisi ile ayn\u0131 duygular\u0131 ya\u015fayanlar\u0131n \u00f6zlemlerinin farkl\u0131 \u015fekillerdeki tezah\u00fcr etmi\u015f, g\u00f6n\u00fclden dile, dilden s\u00f6ze, s\u00f6zden yaz\u0131ya d\u00f6k\u00fclm\u00fc\u015f ifadeleridir.   Bu \u015fiirler, benim \u00f6zlemimi ifade etse de sadece benim duygular\u0131m\u0131 de\u011fil, bu duygular\u0131 hisseden, her okuyucunun kendinden bir \u015feyler bulaca\u011f\u0131, okuyan herkesin sanki bu benim hislerimi anlatm\u0131\u015f diyebilece\u011fi manzum eserlerdir. \u00c7o\u011fu insanlar\u0131n, i\u00e7inde saklad\u0131\u011f\u0131 bir \u00f6zlemi ve bu \u00f6zlemini anlatacak, farkl\u0131 farkl\u0131 ifadeleri olsa da \u00f6zlemin tek bir anlam\u0131 var. \u00d6zlenilen \u015feyi her \u015feyden \u00e7ok fazla istemek, her \u015feyde \u00f6zlenileni g\u00f6rmek, her bakt\u0131\u011f\u0131 \u015feyde onu bulmakt\u0131r. \u015eiir duygular\u0131n terc\u00fcman\u0131 olup, bu duygular, seven, hasret ve \u00f6zlem \u00e7eken, t\u00fcm insanlar\u0131n ortak dilidir. Hayat sevin\u00e7leri ile oldu\u011fu kadar \u00f6zlemleri ilede g\u00fczeldir.<\/p>\n","protected":false},"excerpt":{"rendered":"<p>Asl\u0131nda basit bir ifade gibi d\u00fc\u015f\u00fcn\u00fclse de \u201cBana \u00d6zlemi Anlat\u201d c\u00fcmlesi o kadar derin bir mana i\u00e7ermektedir ki bu ifadeye nereden ve hangi duyguyla bakt\u0131\u011f\u0131n\u0131za g\u00f6re<span class=\"excerpt-hellip\"> [\u2026]<\/span><\/p>\n","protected":false},"featured_media":0,"template":"","meta":{"_monsterinsights_skip_tracking":false,"_monsterinsights_sitenote_active":false,"_monsterinsights_sitenote_note":"","_monsterinsights_sitenote_category":0},"product_brand":[],"product_cat":[12291,12509],"product_tag":[],"class_list":{"0":"post-737834","1":"product","2":"type-product","3":"status-publish","5":"product_cat-edebiyat","6":"product_cat-siir","7":"pa_cilt-ciltsiz","8":"pa_tur-kitap","9":"pa_yayinevi-zet-yayinlari","10":"pa_yazar-canturk-dogan","12":"first","13":"instock","14":"sale","15":"shipping-taxable","16":"purchasable","17":"product-type-simple"},"_links":{"self":[{"href":"https:\/\/roveyayinevi.com.tr\/index.php\/wp-json\/wp\/v2\/product\/737834","targetHints":{"allow":["GET"]}}],"collection":[{"href":"https:\/\/roveyayinevi.com.tr\/index.php\/wp-json\/wp\/v2\/product"}],"about":[{"href":"https:\/\/roveyayinevi.com.tr\/index.php\/wp-json\/wp\/v2\/types\/product"}],"wp:attachment":[{"href":"https:\/\/roveyayinevi.com.tr\/index.php\/wp-json\/wp\/v2\/media?parent=737834"}],"wp:term":[{"taxonomy":"product_brand","embeddable":true,"href":"https:\/\/roveyayinevi.com.tr\/index.php\/wp-json\/wp\/v2\/product_brand?post=737834"},{"taxonomy":"product_cat","embeddable":true,"href":"https:\/\/roveyayinevi.com.tr\/index.php\/wp-json\/wp\/v2\/product_cat?post=737834"},{"taxonomy":"product_tag","embeddable":true,"href":"https:\/\/roveyayinevi.com.tr\/index.php\/wp-json\/wp\/v2\/product_tag?post=737834"}],"curies":[{"name":"wp","href":"https:\/\/api.w.org\/{rel}","templated":true}]}}