{"id":737833,"date":"2025-08-27T23:37:11","date_gmt":"2025-08-27T20:37:11","guid":{"rendered":"https:\/\/roveyayinevi.com.tr\/index.php\/urun\/pandemi-gunlerinde-medyanin-serencami\/"},"modified":"2026-04-16T02:47:40","modified_gmt":"2026-04-15T23:47:40","slug":"pandemi-gunlerinde-medyanin-serencami","status":"publish","type":"product","link":"https:\/\/roveyayinevi.com.tr\/index.php\/urun\/pandemi-gunlerinde-medyanin-serencami\/","title":{"rendered":"Pandemi G\u00fcnlerinde Medyan\u0131n Serencam\u0131"},"content":{"rendered":"<p>2019\u2019un son aylar\u0131nda ilk olarak ayak seslerini duyduk pandeminin. Bu seslerin geldi\u011fi \u00fclke hepimize uzakt\u0131. Ancak \u00e7ok k\u0131sa s\u00fcre i\u00e7inde ad\u0131 da \u00e7oktan koyulmu\u015f olan vir\u00fcs uzaklar\u0131 yak\u0131n etti ve t\u00fcm d\u00fcnyaya yay\u0131ld\u0131. \u00d6nce sosyal medya hesaplar\u0131m\u0131za \u00c7in\u2019de vir\u00fcs\u00fcn yay\u0131lmas\u0131n\u0131 \u00f6nlemek i\u00e7in al\u0131nan ola\u011fan\u00fcst\u00fc sert \u00f6nlemlerin g\u00f6r\u00fcnt\u00fcleri d\u00fc\u015ft\u00fc. Bu kadar da olmaz dedik. Olmaz dedi\u011fimiz her \u015fey s\u0131rayla oldu. Avrupa\u2019n\u0131n en geli\u015fmi\u015f \u00fclkelerinden \u00e7ok k\u00f6t\u00fc haberler geldi. Vir\u00fcs k\u0131tan\u0131n en geli\u015fmi\u015f \u00fclkelerini kas\u0131p kavuruyordu. Hastaneler, \u00f6zellikle de yo\u011fun bak\u0131m birimleri dolup ta\u015ft\u0131\u011f\u0131 i\u00e7in sa\u011fl\u0131k sistemleri \u00e7oktan krize girmi\u015fti. Krizin \u00f6n\u00fcne ge\u00e7mek i\u00e7in h\u0131zla tam kapanma kararlar\u0131 al\u0131nd\u0131. B\u00f6ylece hayatlar\u0131m\u0131za, tam kapanma, k\u0131smi kapanma, maske, dezenfektan, el y\u0131kama gibi kavram ve davran\u0131\u015flar girdi. Art\u0131k kimse birbirine sar\u0131lamaz, tokala\u015famaz ve yakla\u015famaz oldu. Maske-mesafe-hijyen, evde kal, maske tak gibi yeni sloganlar girdi hayat\u0131m\u0131za. Pek \u00e7ok sosyal bilimci, ekonomist pandeminin hayatlar\u0131m\u0131z\u0131 k\u00f6kten de\u011fi\u015ftirece\u011fini \u00f6ng\u00f6rd\u00fc. Mamafih ya\u015farken zaten \u00e7oktan de\u011fi\u015fmi\u015fti hayatlar\u0131m\u0131z. Bu kitap, hayatlar\u0131m\u0131zda ger\u00e7ekle\u015fen k\u00f6kl\u00fc de\u011fi\u015fimlerin izlerini medya ve yeni medyadaki temsiller \u00fczerinden s\u00fcr\u00fcyor. Pandeminin yol a\u00e7t\u0131\u011f\u0131 kaos ve katastrofi, en \u00e7ok da do\u011fru ve \u015feffaf bilgiye ihtiyac\u0131 elzem hale getirdi. Bu nedenle pek \u00e7o\u011fumuz, \u00fcyesi oldu\u011fumuz gruplardan, g\u00fcven duydu\u011fumuz konvansiyonel mecralardan baz\u0131lar\u0131n\u0131n pek de inanmad\u0131\u011f\u0131 pandemiye yol a\u00e7an vir\u00fcs\u00fcn varl\u0131\u011f\u0131, nas\u0131l bula\u015ft\u0131\u011f\u0131, nas\u0131l tedavi edilebilece\u011fi, a\u015f\u0131s\u0131n\u0131n hangi vadede bulunaca\u011f\u0131 gibi hayati bilgileri el yordam\u0131yla bulmaya \u00e7al\u0131\u015ft\u0131k. Zira pek \u00e7ok \u00fclkedeki muhafazak\u00e2r pop\u00fclist liderler, bu bilgilerin ger\u00e7ekli\u011fini buland\u0131rmak i\u00e7in ellerinden geleni yapt\u0131lar. \u0130\u015fte bu kitap yerelden k\u00fcresele pandemi \u00fczerine yap\u0131lan tart\u0131\u015fmalar\u0131, yay\u0131lan tevat\u00fcrleri gelenekselden dijitale kadar b\u00fct\u00fcn medyaya yans\u0131yan izd\u00fc\u015f\u00fcmler \u00fczerinden ele almay\u0131 hedefliyor. Kitap, insanl\u0131k tarihi i\u00e7inde \u00f6nemli bir yer kaplamaya aday Covid-19 pandemisine dair okuyucuya bir \u00e7er\u00e7eve sunmay\u0131 hedefliyor. Umar\u0131z kitab\u0131n \u00e7izmeye \u00e7al\u0131\u015ft\u0131\u011f\u0131 bu \u00e7er\u00e7eve, okuyucuya endi\u015fe de\u011fil de bir nebze olsun umut a\u015f\u0131layabilir. <\/p>\n","protected":false},"excerpt":{"rendered":"<p>2019\u2019un son aylar\u0131nda ilk olarak ayak seslerini duyduk pandeminin. Bu seslerin geldi\u011fi \u00fclke hepimize uzakt\u0131. Ancak \u00e7ok k\u0131sa s\u00fcre i\u00e7inde ad\u0131 da \u00e7oktan koyulmu\u015f olan vir\u00fcs<span class=\"excerpt-hellip\"> [\u2026]<\/span><\/p>\n","protected":false},"featured_media":0,"template":"","meta":{"_monsterinsights_skip_tracking":false,"_monsterinsights_sitenote_active":false,"_monsterinsights_sitenote_note":"","_monsterinsights_sitenote_category":0},"product_brand":[],"product_cat":[15983,13488],"product_tag":[],"class_list":{"0":"post-737833","1":"product","2":"type-product","3":"status-publish","5":"product_cat-iletisim-ve-medya","6":"product_cat-toplum-ve-insan","7":"pa_cilt-ciltsiz","8":"pa_tur-kitap","9":"pa_yayinevi-umag-yayinevi","10":"pa_yazar-mutlu-binark-sevda-unal","12":"first","13":"instock","14":"sale","15":"shipping-taxable","16":"purchasable","17":"product-type-simple"},"_links":{"self":[{"href":"https:\/\/roveyayinevi.com.tr\/index.php\/wp-json\/wp\/v2\/product\/737833","targetHints":{"allow":["GET"]}}],"collection":[{"href":"https:\/\/roveyayinevi.com.tr\/index.php\/wp-json\/wp\/v2\/product"}],"about":[{"href":"https:\/\/roveyayinevi.com.tr\/index.php\/wp-json\/wp\/v2\/types\/product"}],"wp:attachment":[{"href":"https:\/\/roveyayinevi.com.tr\/index.php\/wp-json\/wp\/v2\/media?parent=737833"}],"wp:term":[{"taxonomy":"product_brand","embeddable":true,"href":"https:\/\/roveyayinevi.com.tr\/index.php\/wp-json\/wp\/v2\/product_brand?post=737833"},{"taxonomy":"product_cat","embeddable":true,"href":"https:\/\/roveyayinevi.com.tr\/index.php\/wp-json\/wp\/v2\/product_cat?post=737833"},{"taxonomy":"product_tag","embeddable":true,"href":"https:\/\/roveyayinevi.com.tr\/index.php\/wp-json\/wp\/v2\/product_tag?post=737833"}],"curies":[{"name":"wp","href":"https:\/\/api.w.org\/{rel}","templated":true}]}}