{"id":737832,"date":"2025-08-27T23:37:10","date_gmt":"2025-08-27T20:37:10","guid":{"rendered":"https:\/\/roveyayinevi.com.tr\/index.php\/urun\/gazetecilik-neden-onemli\/"},"modified":"2026-04-16T02:47:40","modified_gmt":"2026-04-15T23:47:40","slug":"gazetecilik-neden-onemli","status":"publish","type":"product","link":"https:\/\/roveyayinevi.com.tr\/index.php\/urun\/gazetecilik-neden-onemli\/","title":{"rendered":"Gazetecilik Neden \u00d6nemli"},"content":{"rendered":"<p>\u201cMichael Schudson, g\u00fcn\u00fcm\u00fczde gazetecili\u011fin de\u011ferine dair titiz, kapsaml\u0131, dengeli, anlam y\u00fckl\u00fc ve tutkulu bir kitap yazd\u0131. Mutlaka okunmal\u0131.&#8221; Pablo Boczkowski, Northwestern \u00dcniversitesi Bu kitap Schudson\u2019un y\u0131llanm\u0131\u015f birikimin bir \u00fcr\u00fcn\u00fcd\u00fcr. Gazetecili\u011fi neden \u00f6nemsememiz gerekti\u011fine dair \u00f6zl\u00fc, ger\u00e7ek\u00e7i bir metin. Gazetecili\u011fin \u00f6nemini a\u00e7\u0131klamay\u0131 ve gelecekte de varl\u0131\u011f\u0131n\u0131 s\u00fcrd\u00fcrmesini hedefleyen her okulun m\u00fcfredat\u0131nda ilk s\u0131raya yerle\u015fecek bir kitap.\u201d Barbie Zelizer, Pensilvanya \u00dcniversitesi Son y\u0131llarda haber kurulu\u015flar\u0131na y\u00f6neltilen ele\u015ftirilere ve bu kurulu\u015flar\u0131n kar\u015f\u0131la\u015ft\u0131klar\u0131 bir\u00e7ok zorlu\u011fa ra\u011fmen gazetecilik \u00f6nemlidir. Schudson; gazetecilik \u00f6nemlidir, \u00e7\u00fcnk\u00fc her g\u00fcn i\u00e7inde ya\u015fad\u0131klar\u0131 karma\u015f\u0131k ve de\u011fi\u015fen d\u00fcnyada insanlar\u0131n y\u00f6nlerini bulmalar\u0131n\u0131 sa\u011flar, diyor. Gazetecilik \u00f6nemlidir, \u00e7\u00fcnk\u00fc mevcut kamusal sorunlara olgu-merkezli, kan\u0131tlara dayanan bir yakla\u015f\u0131m tarz\u0131 \u00f6nerir. \u00d6nemlidir; \u00e7\u00fcnk\u00fc g\u00fc\u00e7 sahiplerini, \u00f6zellikle de h\u00fck\u00fcmettekileri d\u00fczenli olarak takip eder ve bu ki\u015fileri, sorumlusu olduklar\u0131 tats\u0131z ger\u00e7eklerle ilgili yan\u0131t vermeye zorlayabilir. Gazetecilerin yapt\u0131\u011f\u0131 i\u015f sayesinde yolsuzluk \u00f6nlenir, ak\u0131lc\u0131 olmayan giri\u015fimler durdurulur, kamusal tehlikelerin \u00f6n\u00fcne ge\u00e7ilir. Bu kitap; gazetecileri, asl\u0131nda tam olarak ne yapt\u0131klar\u0131 konusunda derin \u015fekilde d\u00fc\u015f\u00fcnmeye davet ediyor. \u015e\u00fcpheci haber izleyicilerini yaln\u0131zca medyan\u0131n tarafgirli\u011fine de\u011fil, ayn\u0131 zamanda kendi \u00f6nyarg\u0131lar\u0131na ve bu \u00f6nyarg\u0131lar\u0131n bak\u0131\u015f a\u00e7\u0131lar\u0131n\u0131 nas\u0131l \u00e7arp\u0131tabilece\u011fine dikkat etmeye de zorluyor. Bu kitap ayn\u0131 zamanda gazetecili\u011fin; kelimeleri, resimleri veya say\u0131lar\u0131 seven h\u0131rsl\u0131, merakl\u0131 gen\u00e7 insanlar i\u00e7in mesleki bir se\u00e7enek olmas\u0131 umudunu ta\u015f\u0131yor. Kelimeleri, resimleri ve say\u0131lar\u0131; kamusal tart\u0131\u015fmay\u0131 bildik y\u00f6ntemlerle veya hen\u00fcz hayal edilemeyen yollarla geli\u015ftirmek i\u00e7in kullanmak istiyor. <\/p>\n","protected":false},"excerpt":{"rendered":"<p>\u201cMichael Schudson, g\u00fcn\u00fcm\u00fczde gazetecili\u011fin de\u011ferine dair titiz, kapsaml\u0131, dengeli, anlam y\u00fckl\u00fc ve tutkulu bir kitap yazd\u0131. Mutlaka okunmal\u0131.&#8221; Pablo Boczkowski, Northwestern \u00dcniversitesi Bu kitap Schudson\u2019un y\u0131llanm\u0131\u015f<span class=\"excerpt-hellip\"> [\u2026]<\/span><\/p>\n","protected":false},"featured_media":0,"template":"","meta":{"_monsterinsights_skip_tracking":false,"_monsterinsights_sitenote_active":false,"_monsterinsights_sitenote_note":"","_monsterinsights_sitenote_category":0},"product_brand":[],"product_cat":[12573,12566],"product_tag":[],"class_list":{"0":"post-737832","1":"product","2":"type-product","3":"status-publish","5":"product_cat-akademik-kitaplar","6":"product_cat-egitim","7":"pa_cilt-ciltsiz","8":"pa_tur-kitap","9":"pa_yayinevi-umag-yayinevi","10":"pa_yazar-michael-schudson","12":"first","13":"instock","14":"sale","15":"shipping-taxable","16":"purchasable","17":"product-type-simple"},"_links":{"self":[{"href":"https:\/\/roveyayinevi.com.tr\/index.php\/wp-json\/wp\/v2\/product\/737832","targetHints":{"allow":["GET"]}}],"collection":[{"href":"https:\/\/roveyayinevi.com.tr\/index.php\/wp-json\/wp\/v2\/product"}],"about":[{"href":"https:\/\/roveyayinevi.com.tr\/index.php\/wp-json\/wp\/v2\/types\/product"}],"wp:attachment":[{"href":"https:\/\/roveyayinevi.com.tr\/index.php\/wp-json\/wp\/v2\/media?parent=737832"}],"wp:term":[{"taxonomy":"product_brand","embeddable":true,"href":"https:\/\/roveyayinevi.com.tr\/index.php\/wp-json\/wp\/v2\/product_brand?post=737832"},{"taxonomy":"product_cat","embeddable":true,"href":"https:\/\/roveyayinevi.com.tr\/index.php\/wp-json\/wp\/v2\/product_cat?post=737832"},{"taxonomy":"product_tag","embeddable":true,"href":"https:\/\/roveyayinevi.com.tr\/index.php\/wp-json\/wp\/v2\/product_tag?post=737832"}],"curies":[{"name":"wp","href":"https:\/\/api.w.org\/{rel}","templated":true}]}}