{"id":737831,"date":"2025-08-27T23:37:10","date_gmt":"2025-08-27T20:37:10","guid":{"rendered":"https:\/\/roveyayinevi.com.tr\/index.php\/urun\/baglama-metodu\/"},"modified":"2025-11-21T07:39:55","modified_gmt":"2025-11-21T04:39:55","slug":"baglama-metodu","status":"publish","type":"product","link":"https:\/\/roveyayinevi.com.tr\/index.php\/urun\/baglama-metodu\/","title":{"rendered":"Ba\u011flama Metodu"},"content":{"rendered":"<p>Ba\u011flama hakk\u0131nda temel bilgiler. Ba\u011flaman\u0131n tarihi ve geli\u015fimi. Ba\u011flama \u00e7almada ba\u011flaman\u0131n tutulu\u015fu, sol\/sa\u011f elin ba\u011flama sap\u0131ndaki konumu ve durumu. Temel parmak pozisyonlar\u0131. Tezenenin telleri \u00fczerinde kullan\u0131m\u0131 gibi temel davran\u0131\u015f ve becerilerin kavramas\u0131 ve uygulamas\u0131. Notalar\u0131n ba\u011flamadaki yerleri ve bu notalar\u0131n tezene vuru\u015flar\u0131n\u0131n \u00f6\u011frenilmesi. Y\u00f6resel \u00fcslup \u00e7al\u0131\u015fmalar\u0131. Ba\u011flama d\u00fczenine uygun halk m\u00fczi\u011fi repertuvarlar\u0131 olu\u015fturmas\u0131 ama\u00e7lanmaktad\u0131r. <\/p>\n","protected":false},"excerpt":{"rendered":"<p>Ba\u011flama hakk\u0131nda temel bilgiler. Ba\u011flaman\u0131n tarihi ve geli\u015fimi. Ba\u011flama \u00e7almada ba\u011flaman\u0131n tutulu\u015fu, sol\/sa\u011f elin ba\u011flama sap\u0131ndaki konumu ve durumu. Temel parmak pozisyonlar\u0131. Tezenenin telleri \u00fczerinde kullan\u0131m\u0131<span class=\"excerpt-hellip\"> [\u2026]<\/span><\/p>\n","protected":false},"featured_media":0,"template":"","meta":{"_monsterinsights_skip_tracking":false,"_monsterinsights_sitenote_active":false,"_monsterinsights_sitenote_note":"","_monsterinsights_sitenote_category":0},"product_brand":[],"product_cat":[14556,14557],"product_tag":[],"class_list":{"0":"post-737831","1":"product","2":"type-product","3":"status-publish","5":"product_cat-muzik","6":"product_cat-nota-kitaplari","7":"pa_cilt-ciltsiz","8":"pa_tur-kitap","9":"pa_yayinevi-zet-yayinlari","10":"pa_yazar-seydos-dogan","12":"first","13":"instock","14":"sale","15":"shipping-taxable","16":"purchasable","17":"product-type-simple"},"_links":{"self":[{"href":"https:\/\/roveyayinevi.com.tr\/index.php\/wp-json\/wp\/v2\/product\/737831","targetHints":{"allow":["GET"]}}],"collection":[{"href":"https:\/\/roveyayinevi.com.tr\/index.php\/wp-json\/wp\/v2\/product"}],"about":[{"href":"https:\/\/roveyayinevi.com.tr\/index.php\/wp-json\/wp\/v2\/types\/product"}],"wp:attachment":[{"href":"https:\/\/roveyayinevi.com.tr\/index.php\/wp-json\/wp\/v2\/media?parent=737831"}],"wp:term":[{"taxonomy":"product_brand","embeddable":true,"href":"https:\/\/roveyayinevi.com.tr\/index.php\/wp-json\/wp\/v2\/product_brand?post=737831"},{"taxonomy":"product_cat","embeddable":true,"href":"https:\/\/roveyayinevi.com.tr\/index.php\/wp-json\/wp\/v2\/product_cat?post=737831"},{"taxonomy":"product_tag","embeddable":true,"href":"https:\/\/roveyayinevi.com.tr\/index.php\/wp-json\/wp\/v2\/product_tag?post=737831"}],"curies":[{"name":"wp","href":"https:\/\/api.w.org\/{rel}","templated":true}]}}