{"id":737830,"date":"2025-08-27T23:37:09","date_gmt":"2025-08-27T20:37:09","guid":{"rendered":"https:\/\/roveyayinevi.com.tr\/index.php\/urun\/baglama-albumu\/"},"modified":"2026-04-16T02:47:40","modified_gmt":"2026-04-15T23:47:40","slug":"baglama-albumu","status":"publish","type":"product","link":"https:\/\/roveyayinevi.com.tr\/index.php\/urun\/baglama-albumu\/","title":{"rendered":"Ba\u011flama Alb\u00fcm\u00fc"},"content":{"rendered":"<p>BA\u011eLAMA ALB\u00dcM\u00dc\u2019NDE   Ba\u015flang\u0131\u00e7 a\u015famas\u0131 olan \u201cBA\u011eLAMA METODU\u201d nu eksiksiz ve do\u011fru bir \u015fekilde bitirdiyseniz, art\u0131k enstr\u00fcman\u0131za daha fazla h\u00e2kim olman\u0131n zaman\u0131 geldi. \u201cBA\u011eLAMA ALB\u00dcM\u00dc\u201d adl\u0131 kitap \u00e7al\u0131\u015fmas\u0131, i\u00e7erisinde bulundurdu\u011fu \u201cEgzersiz ve Repertuvar\u201d ile sizleri ba\u011flama icras\u0131nda daha iyi bir seviyeye gelmenizi sa\u011flayacakt\u0131r. Bu a\u015fama da sizleri zorlayacak bir repertuvar olabilir. Yapman\u0131z gereken d\u00fczenli ve programl\u0131 bir \u015fekilde \u00e7al\u0131\u015fmak. Kitap i\u00e7erisindeki eserleri hi\u00e7 duymam\u0131\u015f olabilirsiniz, ama bu eserler ba\u011flamada hem teknik d\u00fczey hem de y\u00f6relere daha iyi h\u00e2kim olmakla beraber, farkl\u0131 t\u0131n\u0131lar\u0131n lezzetini sizlere hissettirecektir. Art\u0131k enstr\u00fcman\u0131n\u0131zla b\u00fct\u00fcnle\u015fmeniz gerek, duygu ve d\u00fc\u015f\u00fcncelerinizi enstr\u00fcman\u0131n\u0131za aktar\u0131p, \u00e7\u0131kan t\u0131n\u0131lar\u0131 kendinize ve kar\u015f\u0131ya aktarmal\u0131s\u0131n\u0131z. Unutmay\u0131n ki M\u00fczik ve duygular aras\u0131ndaki ili\u015fki, basmakal\u0131p olacak derecede yayg\u0131n \u015fekilde kurulmaktad\u0131r. \u201cM\u00fczik duygular\u0131n dilidir \u201c. Sizler de duygular\u0131n\u0131z ile enstr\u00fcman\u0131n\u0131z ba\u011flama aras\u0131nda bir ileti\u015fim ba\u011f\u0131 kurun.   \u201cBA\u011eLAMA ALB\u00dcM\u00dc\u201dn\u00fcn, enstr\u00fcman\u0131n\u0131zla aran\u0131zdaki ba\u011f\u0131 kuvvetlendirmesi dile\u011fiyle&#8230; <\/p>\n","protected":false},"excerpt":{"rendered":"<p>BA\u011eLAMA ALB\u00dcM\u00dc\u2019NDE Ba\u015flang\u0131\u00e7 a\u015famas\u0131 olan \u201cBA\u011eLAMA METODU\u201d nu eksiksiz ve do\u011fru bir \u015fekilde bitirdiyseniz, art\u0131k enstr\u00fcman\u0131za daha fazla h\u00e2kim olman\u0131n zaman\u0131 geldi. \u201cBA\u011eLAMA ALB\u00dcM\u00dc\u201d adl\u0131 kitap<span class=\"excerpt-hellip\"> [\u2026]<\/span><\/p>\n","protected":false},"featured_media":0,"template":"","meta":{"_monsterinsights_skip_tracking":false,"_monsterinsights_sitenote_active":false,"_monsterinsights_sitenote_note":"","_monsterinsights_sitenote_category":0},"product_brand":[],"product_cat":[14556,20810],"product_tag":[],"class_list":{"0":"post-737830","1":"product","2":"type-product","3":"status-publish","5":"product_cat-muzik","6":"product_cat-ogrenim-kitaplari","7":"pa_cilt-ciltsiz","8":"pa_tur-kitap","9":"pa_yayinevi-zet-yayinlari","10":"pa_yazar-seydos-dogan","12":"first","13":"instock","14":"sale","15":"shipping-taxable","16":"purchasable","17":"product-type-simple"},"_links":{"self":[{"href":"https:\/\/roveyayinevi.com.tr\/index.php\/wp-json\/wp\/v2\/product\/737830","targetHints":{"allow":["GET"]}}],"collection":[{"href":"https:\/\/roveyayinevi.com.tr\/index.php\/wp-json\/wp\/v2\/product"}],"about":[{"href":"https:\/\/roveyayinevi.com.tr\/index.php\/wp-json\/wp\/v2\/types\/product"}],"wp:attachment":[{"href":"https:\/\/roveyayinevi.com.tr\/index.php\/wp-json\/wp\/v2\/media?parent=737830"}],"wp:term":[{"taxonomy":"product_brand","embeddable":true,"href":"https:\/\/roveyayinevi.com.tr\/index.php\/wp-json\/wp\/v2\/product_brand?post=737830"},{"taxonomy":"product_cat","embeddable":true,"href":"https:\/\/roveyayinevi.com.tr\/index.php\/wp-json\/wp\/v2\/product_cat?post=737830"},{"taxonomy":"product_tag","embeddable":true,"href":"https:\/\/roveyayinevi.com.tr\/index.php\/wp-json\/wp\/v2\/product_tag?post=737830"}],"curies":[{"name":"wp","href":"https:\/\/api.w.org\/{rel}","templated":true}]}}