{"id":737826,"date":"2025-08-27T23:36:32","date_gmt":"2025-08-27T20:36:32","guid":{"rendered":"https:\/\/roveyayinevi.com.tr\/index.php\/urun\/okul-oncesi-egitimi\/"},"modified":"2026-04-16T02:47:40","modified_gmt":"2026-04-15T23:47:40","slug":"okul-oncesi-egitimi","status":"publish","type":"product","link":"https:\/\/roveyayinevi.com.tr\/index.php\/urun\/okul-oncesi-egitimi\/","title":{"rendered":"Okul \u00d6ncesi E\u011fitimi"},"content":{"rendered":"<p>Okul \u00f6ncesi e\u011fitim, \u00e7ocuklar\u0131n hayat\u0131nda en \u00f6nemli zamanlardan biridir. \u0130yi bir erken \u00e7ocukluk e\u011fitimi alan \u00e7ocuklar, bu e\u011fitimi almayan akranlar\u0131 kar\u015f\u0131s\u0131nda sosyal, duygusal, psikolojik \u00fcst\u00fcnl\u00fc\u011f\u00fcn ve geli\u015fmi\u015fli\u011fin yan\u0131nda \u00f6z g\u00fcven, anlay\u0131\u015f, kavrama, yorumlama, analiz etme, el yetenekleri, fiziksel yeteneklerin geli\u015ftirilmesi, ince\u2013kaba motorun geli\u015fmesi, bilgi ve beceri geli\u015ftirmede, akademik anlamda daha ba\u015far\u0131l\u0131 olacaklar\u0131 g\u00f6r\u00fclmektedir.Bu ba\u011flamda okul \u00f6ncesi e\u011fitim her \u00fclkede \u00f6nem arz etmekle beraber \u00fclkemizde \u00e7ok fazla geli\u015ferek geli\u015fmi\u015f \u00fclkeler seviyesine \u00e7\u0131km\u0131\u015ft\u0131r. Yap\u0131lan \u00e7al\u0131\u015fmalar \u00fclkeden \u00fclkeye farkl\u0131l\u0131k g\u00f6steren erken \u00e7ocukluk e\u011fitiminin \u00f6neminin anla\u015f\u0131lmas\u0131 d\u00fcnya \u00fclkelerinin geli\u015fmi\u015flik seviyesinin de y\u00fckselmesine yeni ve sa\u011fl\u0131kl\u0131 nesillerin do\u011fmas\u0131n\u0131 sa\u011flamas\u0131 a\u00e7\u0131s\u0131ndan \u00f6nem ifade etmektedir.S\u00fcrekli geli\u015fen e\u011fitim sistemi d\u00fcnyan\u0131n her yerinde \u00e7e\u015fitli farkl\u0131l\u0131klar g\u00f6stermektedir. Uzman e\u011fitimciler, erken \u00e7ocukluk geli\u015fiminin \u00e7ocu\u011fa verilen e\u011fitim ve bu e\u011fitimin nas\u0131l olaca\u011f\u0131 \u00fczerinde sitemler geli\u015ftirmekte ve uygulamaktad\u0131rlar. D\u00fcnyada yayg\u0131n olarak verilen okul \u00f6ncesi e\u011fitimin (4-6 ya\u015f aras\u0131) T\u00fcrkiye\u2019deki, durumu ile Amerika Birle\u015fik Devletleri, kar\u015f\u0131la\u015ft\u0131rmal\u0131 analizi ve son g\u00fcncel geli\u015fmeleri ele al\u0131nm\u0131\u015ft\u0131r.<\/p>\n","protected":false},"excerpt":{"rendered":"<p>Okul \u00f6ncesi e\u011fitim, \u00e7ocuklar\u0131n hayat\u0131nda en \u00f6nemli zamanlardan biridir. \u0130yi bir erken \u00e7ocukluk e\u011fitimi alan \u00e7ocuklar, bu e\u011fitimi almayan akranlar\u0131 kar\u015f\u0131s\u0131nda sosyal, duygusal, psikolojik \u00fcst\u00fcnl\u00fc\u011f\u00fcn ve<span class=\"excerpt-hellip\"> [\u2026]<\/span><\/p>\n","protected":false},"featured_media":0,"template":"","meta":{"_monsterinsights_skip_tracking":false,"_monsterinsights_sitenote_active":false,"_monsterinsights_sitenote_note":"","_monsterinsights_sitenote_category":0},"product_brand":[],"product_cat":[12573,12566],"product_tag":[],"class_list":{"0":"post-737826","1":"product","2":"type-product","3":"status-publish","5":"product_cat-akademik-kitaplar","6":"product_cat-egitim","7":"pa_cilt-ciltsiz","8":"pa_tur-kitap","9":"pa_yayinevi-zet-akademi-yayinlari","10":"pa_yazar-yildirim-bayezit-deldal","12":"first","13":"instock","14":"sale","15":"shipping-taxable","16":"purchasable","17":"product-type-simple"},"_links":{"self":[{"href":"https:\/\/roveyayinevi.com.tr\/index.php\/wp-json\/wp\/v2\/product\/737826","targetHints":{"allow":["GET"]}}],"collection":[{"href":"https:\/\/roveyayinevi.com.tr\/index.php\/wp-json\/wp\/v2\/product"}],"about":[{"href":"https:\/\/roveyayinevi.com.tr\/index.php\/wp-json\/wp\/v2\/types\/product"}],"wp:attachment":[{"href":"https:\/\/roveyayinevi.com.tr\/index.php\/wp-json\/wp\/v2\/media?parent=737826"}],"wp:term":[{"taxonomy":"product_brand","embeddable":true,"href":"https:\/\/roveyayinevi.com.tr\/index.php\/wp-json\/wp\/v2\/product_brand?post=737826"},{"taxonomy":"product_cat","embeddable":true,"href":"https:\/\/roveyayinevi.com.tr\/index.php\/wp-json\/wp\/v2\/product_cat?post=737826"},{"taxonomy":"product_tag","embeddable":true,"href":"https:\/\/roveyayinevi.com.tr\/index.php\/wp-json\/wp\/v2\/product_tag?post=737826"}],"curies":[{"name":"wp","href":"https:\/\/api.w.org\/{rel}","templated":true}]}}