{"id":737825,"date":"2025-08-27T23:36:31","date_gmt":"2025-08-27T20:36:31","guid":{"rendered":"https:\/\/roveyayinevi.com.tr\/index.php\/urun\/mustafa-kemal-pasa-ile-samsuna-ayak-basan-subaylar-ve-aileleri\/"},"modified":"2026-04-16T02:47:40","modified_gmt":"2026-04-15T23:47:40","slug":"mustafa-kemal-pasa-ile-samsuna-ayak-basan-subaylar-ve-aileleri","status":"publish","type":"product","link":"https:\/\/roveyayinevi.com.tr\/index.php\/urun\/mustafa-kemal-pasa-ile-samsuna-ayak-basan-subaylar-ve-aileleri\/","title":{"rendered":"Mustafa Kemal Pa\u015fa ile Samsun\u2019a Ayak Basan Subaylar ve Aileleri"},"content":{"rendered":"<p>Bu \u00e7al\u0131\u015fma, 19 May\u0131s 1919 tarihinde Mill\u00ee M\u00fccadele yolunda ilk ad\u0131m\u0131 atarak, Mustafa Kemal Pa\u015fa ile Samsun\u2019a ayak basan subaylar\u0131n sosyal ya\u015fant\u0131lar\u0131n\u0131n incelenmesi amac\u0131yla haz\u0131rlanm\u0131\u015ft\u0131r. Ayn\u0131 zamanda meslekleri gere\u011fince, asker\u00ee ve siyas\u00ee y\u00f6nlerine de de\u011finilmi\u015ftir. Ana hedef, subaylar\u0131n asker\u00ee vazifeleri ve sonraki s\u00fcre\u00e7te edindikleri meslekleri kadar hayatlar\u0131na etki etmi\u015f olan e\u015fleri ve \u00e7ocuklar\u0131n\u0131 ara\u015ft\u0131rarak, aile kurumunun birey ya\u015fam\u0131ndaki etkisi \u00fczerine yap\u0131lan de\u011ferlendirmeleri kamuoyuna sunmakt\u0131r. \u00c7al\u0131\u015fma, sosyal ya\u015fant\u0131n\u0131n yan\u0131nda Cumhuriyet D\u00f6nemi T\u00fcrk kad\u0131n\u0131 profilini, tarihin sayfas\u0131na kahraman subaylar\u0131n e\u015flerinin ya\u015fam kalemleriyle \u00e7izilmesi amac\u0131n\u0131 da ta\u015f\u0131makta, bu sayede bu de\u011ferli T\u00fcrk kad\u0131nlar\u0131n\u0131n an\u0131lmas\u0131 ve hat\u0131ralar\u0131n\u0131n daima ya\u015famas\u0131 \u00fcmit edilmektedir.   1. 3. Kolordu Komutan\u0131 Kurmay Albay Refet Bey,   2. M\u00fcfetti\u015flik Kurmay Ba\u015fkan\u0131 Kurmay Albay K\u00e2z\u0131m Bey   3. M\u00fcfetti\u015flik Sa\u011fl\u0131k Ba\u015fkan\u0131 Dr. Albay \u0130brahim Tali Bey,   4. Kurmay Ba\u015fkan\u0131 Yard\u0131mc\u0131s\u0131 Kurmay Yarbay Mehmet Arif Bey,   5. Kararg\u00e2h Erk\u00e2n-\u0131 Harbiyesi \u0130stihbarat ve Siyasiyat \u015eubesi M\u00fcd\u00fcr\u00fc Kurmay Binba\u015f\u0131 H\u00fcsrev Bey,   6. M\u00fcfetti\u015flik Top\u00e7u Kumandan\u0131 Top\u00e7u Binba\u015f\u0131 Kemal Bey,   7. Sa\u011fl\u0131k Ba\u015fkan\u0131 Yard\u0131mc\u0131s\u0131 Dr. Binba\u015f\u0131 Refik Bey,   8. M\u00fcfetti\u015flik Ba\u015fyaveri Y\u00fczba\u015f\u0131 Cevat Abbas Bey, 9. Kurmay M\u00fclhak\u0131 Y\u00fczba\u015f\u0131 M\u00fcmtaz Bey,10. Kurmay M\u00fclhak\u0131 Y\u00fczba\u015f\u0131 \u0130smail Hakk\u0131 Bey,11. M\u00fcfetti\u015flik Emir Subay\u0131 Y\u00fczba\u015f\u0131 Ali \u015eevket Bey,12. Kararg\u00e2h Kumandan\u0131 Y\u00fczba\u015f\u0131 Mustafa Vasfi Bey,13. Dr. Y\u00fczba\u015f\u0131 Beh\u00e7et Adil Bey,14. Kurmay Ba\u015fkan\u0131 Emir Subay\u0131 ve M\u00fcfetti\u015flik Kalem Amiri \u00dcste\u011fmen Hayati Bey,15. Kurmay M\u00fclhak\u0131 \u00dcste\u011fmen Arif Hikmet Bey,16. \u0130a\u015fe Subay\u0131 \u00dcste\u011fmen Abdullah,17. M\u00fcfetti\u015flik \u0130kinci Yaveri Te\u011fmen Muzaffer Bey,18. \u015eifre K\u00e2tibi Faik Bey,19. \u015eifre K\u00e2tibi Yard\u0131mc\u0131s\u0131 Memduh Bey,20. Adli M\u00fc\u015favir Ali R\u0131za Bey,21. Tabur Hesap Memuru Rahmi Efendi,22. Tabur Hesap Memuru Ahmet Nuri Efendi ve23. Yedek Subay Tahir Efendi. <\/p>\n","protected":false},"excerpt":{"rendered":"<p>Bu \u00e7al\u0131\u015fma, 19 May\u0131s 1919 tarihinde Mill\u00ee M\u00fccadele yolunda ilk ad\u0131m\u0131 atarak, Mustafa Kemal Pa\u015fa ile Samsun\u2019a ayak basan subaylar\u0131n sosyal ya\u015fant\u0131lar\u0131n\u0131n incelenmesi amac\u0131yla haz\u0131rlanm\u0131\u015ft\u0131r. Ayn\u0131<span class=\"excerpt-hellip\"> [\u2026]<\/span><\/p>\n","protected":false},"featured_media":0,"template":"","meta":{"_monsterinsights_skip_tracking":false,"_monsterinsights_sitenote_active":false,"_monsterinsights_sitenote_note":"","_monsterinsights_sitenote_category":0},"product_brand":[],"product_cat":[12573,12566],"product_tag":[],"class_list":{"0":"post-737825","1":"product","2":"type-product","3":"status-publish","5":"product_cat-akademik-kitaplar","6":"product_cat-egitim","7":"pa_cilt-ciltsiz","8":"pa_tur-kitap","9":"pa_yayinevi-zet-akademi-yayinlari","10":"pa_yazar-okkes-narinc-hilal-altun","12":"first","13":"instock","14":"sale","15":"shipping-taxable","16":"purchasable","17":"product-type-simple"},"_links":{"self":[{"href":"https:\/\/roveyayinevi.com.tr\/index.php\/wp-json\/wp\/v2\/product\/737825","targetHints":{"allow":["GET"]}}],"collection":[{"href":"https:\/\/roveyayinevi.com.tr\/index.php\/wp-json\/wp\/v2\/product"}],"about":[{"href":"https:\/\/roveyayinevi.com.tr\/index.php\/wp-json\/wp\/v2\/types\/product"}],"wp:attachment":[{"href":"https:\/\/roveyayinevi.com.tr\/index.php\/wp-json\/wp\/v2\/media?parent=737825"}],"wp:term":[{"taxonomy":"product_brand","embeddable":true,"href":"https:\/\/roveyayinevi.com.tr\/index.php\/wp-json\/wp\/v2\/product_brand?post=737825"},{"taxonomy":"product_cat","embeddable":true,"href":"https:\/\/roveyayinevi.com.tr\/index.php\/wp-json\/wp\/v2\/product_cat?post=737825"},{"taxonomy":"product_tag","embeddable":true,"href":"https:\/\/roveyayinevi.com.tr\/index.php\/wp-json\/wp\/v2\/product_tag?post=737825"}],"curies":[{"name":"wp","href":"https:\/\/api.w.org\/{rel}","templated":true}]}}