{"id":737824,"date":"2025-08-27T23:36:30","date_gmt":"2025-08-27T20:36:30","guid":{"rendered":"https:\/\/roveyayinevi.com.tr\/index.php\/urun\/ittihatcilarin-meshur-polis-muduru-ve-beyrut-valisi-azmi-bey\/"},"modified":"2026-04-16T02:47:40","modified_gmt":"2026-04-15T23:47:40","slug":"ittihatcilarin-meshur-polis-muduru-ve-beyrut-valisi-azmi-bey","status":"publish","type":"product","link":"https:\/\/roveyayinevi.com.tr\/index.php\/urun\/ittihatcilarin-meshur-polis-muduru-ve-beyrut-valisi-azmi-bey\/","title":{"rendered":"\u0130ttihat\u00e7\u0131lar\u0131n Me\u015fhur Polis M\u00fcd\u00fcr\u00fc ve Beyrut Valisi Azmi Bey"},"content":{"rendered":"<p>Bu \u00e7al\u0131\u015fma, \u0130ttihat ve Terakkinin y\u00f6netiminde Osmanl\u0131 idaresinde yer alm\u0131\u015f ve daha \u00e7ok Polis M\u00fcd\u00fcrl\u00fc\u011f\u00fc ve Beyrut Valili\u011fi g\u00f6revleriyle \u00fcnlenmi\u015f H\u00fcseyin Azmi Bey\u2019i anlatmaktad\u0131r. Bu kitapla birlikte Osmanl\u0131 Devleti\u2019nin son d\u00f6nemi ile birlikte, Cumhuriyet\u2019in ilk d\u00f6neminde meydana gelen siyasal \u00e7at\u0131\u015fmalar\u0131, ittihat\u00e7\u0131 kimli\u011fi ile \u00fcnlenen polis m\u00fcd\u00fcr\u00fcn\u00fcn g\u00f6z\u00fcnden tan\u0131kl\u0131k edeceksiniz.   Sultan Vahdettin\u2019i \u015fehzadeli\u011fi s\u0131ras\u0131nda tutuklatt\u0131racak kadar vazifesever olan Azmi Bey, \u0130ttihat ve Terakkinin iktidar\u0131 s\u0131ras\u0131nda kilit g\u00f6revlerin aran\u0131lan adam\u0131 olmu\u015ftur. \u0130ttihat ve Terakkinin \u00f6nde gelen isimleri ile devletin kaderine y\u00f6n veren kararlara imza atm\u0131\u015f olan Azmi Bey, s\u0131ras\u0131 ve yeri geldi\u011finde sahalara da inerek zor ve \u00e7etrefilli g\u00f6revlerin \u00fcstesinden gelmi\u015ftir. Kendisine verilen hi\u00e7bir g\u00f6rev ve sorumluluktan ka\u00e7mam\u0131\u015ft\u0131r. Bu nedenledir ki kendi deyi\u015fi ile siyaset adam\u0131ndan daha \u00e7ok idare adam\u0131d\u0131r.   Babas\u0131 Osman Nesib Bey nas\u0131l ki Sultan II. Abd\u00fclhamid\u2019in en yak\u0131n hizmetlilerinden olmu\u015fsa kendisi de ittihat\u00e7\u0131 liderlerin her daim hizmetinde yer alm\u0131\u015ft\u0131r. Bu nedenle ittihat\u00e7\u0131 liderler, I. D\u00fcnya Sava\u015f\u0131 sonras\u0131nda yurdu terk ederlerken, geride b\u0131rak\u0131lamayacak kadar de\u011ferli bulduklar\u0131ndan dolay\u0131 Azmi Bey\u2019i geride b\u0131rakmayarak yanlar\u0131na alm\u0131\u015flard\u0131r.   Okuyucular Azmi Bey hakk\u0131nda bir\u00e7ok ayr\u0131nt\u0131y\u0131 bu kitapta bulabilir.<\/p>\n","protected":false},"excerpt":{"rendered":"<p>Bu \u00e7al\u0131\u015fma, \u0130ttihat ve Terakkinin y\u00f6netiminde Osmanl\u0131 idaresinde yer alm\u0131\u015f ve daha \u00e7ok Polis M\u00fcd\u00fcrl\u00fc\u011f\u00fc ve Beyrut Valili\u011fi g\u00f6revleriyle \u00fcnlenmi\u015f H\u00fcseyin Azmi Bey\u2019i anlatmaktad\u0131r. Bu kitapla<span class=\"excerpt-hellip\"> [\u2026]<\/span><\/p>\n","protected":false},"featured_media":0,"template":"","meta":{"_monsterinsights_skip_tracking":false,"_monsterinsights_sitenote_active":false,"_monsterinsights_sitenote_note":"","_monsterinsights_sitenote_category":0},"product_brand":[],"product_cat":[12573,12566],"product_tag":[],"class_list":{"0":"post-737824","1":"product","2":"type-product","3":"status-publish","5":"product_cat-akademik-kitaplar","6":"product_cat-egitim","7":"pa_cilt-ciltsiz","8":"pa_tur-kitap","9":"pa_yayinevi-zet-akademi-yayinlari","10":"pa_yazar-cemal-tepe","12":"first","13":"instock","14":"sale","15":"shipping-taxable","16":"purchasable","17":"product-type-simple"},"_links":{"self":[{"href":"https:\/\/roveyayinevi.com.tr\/index.php\/wp-json\/wp\/v2\/product\/737824","targetHints":{"allow":["GET"]}}],"collection":[{"href":"https:\/\/roveyayinevi.com.tr\/index.php\/wp-json\/wp\/v2\/product"}],"about":[{"href":"https:\/\/roveyayinevi.com.tr\/index.php\/wp-json\/wp\/v2\/types\/product"}],"wp:attachment":[{"href":"https:\/\/roveyayinevi.com.tr\/index.php\/wp-json\/wp\/v2\/media?parent=737824"}],"wp:term":[{"taxonomy":"product_brand","embeddable":true,"href":"https:\/\/roveyayinevi.com.tr\/index.php\/wp-json\/wp\/v2\/product_brand?post=737824"},{"taxonomy":"product_cat","embeddable":true,"href":"https:\/\/roveyayinevi.com.tr\/index.php\/wp-json\/wp\/v2\/product_cat?post=737824"},{"taxonomy":"product_tag","embeddable":true,"href":"https:\/\/roveyayinevi.com.tr\/index.php\/wp-json\/wp\/v2\/product_tag?post=737824"}],"curies":[{"name":"wp","href":"https:\/\/api.w.org\/{rel}","templated":true}]}}