{"id":737823,"date":"2025-08-27T23:36:30","date_gmt":"2025-08-27T20:36:30","guid":{"rendered":"https:\/\/roveyayinevi.com.tr\/index.php\/urun\/ev-oyunlari\/"},"modified":"2026-04-16T02:47:40","modified_gmt":"2026-04-15T23:47:40","slug":"ev-oyunlari","status":"publish","type":"product","link":"https:\/\/roveyayinevi.com.tr\/index.php\/urun\/ev-oyunlari\/","title":{"rendered":"Ev Oyunlar\u0131"},"content":{"rendered":"<p>Oyun \u00e7ocu\u011fun geli\u015fim sahas\u0131d\u0131r. \u00c7ocuklar oyunlar sayesinde kendilerini ke\u015ffetme imkan\u0131 bulur ve problem \u00e7\u00f6zme f\u0131rsatlar\u0131n\u0131 yakalayabilir. \u00c7ocuk oyun oynayarak hayata haz\u0131rl\u0131k ve gelece\u011fi prova etme denemeleri yapabilir.   \u0130\u00e7inde bulundu\u011fumuz pandemi d\u00f6neminde oyunun \u00f6nemi bir kez daha g\u00fcn y\u00fcz\u00fcne \u00e7\u0131km\u0131\u015ft\u0131r. COV\u0130D-19 tedbirleri kapsam\u0131nda uygulanan k\u0131s\u0131tlamalar sebebiyle, \u00e7ocuklar\u0131m\u0131z daha \u00e7ok evde vakit ge\u00e7irmek zorunda kalm\u0131\u015ft\u0131r. Evde bulunan zaman\u0131n artmas\u0131na paralel olarak teknoloji ba\u011f\u0131ml\u0131l\u0131\u011f\u0131 da art\u0131\u015f g\u00f6stermeye ba\u015flam\u0131\u015ft\u0131r. Art\u0131k \u00e7ocuklar\u0131m\u0131z daha \u00e7ok sanal oyun oynamaya ve bu oyunlardaki direktif ve kurallar\u0131 benimseyerek ger\u00e7ek hayattan ve sosyalle\u015fmeden kopu\u015f noktas\u0131na s\u00fcr\u00fcklenmektedir.   \u0130\u015fte tam bu noktada; anne babalar\u0131 \u00e7ocuklu\u011funa g\u00f6t\u00fcrecek, \u00e7ocuklara \u00e7ocuklu\u011funu ya\u015fatacak ve onlara g\u00fcvenli ba\u011flanma ortam\u0131 sunarak teknoloji ba\u011f\u0131ml\u0131l\u0131\u011f\u0131ndan kurtar\u0131p koruyacak, ba\u011f\u0131ml\u0131l\u0131ksavar geleneksel \u00e7ocuk oyunlar\u0131 imdad\u0131m\u0131za yeti\u015fmektedir. Bu eserde alt\u0131s\u0131 \u015fahs\u0131ma ait 70 adet evde oynanabilecek geleneksel \u00e7ocuk oyunu derlenmi\u015ftir. Eser \u00e7ocuk oyunlar\u0131 bak\u0131m\u0131ndan k\u0131lavuz kitap niteli\u011fi ta\u015f\u0131maktad\u0131r. \u00dcniversitelerin \u00e7ocuk geli\u015fimi, s\u0131n\u0131f \u00f6\u011fretmenli\u011fi, sosyal bilgiler \u00f6\u011fretmenli\u011fi, okul \u00f6ncesi \u00f6\u011fretmenli\u011fi, beden e\u011fitimi \u00f6\u011fretmenli\u011fi b\u00f6l\u00fcmlerinde yard\u0131mc\u0131 kaynak olarak kullan\u0131lmak \u00fczere haz\u0131rlanm\u0131\u015ft\u0131r.   Ailecek evde kaliteli zaman ge\u00e7irebilmek ad\u0131na, t\u00fcm aile fertlerinin bu \u00e7ocuk oyunlar\u0131n\u0131 \u00f6\u011frenip \u00f6\u011freterek uygulamalar\u0131 gerekmektedir. B\u00f6ylelikle aile i\u00e7i sosyalle\u015fme artarak aile ba\u011flar\u0131 kuvvetlenecektir. Toplumun temeli ve \u00e7ocu\u011fun kalesi ailenin psiko-sosyal sa\u011fl\u0131\u011f\u0131na katk\u0131da bulunmak herkesin sosyal sorumlulu\u011fudur. Bu bilin\u00e7le yola \u00e7\u0131k\u0131lan bu kitab\u0131n \u00e7ocuklar\u0131m\u0131za ve aile fertlerine g\u00fczel zamanlar ve tatl\u0131 hat\u0131ralar ya\u015fatmas\u0131 \u00fcmidiyle\u2026 <\/p>\n","protected":false},"excerpt":{"rendered":"<p>Oyun \u00e7ocu\u011fun geli\u015fim sahas\u0131d\u0131r. \u00c7ocuklar oyunlar sayesinde kendilerini ke\u015ffetme imkan\u0131 bulur ve problem \u00e7\u00f6zme f\u0131rsatlar\u0131n\u0131 yakalayabilir. \u00c7ocuk oyun oynayarak hayata haz\u0131rl\u0131k ve gelece\u011fi prova etme denemeleri<span class=\"excerpt-hellip\"> [\u2026]<\/span><\/p>\n","protected":false},"featured_media":0,"template":"","meta":{"_monsterinsights_skip_tracking":false,"_monsterinsights_sitenote_active":false,"_monsterinsights_sitenote_note":"","_monsterinsights_sitenote_category":0},"product_brand":[],"product_cat":[12573,12566],"product_tag":[],"class_list":{"0":"post-737823","1":"product","2":"type-product","3":"status-publish","5":"product_cat-akademik-kitaplar","6":"product_cat-egitim","7":"pa_cilt-ciltsiz","8":"pa_tur-kitap","9":"pa_yayinevi-zet-akademi-yayinlari","10":"pa_yazar-recai-akay","12":"first","13":"instock","14":"sale","15":"shipping-taxable","16":"purchasable","17":"product-type-simple"},"_links":{"self":[{"href":"https:\/\/roveyayinevi.com.tr\/index.php\/wp-json\/wp\/v2\/product\/737823","targetHints":{"allow":["GET"]}}],"collection":[{"href":"https:\/\/roveyayinevi.com.tr\/index.php\/wp-json\/wp\/v2\/product"}],"about":[{"href":"https:\/\/roveyayinevi.com.tr\/index.php\/wp-json\/wp\/v2\/types\/product"}],"wp:attachment":[{"href":"https:\/\/roveyayinevi.com.tr\/index.php\/wp-json\/wp\/v2\/media?parent=737823"}],"wp:term":[{"taxonomy":"product_brand","embeddable":true,"href":"https:\/\/roveyayinevi.com.tr\/index.php\/wp-json\/wp\/v2\/product_brand?post=737823"},{"taxonomy":"product_cat","embeddable":true,"href":"https:\/\/roveyayinevi.com.tr\/index.php\/wp-json\/wp\/v2\/product_cat?post=737823"},{"taxonomy":"product_tag","embeddable":true,"href":"https:\/\/roveyayinevi.com.tr\/index.php\/wp-json\/wp\/v2\/product_tag?post=737823"}],"curies":[{"name":"wp","href":"https:\/\/api.w.org\/{rel}","templated":true}]}}