{"id":737822,"date":"2025-08-27T23:36:29","date_gmt":"2025-08-27T20:36:29","guid":{"rendered":"https:\/\/roveyayinevi.com.tr\/index.php\/urun\/turk-muziginin-temeli-olarak-halk-muzigi-teorisi-ve-uygulamasi-1\/"},"modified":"2026-04-16T02:47:40","modified_gmt":"2026-04-15T23:47:40","slug":"turk-muziginin-temeli-olarak-halk-muzigi-teorisi-ve-uygulamasi-1","status":"publish","type":"product","link":"https:\/\/roveyayinevi.com.tr\/index.php\/urun\/turk-muziginin-temeli-olarak-halk-muzigi-teorisi-ve-uygulamasi-1\/","title":{"rendered":"T\u00fcrk M\u00fczi\u011finin Temeli Olarak Halk M\u00fczi\u011fi Teorisi Ve Uygulamas\u0131 &#8211; 1"},"content":{"rendered":"<p>Halk m\u00fczi\u011fi da\u011far\u0131, k\u00fclt\u00fcrel aktar\u0131m zemininde, ortak haf\u0131za ve g\u00f6reneksel uygulamalar ile \u015fekillenmi\u015f oldu\u011fundan t\u00fcrk\u00fc ve ezgiler, bu m\u00fczi\u011fe \u00f6zg\u00fc perde, aral\u0131k, d\u00fczen, na\u011fme, makam, terkip, nakre, darp, vezin, ika ve us\u00fblleri \u00f6\u011frenmek isteyenler i\u00e7in en temel, en do\u011fru, en g\u00fcvenilir ve en karakteristik \u00f6rnekleri i\u00e7erir. Bu kitapta T\u00fcrk Halk M\u00fczi\u011fi, Anadolu merkezli m\u00fczi\u011fin temeli olarak de\u011ferlendirilmi\u015f ve kuramsal d\u00fczlemde b\u00fct\u00fcnl\u00fckl\u00fc bir T\u00fcrk m\u00fczi\u011fi anlay\u0131\u015f\u0131n\u0131n geli\u015fimine katk\u0131 sa\u011flamak amac\u0131yla -al\u0131\u015f\u0131lagelmi\u015fin d\u0131\u015f\u0131nda- yepyeni bir i\u00e7erik, notasyon ve terminolojiyle ele al\u0131nm\u0131\u015ft\u0131r. Perde, makam ve us\u00fbllerin \u00f6\u011fretimi i\u00e7in burada verilen se\u00e7ki, solfej \u00e7al\u0131\u015fmalar\u0131nda da kullan\u0131labilecek \u015fekilde olu\u015fturulmu\u015ftur. Kitapta yer verilen t\u00fcm \u00f6rnekler, halk m\u00fczi\u011fi perdelerini seslendirmeye uygun sazlarla \u00e7al\u0131nmal\u0131d\u0131r.  Uygulama i\u00e7in tanbura, ba\u011flama ve abdal saz\u0131 olmak \u00fczere \u00fc\u00e7 ana \u00e7alg\u0131n\u0131n tel, perde, parmak ve vuru\u015f \u00f6rneklerine yer verilmi\u015ftir. Kitab\u0131n halk m\u00fczi\u011fini tan\u0131mak ve \u00f6\u011frenmek isteyen t\u00fcm ilgililere, uzmanlara,  m\u00fczik \u00f6\u011fretmenli\u011fi, m\u00fczik \u00fcniversitesi ve konservatuvar \u00f6\u011frencileri ile m\u00fczik kuramc\u0131lar\u0131na, icrac\u0131lara, e\u011fitimcilere ve ara\u015ft\u0131rmac\u0131lara yararl\u0131 olmas\u0131n\u0131 dile\u011fiyle. <\/p>\n","protected":false},"excerpt":{"rendered":"<p>Halk m\u00fczi\u011fi da\u011far\u0131, k\u00fclt\u00fcrel aktar\u0131m zemininde, ortak haf\u0131za ve g\u00f6reneksel uygulamalar ile \u015fekillenmi\u015f oldu\u011fundan t\u00fcrk\u00fc ve ezgiler, bu m\u00fczi\u011fe \u00f6zg\u00fc perde, aral\u0131k, d\u00fczen, na\u011fme, makam, terkip,<span class=\"excerpt-hellip\"> [\u2026]<\/span><\/p>\n","protected":false},"featured_media":0,"template":"","meta":{"_monsterinsights_skip_tracking":false,"_monsterinsights_sitenote_active":false,"_monsterinsights_sitenote_note":"","_monsterinsights_sitenote_category":0},"product_brand":[],"product_cat":[14591,14556],"product_tag":[],"class_list":{"0":"post-737822","1":"product","2":"type-product","3":"status-publish","5":"product_cat-genel-kavramlar-kuram-ve-tarihce","6":"product_cat-muzik","7":"pa_cilt-ciltsiz","8":"pa_tur-kitap","9":"pa_yayinevi-muzik-egitimi-yayinlari","10":"pa_yazar-okan-murat-ozturk","12":"first","13":"instock","14":"sale","15":"shipping-taxable","16":"purchasable","17":"product-type-simple"},"_links":{"self":[{"href":"https:\/\/roveyayinevi.com.tr\/index.php\/wp-json\/wp\/v2\/product\/737822","targetHints":{"allow":["GET"]}}],"collection":[{"href":"https:\/\/roveyayinevi.com.tr\/index.php\/wp-json\/wp\/v2\/product"}],"about":[{"href":"https:\/\/roveyayinevi.com.tr\/index.php\/wp-json\/wp\/v2\/types\/product"}],"wp:attachment":[{"href":"https:\/\/roveyayinevi.com.tr\/index.php\/wp-json\/wp\/v2\/media?parent=737822"}],"wp:term":[{"taxonomy":"product_brand","embeddable":true,"href":"https:\/\/roveyayinevi.com.tr\/index.php\/wp-json\/wp\/v2\/product_brand?post=737822"},{"taxonomy":"product_cat","embeddable":true,"href":"https:\/\/roveyayinevi.com.tr\/index.php\/wp-json\/wp\/v2\/product_cat?post=737822"},{"taxonomy":"product_tag","embeddable":true,"href":"https:\/\/roveyayinevi.com.tr\/index.php\/wp-json\/wp\/v2\/product_tag?post=737822"}],"curies":[{"name":"wp","href":"https:\/\/api.w.org\/{rel}","templated":true}]}}